{"id":194,"date":"2024-01-30T10:56:45","date_gmt":"2024-01-30T10:56:45","guid":{"rendered":"http:\/\/3.66.126.171\/?page_id=194"},"modified":"2025-12-29T11:10:18","modified_gmt":"2025-12-29T09:10:18","slug":"piebiedroties","status":"publish","type":"page","link":"https:\/\/www.trikan.lv\/lt\/piebiedroties\/","title":{"rendered":"Prisijungti"},"content":{"rendered":"<div data-elementor-type=\"wp-page\" data-elementor-id=\"194\" class=\"elementor elementor-194\">\n\t\t\t\t<div class=\"elementor-element elementor-element-622c4a4 e-flex e-con-boxed e-con e-parent\" data-id=\"622c4a4\" data-element_type=\"container\">\n\t\t\t\t\t<div class=\"e-con-inner\">\n\t\t\t\t<div class=\"elementor-element elementor-element-db581c5 elementor-widget elementor-widget-spacer\" data-id=\"db581c5\" data-element_type=\"widget\" data-widget_type=\"spacer.default\">\n\t\t\t\t<div class=\"elementor-widget-container\">\n\t\t\t\t\t<div class=\"elementor-spacer\">\n\t\t\t<div class=\"elementor-spacer-inner\"><\/div>\n\t\t<\/div>\n\t\t\t\t<\/div>\n\t\t\t\t<\/div>\n\t\t\t\t\t<\/div>\n\t\t\t\t<\/div>\n\t\t<div class=\"elementor-element elementor-element-76f55e5 e-flex e-con-boxed e-con e-parent\" data-id=\"76f55e5\" data-element_type=\"container\">\n\t\t\t\t\t<div class=\"e-con-inner\">\n\t\t<div class=\"elementor-element elementor-element-7d37301 e-con-full e-flex e-con e-child\" data-id=\"7d37301\" data-element_type=\"container\">\n\t\t\t\t<div class=\"elementor-element elementor-element-11f7e9f elementor-widget elementor-widget-image\" data-id=\"11f7e9f\" data-element_type=\"widget\" data-widget_type=\"image.default\">\n\t\t\t\t<div class=\"elementor-widget-container\">\n\t\t\t\t\t\t\t\t\t\t\t\t\t<img fetchpriority=\"high\" decoding=\"async\" width=\"800\" height=\"800\" src=\"https:\/\/www.trikan.lv\/wp-content\/uploads\/2025\/02\/1G0A3110-1024x1024.jpg\" class=\"attachment-large size-large wp-image-1066\" alt=\"\" srcset=\"https:\/\/www.trikan.lv\/wp-content\/uploads\/2025\/02\/1G0A3110-1024x1024.jpg 1024w, https:\/\/www.trikan.lv\/wp-content\/uploads\/2025\/02\/1G0A3110-300x300.jpg 300w, https:\/\/www.trikan.lv\/wp-content\/uploads\/2025\/02\/1G0A3110-150x150.jpg 150w, https:\/\/www.trikan.lv\/wp-content\/uploads\/2025\/02\/1G0A3110-768x768.jpg 768w, https:\/\/www.trikan.lv\/wp-content\/uploads\/2025\/02\/1G0A3110-1536x1536.jpg 1536w, https:\/\/www.trikan.lv\/wp-content\/uploads\/2025\/02\/1G0A3110-2048x2048.jpg 2048w\" sizes=\"(max-width: 800px) 100vw, 800px\" \/>\t\t\t\t\t\t\t\t\t\t\t\t\t<\/div>\n\t\t\t\t<\/div>\n\t\t\t\t<\/div>\n\t\t<div class=\"elementor-element elementor-element-a8b0274 e-con-full e-flex e-con e-child\" data-id=\"a8b0274\" data-element_type=\"container\">\n\t\t\t\t<div class=\"elementor-element elementor-element-a6943bc elementor-widget elementor-widget-image\" data-id=\"a6943bc\" data-element_type=\"widget\" data-widget_type=\"image.default\">\n\t\t\t\t<div class=\"elementor-widget-container\">\n\t\t\t\t\t\t\t\t\t\t\t\t\t<img decoding=\"async\" width=\"800\" height=\"800\" src=\"https:\/\/www.trikan.lv\/wp-content\/uploads\/2025\/02\/1G0A1704-1024x1024.jpg\" class=\"attachment-large size-large wp-image-1057\" alt=\"\" srcset=\"https:\/\/www.trikan.lv\/wp-content\/uploads\/2025\/02\/1G0A1704-1024x1024.jpg 1024w, https:\/\/www.trikan.lv\/wp-content\/uploads\/2025\/02\/1G0A1704-300x300.jpg 300w, https:\/\/www.trikan.lv\/wp-content\/uploads\/2025\/02\/1G0A1704-150x150.jpg 150w, https:\/\/www.trikan.lv\/wp-content\/uploads\/2025\/02\/1G0A1704-768x768.jpg 768w, https:\/\/www.trikan.lv\/wp-content\/uploads\/2025\/02\/1G0A1704-1536x1536.jpg 1536w, https:\/\/www.trikan.lv\/wp-content\/uploads\/2025\/02\/1G0A1704-2048x2048.jpg 2048w\" sizes=\"(max-width: 800px) 100vw, 800px\" \/>\t\t\t\t\t\t\t\t\t\t\t\t\t<\/div>\n\t\t\t\t<\/div>\n\t\t\t\t<\/div>\n\t\t<div class=\"elementor-element elementor-element-888a48b e-con-full e-flex e-con e-child\" data-id=\"888a48b\" data-element_type=\"container\">\n\t\t\t\t<div class=\"elementor-element elementor-element-e6779e6 elementor-widget elementor-widget-image\" data-id=\"e6779e6\" data-element_type=\"widget\" data-widget_type=\"image.default\">\n\t\t\t\t<div class=\"elementor-widget-container\">\n\t\t\t\t\t\t\t\t\t\t\t\t\t<img decoding=\"async\" width=\"800\" height=\"800\" src=\"https:\/\/www.trikan.lv\/wp-content\/uploads\/2025\/02\/480325571_602316606290051_7108696266312027781_n-1024x1024.jpg\" class=\"attachment-large size-large wp-image-1062\" alt=\"\" srcset=\"https:\/\/www.trikan.lv\/wp-content\/uploads\/2025\/02\/480325571_602316606290051_7108696266312027781_n-1024x1024.jpg 1024w, https:\/\/www.trikan.lv\/wp-content\/uploads\/2025\/02\/480325571_602316606290051_7108696266312027781_n-300x300.jpg 300w, https:\/\/www.trikan.lv\/wp-content\/uploads\/2025\/02\/480325571_602316606290051_7108696266312027781_n-150x150.jpg 150w, https:\/\/www.trikan.lv\/wp-content\/uploads\/2025\/02\/480325571_602316606290051_7108696266312027781_n-768x768.jpg 768w, https:\/\/www.trikan.lv\/wp-content\/uploads\/2025\/02\/480325571_602316606290051_7108696266312027781_n.jpg 1500w\" sizes=\"(max-width: 800px) 100vw, 800px\" \/>\t\t\t\t\t\t\t\t\t\t\t\t\t<\/div>\n\t\t\t\t<\/div>\n\t\t\t\t<\/div>\n\t\t<div class=\"elementor-element elementor-element-cfc83fd e-con-full e-flex e-con e-child\" data-id=\"cfc83fd\" data-element_type=\"container\">\n\t\t\t\t<div class=\"elementor-element elementor-element-a2893b6 elementor-widget elementor-widget-image\" data-id=\"a2893b6\" data-element_type=\"widget\" data-widget_type=\"image.default\">\n\t\t\t\t<div class=\"elementor-widget-container\">\n\t\t\t\t\t\t\t\t\t\t\t\t\t<img loading=\"lazy\" decoding=\"async\" width=\"800\" height=\"800\" src=\"https:\/\/www.trikan.lv\/wp-content\/uploads\/2025\/02\/456183438_429376973584016_6749124054979279098_n-1024x1024.jpg\" class=\"attachment-large size-large wp-image-1060\" alt=\"\" srcset=\"https:\/\/www.trikan.lv\/wp-content\/uploads\/2025\/02\/456183438_429376973584016_6749124054979279098_n-1024x1024.jpg 1024w, https:\/\/www.trikan.lv\/wp-content\/uploads\/2025\/02\/456183438_429376973584016_6749124054979279098_n-300x300.jpg 300w, https:\/\/www.trikan.lv\/wp-content\/uploads\/2025\/02\/456183438_429376973584016_6749124054979279098_n-150x150.jpg 150w, https:\/\/www.trikan.lv\/wp-content\/uploads\/2025\/02\/456183438_429376973584016_6749124054979279098_n-768x768.jpg 768w, https:\/\/www.trikan.lv\/wp-content\/uploads\/2025\/02\/456183438_429376973584016_6749124054979279098_n.jpg 1365w\" sizes=\"(max-width: 800px) 100vw, 800px\" \/>\t\t\t\t\t\t\t\t\t\t\t\t\t<\/div>\n\t\t\t\t<\/div>\n\t\t\t\t<\/div>\n\t\t<div class=\"elementor-element elementor-element-ae661bd e-con-full e-flex e-con e-child\" data-id=\"ae661bd\" data-element_type=\"container\">\n\t\t\t\t<div class=\"elementor-element elementor-element-ff93a8d elementor-widget elementor-widget-image\" data-id=\"ff93a8d\" data-element_type=\"widget\" data-widget_type=\"image.default\">\n\t\t\t\t<div class=\"elementor-widget-container\">\n\t\t\t\t\t\t\t\t\t\t\t\t\t<img loading=\"lazy\" decoding=\"async\" width=\"800\" height=\"800\" src=\"https:\/\/www.trikan.lv\/wp-content\/uploads\/2025\/02\/1G0A2344-1024x1024.jpg\" class=\"attachment-large size-large wp-image-1064\" alt=\"\" srcset=\"https:\/\/www.trikan.lv\/wp-content\/uploads\/2025\/02\/1G0A2344-1024x1024.jpg 1024w, https:\/\/www.trikan.lv\/wp-content\/uploads\/2025\/02\/1G0A2344-300x300.jpg 300w, https:\/\/www.trikan.lv\/wp-content\/uploads\/2025\/02\/1G0A2344-150x150.jpg 150w, https:\/\/www.trikan.lv\/wp-content\/uploads\/2025\/02\/1G0A2344-768x768.jpg 768w, https:\/\/www.trikan.lv\/wp-content\/uploads\/2025\/02\/1G0A2344-1536x1536.jpg 1536w, https:\/\/www.trikan.lv\/wp-content\/uploads\/2025\/02\/1G0A2344-2048x2048.jpg 2048w\" sizes=\"(max-width: 800px) 100vw, 800px\" \/>\t\t\t\t\t\t\t\t\t\t\t\t\t<\/div>\n\t\t\t\t<\/div>\n\t\t\t\t<\/div>\n\t\t<div class=\"elementor-element elementor-element-1f5de4f e-con-full e-flex e-con e-child\" data-id=\"1f5de4f\" data-element_type=\"container\">\n\t\t\t\t<div class=\"elementor-element elementor-element-c41ffbe elementor-widget elementor-widget-image\" data-id=\"c41ffbe\" data-element_type=\"widget\" data-widget_type=\"image.default\">\n\t\t\t\t<div class=\"elementor-widget-container\">\n\t\t\t\t\t\t\t\t\t\t\t\t\t<img loading=\"lazy\" decoding=\"async\" width=\"800\" height=\"800\" src=\"https:\/\/www.trikan.lv\/wp-content\/uploads\/2025\/02\/456486184_429380553583658_4595318170875531115_n-1024x1024.jpg\" class=\"attachment-large size-large wp-image-1058\" alt=\"\" srcset=\"https:\/\/www.trikan.lv\/wp-content\/uploads\/2025\/02\/456486184_429380553583658_4595318170875531115_n-1024x1024.jpg 1024w, https:\/\/www.trikan.lv\/wp-content\/uploads\/2025\/02\/456486184_429380553583658_4595318170875531115_n-300x300.jpg 300w, https:\/\/www.trikan.lv\/wp-content\/uploads\/2025\/02\/456486184_429380553583658_4595318170875531115_n-150x150.jpg 150w, https:\/\/www.trikan.lv\/wp-content\/uploads\/2025\/02\/456486184_429380553583658_4595318170875531115_n-768x768.jpg 768w, https:\/\/www.trikan.lv\/wp-content\/uploads\/2025\/02\/456486184_429380553583658_4595318170875531115_n.jpg 1365w\" sizes=\"(max-width: 800px) 100vw, 800px\" \/>\t\t\t\t\t\t\t\t\t\t\t\t\t<\/div>\n\t\t\t\t<\/div>\n\t\t\t\t<\/div>\n\t\t\t\t\t<\/div>\n\t\t\t\t<\/div>\n\t\t<div class=\"elementor-element elementor-element-559b0f1 e-flex e-con-boxed e-con e-parent\" data-id=\"559b0f1\" data-element_type=\"container\">\n\t\t\t\t\t<div class=\"e-con-inner\">\n\t\t<div class=\"elementor-element elementor-element-0e5cdc6 e-con-full e-flex e-con e-child\" data-id=\"0e5cdc6\" data-element_type=\"container\">\n\t\t\t\t<div class=\"elementor-element elementor-element-6c5c758 elementor-widget elementor-widget-heading\" data-id=\"6c5c758\" data-element_type=\"widget\" data-widget_type=\"heading.default\">\n\t\t\t\t<div class=\"elementor-widget-container\">\n\t\t\t<h2 class=\"elementor-heading-title elementor-size-large\"><br>Ko reikia?<\/h2>\t\t<\/div>\n\t\t\t\t<\/div>\n\t\t\t\t<\/div>\n\t\t<div class=\"elementor-element elementor-element-d35c231 e-con-full e-flex e-con e-child\" data-id=\"d35c231\" data-element_type=\"container\">\n\t\t\t\t<div class=\"elementor-element elementor-element-a28080b elementor-widget elementor-widget-heading\" data-id=\"a28080b\" data-element_type=\"widget\" data-widget_type=\"heading.default\">\n\t\t\t\t<div class=\"elementor-widget-container\">\n\t\t\t<h2 class=\"elementor-heading-title elementor-size-large\"><br>Kiek tai kainuoja?<\/h2>\t\t<\/div>\n\t\t\t\t<\/div>\n\t\t\t\t<\/div>\n\t\t<div class=\"elementor-element elementor-element-a3219ef e-con-full e-flex e-con e-child\" data-id=\"a3219ef\" data-element_type=\"container\">\n\t\t\t\t<div class=\"elementor-element elementor-element-1f62c0b elementor-widget elementor-widget-heading\" data-id=\"1f62c0b\" data-element_type=\"widget\" data-widget_type=\"heading.default\">\n\t\t\t\t<div class=\"elementor-widget-container\">\n\t\t\t<h2 class=\"elementor-heading-title elementor-size-large\"><br>K\u0105 man tai duos?<\/h2>\t\t<\/div>\n\t\t\t\t<\/div>\n\t\t\t\t<\/div>\n\t\t<div class=\"elementor-element elementor-element-535b9a4 e-con-full e-flex e-con e-child\" data-id=\"535b9a4\" data-element_type=\"container\">\n\t\t\t\t<div class=\"elementor-element elementor-element-5a007eb elementor-widget elementor-widget-text-editor\" data-id=\"5a007eb\" data-element_type=\"widget\" data-widget_type=\"text-editor.default\">\n\t\t\t\t<div class=\"elementor-widget-container\">\n\t\t\t\t\t\t\t<p>\u00a0<\/p><ul><li><h6><span style=\"color: inherit; font-family: inherit; font-size: 1rem; background-color: transparent; font-style: var( --e-global-typography-text-font-style ); letter-spacing: var( --e-global-typography-text-letter-spacing ); text-transform: var( --e-global-typography-text-text-transform ); text-align: var(--text-align);\">Valia<\/span><\/h6><\/li><li><h6>Noras mokytis nauj\u0173 dalyk\u0173<\/h6><\/li><\/ul><ul><li><h6>Triatlono ar plaukimo aistra<\/h6><\/li><\/ul><ul><li><h6>Entuziazmas<\/h6><\/li><\/ul><ul><li><h6>Pasirengimas dalyvauti klubo veikloje<\/h6><\/li><\/ul>\t\t\t\t\t\t<\/div>\n\t\t\t\t<\/div>\n\t\t\t\t<\/div>\n\t\t<div class=\"elementor-element elementor-element-25467ba e-con-full e-flex e-con e-child\" data-id=\"25467ba\" data-element_type=\"container\">\n\t\t\t\t<div class=\"elementor-element elementor-element-1b78fd8 elementor-widget elementor-widget-text-editor\" data-id=\"1b78fd8\" data-element_type=\"widget\" data-widget_type=\"text-editor.default\">\n\t\t\t\t<div class=\"elementor-widget-container\">\n\t\t\t\t\t\t\t<p><\/p>\n<h6>TRI KAN klubo nario mokestis yra 25 eurai per metus.<\/h6>\t\t\t\t\t\t<\/div>\n\t\t\t\t<\/div>\n\t\t\t\t<\/div>\n\t\t<div class=\"elementor-element elementor-element-8a33b7f e-con-full e-flex e-con e-child\" data-id=\"8a33b7f\" data-element_type=\"container\">\n\t\t\t\t<div class=\"elementor-element elementor-element-33b78ed elementor-widget elementor-widget-text-editor\" data-id=\"33b78ed\" data-element_type=\"widget\" data-widget_type=\"text-editor.default\">\n\t\t\t\t<div class=\"elementor-widget-container\">\n\t\t\t\t\t\t\t<ul><li><h6>Palankias klubo s\u0105lygas i\u0161 r\u0117m\u0117j\u0173 ir partneri\u0173<\/h6><\/li><li><h6>-50% dalyvio mokes\u010diui TRI KAN organizuojamose var\u017eybose<\/h6><\/li><li><h6>Bendruomenes ir draugus<\/h6><\/li><li><h6>Patarimai i\u0161 triatlono treneri\u0173, teis\u0117j\u0173 ir kit\u0173 triatlono entuziast\u0173<\/h6><\/li><li><h6>Kompanijos kelion\u0117se \u012f var\u017eybas<\/h6><\/li><li><h6>Galimyb\u0119 \u012fsigyti klubo aprang\u0105<\/h6><\/li><\/ul>\t\t\t\t\t\t<\/div>\n\t\t\t\t<\/div>\n\t\t\t\t<\/div>\n\t\t\t\t\t<\/div>\n\t\t\t\t<\/div>\n\t\t<div class=\"elementor-element elementor-element-1e2032d e-grid e-con-boxed e-con e-parent\" data-id=\"1e2032d\" data-element_type=\"container\" data-settings=\"{&quot;background_background&quot;:&quot;classic&quot;}\">\n\t\t\t\t\t<div class=\"e-con-inner\">\n\t\t\t\t<div class=\"elementor-element elementor-element-a48828b elementor-widget elementor-widget-heading\" data-id=\"a48828b\" data-element_type=\"widget\" data-widget_type=\"heading.default\">\n\t\t\t\t<div class=\"elementor-widget-container\">\n\t\t\t<h2 class=\"elementor-heading-title elementor-size-default\">Kaip pateikti parai\u0161k\u0105?<\/h2>\t\t<\/div>\n\t\t\t\t<\/div>\n\t\t\t\t<div class=\"elementor-element elementor-element-b1123a1 elementor-widget elementor-widget-text-editor\" data-id=\"b1123a1\" data-element_type=\"widget\" data-widget_type=\"text-editor.default\">\n\t\t\t\t<div class=\"elementor-widget-container\">\n\t\t\t\t\t\t\t<p><b>U\u017epildyk <a href=\"https:\/\/docs.google.com\/forms\/d\/e\/1FAIpQLSf36jLpPEYpwi_ufLpPsYYkHBA4WGtPurpqMILEA964CGCN1A\/viewform\">ANKETA<\/a>! Taip paprasta.<\/b><\/p>\t\t\t\t\t\t<\/div>\n\t\t\t\t<\/div>\n\t\t\t\t\t<\/div>\n\t\t\t\t<\/div>\n\t\t\t\t<\/div>","protected":false},"excerpt":{"rendered":"<p>Ko reikia? Kiek tai kainuoja? K\u0105 man tai duos? \u00a0 Valios Noro i\u0161mokti ka\u017ek\u0105 naujo Aistros triatlonui ar plaukimui Entuziazmo Pasirengimo dalyvauti klubo veikloje TRI KAN klubo nario mokestis yra 25 eurai per metus. Palankius klubo pasi\u016blymus i\u0161 r\u0117m\u0117j\u0173 ir partneri\u0173 -50% nuolaid\u0105 dalyvio mokes\u010diui TRI KAN organizuojamose var\u017eybose Bendruomen\u0119 ir draugus Patarimus i\u0161 triatlono [\u2026]<\/p>","protected":false},"author":5,"featured_media":0,"parent":0,"menu_order":0,"comment_status":"closed","ping_status":"closed","template":"","meta":{"footnotes":""},"class_list":["post-194","page","type-page","status-publish","hentry"],"yoast_head":"<!-- This site is optimized with the Yoast SEO plugin v22.0 - https:\/\/yoast.com\/wordpress\/plugins\/seo\/ -->\n<title>Piebiedroties - Tri Kan<\/title>\n<meta name=\"robots\" content=\"index, follow, max-snippet:-1, max-image-preview:large, max-video-preview:-1\" \/>\n<link rel=\"canonical\" href=\"https:\/\/www.trikan.lv\/lt\/piebiedroties\/\" \/>\n<meta property=\"og:locale\" content=\"lt_LT\" \/>\n<meta property=\"og:type\" content=\"article\" \/>\n<meta property=\"og:title\" content=\"Piebiedroties - Tri Kan\" \/>\n<meta property=\"og:description\" content=\"Kas vajadz\u012bgs? Cik tas maks\u0101? Ko man tas dos? \u00a0 Gribassp\u0113ks V\u0113lme iem\u0101c\u012bties kaut ko jaunu Aizrau\u0161an\u0101s ar triatlonu vai peld\u0113\u0161anu Entuziasms Gatav\u012bba iesaist\u012bties kluba pas\u0101kumos TRI KAN kluba biedra maks\u0101 ir 25 eiro gad\u0101. Izdev\u012bgus kluba pied\u0101v\u0101jumus no sponsoriem un atbalst\u012bt\u0101jiem -50% dal\u012bbas maksai TRI KAN organiz\u0113t\u0101s\u00a0 sacens\u012bb\u0101s Kopienu un draugus Padomus no triatlona [&hellip;]\" \/>\n<meta property=\"og:url\" content=\"https:\/\/www.trikan.lv\/lt\/piebiedroties\/\" \/>\n<meta property=\"og:site_name\" content=\"Tri Kan\" \/>\n<meta property=\"article:publisher\" content=\"https:\/\/www.facebook.com\/profile.php?id=100095351500188\" \/>\n<meta property=\"article:modified_time\" content=\"2025-12-29T09:10:18+00:00\" \/>\n<meta property=\"og:image\" content=\"https:\/\/www.trikan.lv\/wp-content\/uploads\/2025\/02\/1G0A3110-1024x1024.jpg\" \/>\n<meta name=\"twitter:card\" content=\"summary_large_image\" \/>\n<meta name=\"twitter:label1\" content=\"Est. reading time\" \/>\n\t<meta name=\"twitter:data1\" content=\"2 minut\u0117s\" \/>\n<script type=\"application\/ld+json\" class=\"yoast-schema-graph\">{\"@context\":\"https:\/\/schema.org\",\"@graph\":[{\"@type\":\"WebPage\",\"@id\":\"https:\/\/www.trikan.lv\/en\/piebiedroties\/\",\"url\":\"https:\/\/www.trikan.lv\/en\/piebiedroties\/\",\"name\":\"Piebiedroties - Tri Kan\",\"isPartOf\":{\"@id\":\"https:\/\/3.66.126.171\/#website\"},\"datePublished\":\"2024-01-30T10:56:45+00:00\",\"dateModified\":\"2025-12-29T09:10:18+00:00\",\"breadcrumb\":{\"@id\":\"https:\/\/www.trikan.lv\/en\/piebiedroties\/#breadcrumb\"},\"inLanguage\":\"lt-LT\",\"potentialAction\":[{\"@type\":\"ReadAction\",\"target\":[\"https:\/\/www.trikan.lv\/en\/piebiedroties\/\"]}]},{\"@type\":\"BreadcrumbList\",\"@id\":\"https:\/\/www.trikan.lv\/en\/piebiedroties\/#breadcrumb\",\"itemListElement\":[{\"@type\":\"ListItem\",\"position\":1,\"name\":\"Home\",\"item\":\"https:\/\/3.66.126.171\/\"},{\"@type\":\"ListItem\",\"position\":2,\"name\":\"Piebiedroties\"}]},{\"@type\":\"WebSite\",\"@id\":\"https:\/\/3.66.126.171\/#website\",\"url\":\"https:\/\/3.66.126.171\/\",\"name\":\"Tri Kan\",\"description\":\"\",\"publisher\":{\"@id\":\"https:\/\/3.66.126.171\/#organization\"},\"potentialAction\":[{\"@type\":\"SearchAction\",\"target\":{\"@type\":\"EntryPoint\",\"urlTemplate\":\"https:\/\/3.66.126.171\/?s={search_term_string}\"},\"query-input\":\"required name=search_term_string\"}],\"inLanguage\":\"lt-LT\"},{\"@type\":\"Organization\",\"@id\":\"https:\/\/3.66.126.171\/#organization\",\"name\":\"Tri Kan\",\"url\":\"https:\/\/3.66.126.171\/\",\"logo\":{\"@type\":\"ImageObject\",\"inLanguage\":\"lt-LT\",\"@id\":\"https:\/\/3.66.126.171\/#\/schema\/logo\/image\/\",\"url\":\"https:\/\/www.trikan.lv\/wp-content\/uploads\/2024\/01\/Tri_Kan_LOGO3-small.jpg\",\"contentUrl\":\"https:\/\/www.trikan.lv\/wp-content\/uploads\/2024\/01\/Tri_Kan_LOGO3-small.jpg\",\"width\":300,\"height\":159,\"caption\":\"Tri Kan\"},\"image\":{\"@id\":\"https:\/\/3.66.126.171\/#\/schema\/logo\/image\/\"},\"sameAs\":[\"https:\/\/www.facebook.com\/profile.php?id=100095351500188\",\"https:\/\/www.instagram.com\/triatlona_klubs_trikan\/\"]}]}<\/script>\n<!-- \/ Yoast SEO plugin. -->","yoast_head_json":{"title":"Piebiedroties - Tri Kan","robots":{"index":"index","follow":"follow","max-snippet":"max-snippet:-1","max-image-preview":"max-image-preview:large","max-video-preview":"max-video-preview:-1"},"canonical":"https:\/\/www.trikan.lv\/lt\/piebiedroties\/","og_locale":"lt_LT","og_type":"article","og_title":"Piebiedroties - Tri Kan","og_description":"Kas vajadz\u012bgs? Cik tas maks\u0101? Ko man tas dos? \u00a0 Gribassp\u0113ks V\u0113lme iem\u0101c\u012bties kaut ko jaunu Aizrau\u0161an\u0101s ar triatlonu vai peld\u0113\u0161anu Entuziasms Gatav\u012bba iesaist\u012bties kluba pas\u0101kumos TRI KAN kluba biedra maks\u0101 ir 25 eiro gad\u0101. Izdev\u012bgus kluba pied\u0101v\u0101jumus no sponsoriem un atbalst\u012bt\u0101jiem -50% dal\u012bbas maksai TRI KAN organiz\u0113t\u0101s\u00a0 sacens\u012bb\u0101s Kopienu un draugus Padomus no triatlona [&hellip;]","og_url":"https:\/\/www.trikan.lv\/lt\/piebiedroties\/","og_site_name":"Tri Kan","article_publisher":"https:\/\/www.facebook.com\/profile.php?id=100095351500188","article_modified_time":"2025-12-29T09:10:18+00:00","og_image":[{"url":"https:\/\/www.trikan.lv\/wp-content\/uploads\/2025\/02\/1G0A3110-1024x1024.jpg"}],"twitter_card":"summary_large_image","twitter_misc":{"Est. reading time":"2 minut\u0117s"},"schema":{"@context":"https:\/\/schema.org","@graph":[{"@type":"WebPage","@id":"https:\/\/www.trikan.lv\/en\/piebiedroties\/","url":"https:\/\/www.trikan.lv\/en\/piebiedroties\/","name":"Piebiedroties - Tri Kan","isPartOf":{"@id":"https:\/\/3.66.126.171\/#website"},"datePublished":"2024-01-30T10:56:45+00:00","dateModified":"2025-12-29T09:10:18+00:00","breadcrumb":{"@id":"https:\/\/www.trikan.lv\/en\/piebiedroties\/#breadcrumb"},"inLanguage":"lt-LT","potentialAction":[{"@type":"ReadAction","target":["https:\/\/www.trikan.lv\/en\/piebiedroties\/"]}]},{"@type":"BreadcrumbList","@id":"https:\/\/www.trikan.lv\/en\/piebiedroties\/#breadcrumb","itemListElement":[{"@type":"ListItem","position":1,"name":"Home","item":"https:\/\/3.66.126.171\/"},{"@type":"ListItem","position":2,"name":"Piebiedroties"}]},{"@type":"WebSite","@id":"https:\/\/3.66.126.171\/#website","url":"https:\/\/3.66.126.171\/","name":"Tri Kan","description":"","publisher":{"@id":"https:\/\/3.66.126.171\/#organization"},"potentialAction":[{"@type":"SearchAction","target":{"@type":"EntryPoint","urlTemplate":"https:\/\/3.66.126.171\/?s={search_term_string}"},"query-input":"required name=search_term_string"}],"inLanguage":"lt-LT"},{"@type":"Organization","@id":"https:\/\/3.66.126.171\/#organization","name":"Tri Kan","url":"https:\/\/3.66.126.171\/","logo":{"@type":"ImageObject","inLanguage":"lt-LT","@id":"https:\/\/3.66.126.171\/#\/schema\/logo\/image\/","url":"https:\/\/www.trikan.lv\/wp-content\/uploads\/2024\/01\/Tri_Kan_LOGO3-small.jpg","contentUrl":"https:\/\/www.trikan.lv\/wp-content\/uploads\/2024\/01\/Tri_Kan_LOGO3-small.jpg","width":300,"height":159,"caption":"Tri Kan"},"image":{"@id":"https:\/\/3.66.126.171\/#\/schema\/logo\/image\/"},"sameAs":["https:\/\/www.facebook.com\/profile.php?id=100095351500188","https:\/\/www.instagram.com\/triatlona_klubs_trikan\/"]}]}},"_links":{"self":[{"href":"https:\/\/www.trikan.lv\/lt\/wp-json\/wp\/v2\/pages\/194","targetHints":{"allow":["GET"]}}],"collection":[{"href":"https:\/\/www.trikan.lv\/lt\/wp-json\/wp\/v2\/pages"}],"about":[{"href":"https:\/\/www.trikan.lv\/lt\/wp-json\/wp\/v2\/types\/page"}],"author":[{"embeddable":true,"href":"https:\/\/www.trikan.lv\/lt\/wp-json\/wp\/v2\/users\/5"}],"replies":[{"embeddable":true,"href":"https:\/\/www.trikan.lv\/lt\/wp-json\/wp\/v2\/comments?post=194"}],"version-history":[{"count":31,"href":"https:\/\/www.trikan.lv\/lt\/wp-json\/wp\/v2\/pages\/194\/revisions"}],"predecessor-version":[{"id":1281,"href":"https:\/\/www.trikan.lv\/lt\/wp-json\/wp\/v2\/pages\/194\/revisions\/1281"}],"wp:attachment":[{"href":"https:\/\/www.trikan.lv\/lt\/wp-json\/wp\/v2\/media?parent=194"}],"curies":[{"name":"wp","href":"https:\/\/api.w.org\/{rel}","templated":true}]}}