{"id":158,"date":"2024-01-29T07:53:18","date_gmt":"2024-01-29T07:53:18","guid":{"rendered":"http:\/\/3.66.126.171\/?page_id=158"},"modified":"2025-07-08T22:02:28","modified_gmt":"2025-07-08T20:02:28","slug":"valde-biedri","status":"publish","type":"page","link":"https:\/\/www.trikan.lv\/lt\/valde-biedri\/","title":{"rendered":"Nariai ir valdyba"},"content":{"rendered":"<div data-elementor-type=\"wp-page\" data-elementor-id=\"158\" class=\"elementor elementor-158\">\n\t\t\t\t<div class=\"elementor-element elementor-element-435c250 e-flex e-con-boxed e-con e-parent\" data-id=\"435c250\" data-element_type=\"container\">\n\t\t\t\t\t<div class=\"e-con-inner\">\n\t\t\t\t<div class=\"elementor-element elementor-element-c065293 elementor-widget elementor-widget-counter\" data-id=\"c065293\" data-element_type=\"widget\" data-widget_type=\"counter.default\">\n\t\t\t\t<div class=\"elementor-widget-container\">\n\t\t\t\t\t<div class=\"elementor-counter\">\n\t\t\t<div class=\"elementor-counter-title\">Klubo nari\u0173<\/div>\t\t\t<div class=\"elementor-counter-number-wrapper\">\n\t\t\t\t<span class=\"elementor-counter-number-prefix\"><\/span>\n\t\t\t\t<span class=\"elementor-counter-number\" data-duration=\"2000\" data-to-value=\"56\" data-from-value=\"0\" data-delimiter=\",\">0<\/span>\n\t\t\t\t<span class=\"elementor-counter-number-suffix\"><\/span>\n\t\t\t<\/div>\n\t\t<\/div>\n\t\t\t\t<\/div>\n\t\t\t\t<\/div>\n\t\t\t\t\t<\/div>\n\t\t\t\t<\/div>\n\t\t<div class=\"elementor-element elementor-element-4c08508 e-flex e-con-boxed e-con e-parent\" data-id=\"4c08508\" data-element_type=\"container\" data-settings=\"{&quot;background_background&quot;:&quot;video&quot;}\">\n\t\t\t\t\t<div class=\"e-con-inner\">\n\t\t\t\t<div class=\"elementor-element elementor-element-ce525a6 elementor-arrows-position-inside elementor-widget elementor-widget-image-carousel\" data-id=\"ce525a6\" data-element_type=\"widget\" data-settings=\"{&quot;navigation&quot;:&quot;arrows&quot;,&quot;lazyload&quot;:&quot;yes&quot;,&quot;pause_on_hover&quot;:&quot;no&quot;,&quot;autoplay_speed&quot;:2000,&quot;speed&quot;:2000,&quot;autoplay&quot;:&quot;yes&quot;,&quot;pause_on_interaction&quot;:&quot;yes&quot;,&quot;infinite&quot;:&quot;yes&quot;}\" data-widget_type=\"image-carousel.default\">\n\t\t\t\t<div class=\"elementor-widget-container\">\n\t\t\t\t\t<div class=\"elementor-image-carousel-wrapper swiper\" dir=\"ltr\">\n\t\t\t<div class=\"elementor-image-carousel swiper-wrapper\" aria-live=\"off\">\n\t\t\t\t\t\t\t\t<div class=\"swiper-slide\" role=\"group\" aria-roledescription=\"slide\" aria-label=\"1 i\u0161 14\"><figure class=\"swiper-slide-inner\"><img class=\"swiper-slide-image swiper-lazy\" data-src=\"https:\/\/www.trikan.lv\/wp-content\/uploads\/2024\/02\/52974077060_e6056dda7e_o-683x1024.jpg\" alt=\"52974077060_e6056dda7e_o\" \/><div class=\"swiper-lazy-preloader\"><\/div><\/figure><\/div><div class=\"swiper-slide\" role=\"group\" aria-roledescription=\"slide\" aria-label=\"2 i\u0161 14\"><figure class=\"swiper-slide-inner\"><img class=\"swiper-slide-image swiper-lazy\" data-src=\"https:\/\/www.trikan.lv\/wp-content\/uploads\/2024\/02\/52149456449_7929991ab7_o-1-683x1024.jpg\" alt=\"52149456449_7929991ab7_o (1)\" \/><div class=\"swiper-lazy-preloader\"><\/div><\/figure><\/div><div class=\"swiper-slide\" role=\"group\" aria-roledescription=\"slide\" aria-label=\"3 i\u0161 14\"><figure class=\"swiper-slide-inner\"><img class=\"swiper-slide-image swiper-lazy\" data-src=\"https:\/\/www.trikan.lv\/wp-content\/uploads\/2024\/02\/lukass-1-683x1024.jpg\" alt=\"Lukas\" \/><div class=\"swiper-lazy-preloader\"><\/div><\/figure><\/div><div class=\"swiper-slide\" role=\"group\" aria-roledescription=\"slide\" aria-label=\"4 i\u0161 14\"><figure class=\"swiper-slide-inner\"><img class=\"swiper-slide-image swiper-lazy\" data-src=\"https:\/\/www.trikan.lv\/wp-content\/uploads\/2024\/02\/51411366003_e62b067970_o-1-683x1024.jpg\" alt=\"51411366003_e62b067970_o (1)\" \/><div class=\"swiper-lazy-preloader\"><\/div><\/figure><\/div><div class=\"swiper-slide\" role=\"group\" aria-roledescription=\"slide\" aria-label=\"5 i\u0161 14\"><figure class=\"swiper-slide-inner\"><img class=\"swiper-slide-image swiper-lazy\" data-src=\"https:\/\/www.trikan.lv\/wp-content\/uploads\/2024\/02\/52973710611_5a6c003175_o-683x1024.jpg\" alt=\"52973710611_5a6c003175_o\" \/><div class=\"swiper-lazy-preloader\"><\/div><\/figure><\/div><div class=\"swiper-slide\" role=\"group\" aria-roledescription=\"slide\" aria-label=\"6 i\u0161 14\"><figure class=\"swiper-slide-inner\"><img class=\"swiper-slide-image swiper-lazy\" data-src=\"https:\/\/www.trikan.lv\/wp-content\/uploads\/2024\/02\/51411368493_172c443b12_o-1-683x1024.jpg\" alt=\"51411368493_172c443b12_o (1)\" \/><div class=\"swiper-lazy-preloader\"><\/div><\/figure><\/div><div class=\"swiper-slide\" role=\"group\" aria-roledescription=\"slide\" aria-label=\"7 i\u0161 14\"><figure class=\"swiper-slide-inner\"><img class=\"swiper-slide-image swiper-lazy\" data-src=\"https:\/\/www.trikan.lv\/wp-content\/uploads\/2024\/02\/52974010410_023718d86a_o-683x1024.jpg\" alt=\"52974010410_023718d86a_o\" \/><div class=\"swiper-lazy-preloader\"><\/div><\/figure><\/div><div class=\"swiper-slide\" role=\"group\" aria-roledescription=\"slide\" aria-label=\"8 i\u0161 14\"><figure class=\"swiper-slide-inner\"><img class=\"swiper-slide-image swiper-lazy\" data-src=\"https:\/\/www.trikan.lv\/wp-content\/uploads\/2024\/02\/51411375143_51eb83963f_o-683x1024.jpg\" alt=\"51411375143_51eb83963f_o\" \/><div class=\"swiper-lazy-preloader\"><\/div><\/figure><\/div><div class=\"swiper-slide\" role=\"group\" aria-roledescription=\"slide\" aria-label=\"9 i\u0161 14\"><figure class=\"swiper-slide-inner\"><img class=\"swiper-slide-image swiper-lazy\" data-src=\"https:\/\/www.trikan.lv\/wp-content\/uploads\/2024\/02\/sintija-683x1024.jpg\" alt=\"Sintija\" \/><div class=\"swiper-lazy-preloader\"><\/div><\/figure><\/div><div class=\"swiper-slide\" role=\"group\" aria-roledescription=\"slide\" aria-label=\"10 i\u0161 14\"><figure class=\"swiper-slide-inner\"><img class=\"swiper-slide-image swiper-lazy\" data-src=\"https:\/\/www.trikan.lv\/wp-content\/uploads\/2024\/02\/matiss-683x1024.jpg\" alt=\"Matiss\" \/><div class=\"swiper-lazy-preloader\"><\/div><\/figure><\/div><div class=\"swiper-slide\" role=\"group\" aria-roledescription=\"slide\" aria-label=\"11 i\u0161 14\"><figure class=\"swiper-slide-inner\"><img class=\"swiper-slide-image swiper-lazy\" data-src=\"https:\/\/www.trikan.lv\/wp-content\/uploads\/2024\/02\/52149225991_b2858529d0_o-683x1024.jpg\" alt=\"52149225991_b2858529d0_o\" \/><div class=\"swiper-lazy-preloader\"><\/div><\/figure><\/div><div class=\"swiper-slide\" role=\"group\" aria-roledescription=\"slide\" aria-label=\"12 i\u0161 14\"><figure class=\"swiper-slide-inner\"><img class=\"swiper-slide-image swiper-lazy\" data-src=\"https:\/\/www.trikan.lv\/wp-content\/uploads\/2024\/02\/52973721159_86e39c549b_o-683x1024.jpg\" alt=\"52973721159_86e39c549b_o\" \/><div class=\"swiper-lazy-preloader\"><\/div><\/figure><\/div><div class=\"swiper-slide\" role=\"group\" aria-roledescription=\"slide\" aria-label=\"13 i\u0161 14\"><figure class=\"swiper-slide-inner\"><img class=\"swiper-slide-image swiper-lazy\" data-src=\"https:\/\/www.trikan.lv\/wp-content\/uploads\/2024\/02\/ance-683x1024.jpg\" alt=\"Ance\" \/><div class=\"swiper-lazy-preloader\"><\/div><\/figure><\/div><div class=\"swiper-slide\" role=\"group\" aria-roledescription=\"slide\" aria-label=\"14 i\u0161 14\"><figure class=\"swiper-slide-inner\"><img class=\"swiper-slide-image swiper-lazy\" data-src=\"https:\/\/www.trikan.lv\/wp-content\/uploads\/2024\/02\/WhatsApp-Image-2024-02-18-at-13.41.51-683x1024.jpeg\" alt=\"WhatsApp Image 2024-02-18 at 13.41.51\" \/><div class=\"swiper-lazy-preloader\"><\/div><\/figure><\/div>\t\t\t<\/div>\n\t\t\t\t\t\t\t\t\t\t\t\t<div class=\"elementor-swiper-button elementor-swiper-button-prev\" role=\"button\" tabindex=\"0\">\n\t\t\t\t\t\t<i aria-hidden=\"true\" class=\"eicon-chevron-left\"><\/i>\t\t\t\t\t<\/div>\n\t\t\t\t\t<div class=\"elementor-swiper-button elementor-swiper-button-next\" role=\"button\" tabindex=\"0\">\n\t\t\t\t\t\t<i aria-hidden=\"true\" class=\"eicon-chevron-right\"><\/i>\t\t\t\t\t<\/div>\n\t\t\t\t\n\t\t\t\t\t\t\t\t\t<\/div>\n\t\t\t\t<\/div>\n\t\t\t\t<\/div>\n\t\t\t\t\t<\/div>\n\t\t\t\t<\/div>\n\t\t<div class=\"elementor-element elementor-element-39a7ddb e-flex e-con-boxed e-con e-parent\" data-id=\"39a7ddb\" data-element_type=\"container\">\n\t\t\t\t\t<div class=\"e-con-inner\">\n\t\t\t\t<div class=\"elementor-element elementor-element-97fefc1 elementor-widget elementor-widget-heading\" data-id=\"97fefc1\" data-element_type=\"widget\" data-widget_type=\"heading.default\">\n\t\t\t\t<div class=\"elementor-widget-container\">\n\t\t\t<h2 class=\"elementor-heading-title elementor-size-default\">Valdyba<\/h2>\t\t<\/div>\n\t\t\t\t<\/div>\n\t\t\t\t\t<\/div>\n\t\t\t\t<\/div>\n\t\t<div class=\"elementor-element elementor-element-c2dc9ea e-con-full e-flex e-con e-parent\" data-id=\"c2dc9ea\" data-element_type=\"container\">\n\t\t<div class=\"elementor-element elementor-element-8f0f328 e-con-full e-flex e-con e-child\" data-id=\"8f0f328\" data-element_type=\"container\">\n\t\t\t\t<div class=\"elementor-element elementor-element-b316627 elementor-position-top elementor-widget elementor-widget-image-box\" data-id=\"b316627\" data-element_type=\"widget\" data-widget_type=\"image-box.default\">\n\t\t\t\t<div class=\"elementor-widget-container\">\n\t\t\t<div class=\"elementor-image-box-wrapper\"><figure class=\"elementor-image-box-img\"><img fetchpriority=\"high\" decoding=\"async\" width=\"2048\" height=\"1365\" src=\"https:\/\/www.trikan.lv\/wp-content\/uploads\/2024\/01\/Tri-kan-9.jpg\" class=\"attachment-full size-full wp-image-79\" alt=\"\" srcset=\"https:\/\/www.trikan.lv\/wp-content\/uploads\/2024\/01\/Tri-kan-9.jpg 2048w, https:\/\/www.trikan.lv\/wp-content\/uploads\/2024\/01\/Tri-kan-9-300x200.jpg 300w, https:\/\/www.trikan.lv\/wp-content\/uploads\/2024\/01\/Tri-kan-9-1024x683.jpg 1024w, https:\/\/www.trikan.lv\/wp-content\/uploads\/2024\/01\/Tri-kan-9-768x512.jpg 768w, https:\/\/www.trikan.lv\/wp-content\/uploads\/2024\/01\/Tri-kan-9-1536x1024.jpg 1536w\" sizes=\"(max-width: 2048px) 100vw, 2048px\" \/><\/figure><div class=\"elementor-image-box-content\"><h3 class=\"elementor-image-box-title\">Evita<\/h3><p class=\"elementor-image-box-description\">LTF valdybos nar\u0117, LTF teis\u0117j\u0173 komiteto pirminink\u0117, World Triathlon sertifikuota teis\u0117ja, entuziastinga triatloninink\u0117, Lietuvos plaukimo federacijos sertifikuota teis\u0117ja<\/p><\/div><\/div>\t\t<\/div>\n\t\t\t\t<\/div>\n\t\t\t\t<\/div>\n\t\t<div class=\"elementor-element elementor-element-9e72f90 e-con-full e-flex e-con e-child\" data-id=\"9e72f90\" data-element_type=\"container\">\n\t\t\t\t<div class=\"elementor-element elementor-element-98dd8a6 elementor-position-top elementor-widget elementor-widget-image-box\" data-id=\"98dd8a6\" data-element_type=\"widget\" data-widget_type=\"image-box.default\">\n\t\t\t\t<div class=\"elementor-widget-container\">\n\t\t\t<div class=\"elementor-image-box-wrapper\"><figure class=\"elementor-image-box-img\"><img decoding=\"async\" width=\"1602\" height=\"1068\" src=\"https:\/\/www.trikan.lv\/wp-content\/uploads\/2024\/12\/112409821_776643276410656_356067281148211691_n-1-1.jpg\" class=\"attachment-full size-full wp-image-708\" alt=\"\" srcset=\"https:\/\/www.trikan.lv\/wp-content\/uploads\/2024\/12\/112409821_776643276410656_356067281148211691_n-1-1.jpg 1602w, https:\/\/www.trikan.lv\/wp-content\/uploads\/2024\/12\/112409821_776643276410656_356067281148211691_n-1-1-300x200.jpg 300w, https:\/\/www.trikan.lv\/wp-content\/uploads\/2024\/12\/112409821_776643276410656_356067281148211691_n-1-1-1024x683.jpg 1024w, https:\/\/www.trikan.lv\/wp-content\/uploads\/2024\/12\/112409821_776643276410656_356067281148211691_n-1-1-768x512.jpg 768w, https:\/\/www.trikan.lv\/wp-content\/uploads\/2024\/12\/112409821_776643276410656_356067281148211691_n-1-1-1536x1024.jpg 1536w\" sizes=\"(max-width: 1602px) 100vw, 1602px\" \/><\/figure><div class=\"elementor-image-box-content\"><h3 class=\"elementor-image-box-title\">Raimonds<\/h3><p class=\"elementor-image-box-description\">Latvijos triatlono legenda, \u201eIronman\u201c fini\u0161o linij\u0105 kirt\u0119s, LTF revizorius ir vienas aktyviausi\u0173 triatlono bendruomen\u0117s nari\u0173<\/p><\/div><\/div>\t\t<\/div>\n\t\t\t\t<\/div>\n\t\t\t\t<\/div>\n\t\t<div class=\"elementor-element elementor-element-75abce7 e-con-full e-flex e-con e-child\" data-id=\"75abce7\" data-element_type=\"container\">\n\t\t\t\t<div class=\"elementor-element elementor-element-a689d96 elementor-position-top elementor-widget elementor-widget-image-box\" data-id=\"a689d96\" data-element_type=\"widget\" data-widget_type=\"image-box.default\">\n\t\t\t\t<div class=\"elementor-widget-container\">\n\t\t\t<div class=\"elementor-image-box-wrapper\"><figure class=\"elementor-image-box-img\"><img decoding=\"async\" width=\"2560\" height=\"1707\" src=\"https:\/\/www.trikan.lv\/wp-content\/uploads\/2024\/02\/51412084575_52a9a938d3_o-scaled.jpg\" class=\"attachment-full size-full wp-image-314\" alt=\"\" srcset=\"https:\/\/www.trikan.lv\/wp-content\/uploads\/2024\/02\/51412084575_52a9a938d3_o-scaled.jpg 2560w, https:\/\/www.trikan.lv\/wp-content\/uploads\/2024\/02\/51412084575_52a9a938d3_o-300x200.jpg 300w, https:\/\/www.trikan.lv\/wp-content\/uploads\/2024\/02\/51412084575_52a9a938d3_o-1024x683.jpg 1024w, https:\/\/www.trikan.lv\/wp-content\/uploads\/2024\/02\/51412084575_52a9a938d3_o-768x512.jpg 768w, https:\/\/www.trikan.lv\/wp-content\/uploads\/2024\/02\/51412084575_52a9a938d3_o-1536x1024.jpg 1536w, https:\/\/www.trikan.lv\/wp-content\/uploads\/2024\/02\/51412084575_52a9a938d3_o-2048x1365.jpg 2048w\" sizes=\"(max-width: 2560px) 100vw, 2560px\" \/><\/figure><div class=\"elementor-image-box-content\"><h3 class=\"elementor-image-box-title\">M\u0101ris<\/h3><p class=\"elementor-image-box-description\">LTF valdybos narys, LTF treneri\u0173 tarybos narys, World Triathlon sertifikuotas treneris, Ironman fini\u0161\u0105 pasiek\u0119s, plaukimo ir triatlono ilg\u0173 distancij\u0173 m\u0117g\u0117jas<\/p><\/div><\/div>\t\t<\/div>\n\t\t\t\t<\/div>\n\t\t\t\t<\/div>\n\t\t<div class=\"elementor-element elementor-element-6091a0f e-con-full e-flex e-con e-child\" data-id=\"6091a0f\" data-element_type=\"container\">\n\t\t\t\t<div class=\"elementor-element elementor-element-9204df3 elementor-position-top elementor-widget elementor-widget-image-box\" data-id=\"9204df3\" data-element_type=\"widget\" data-widget_type=\"image-box.default\">\n\t\t\t\t<div class=\"elementor-widget-container\">\n\t\t\t<div class=\"elementor-image-box-wrapper\"><figure class=\"elementor-image-box-img\"><img loading=\"lazy\" decoding=\"async\" width=\"2560\" height=\"1706\" src=\"https:\/\/www.trikan.lv\/wp-content\/uploads\/2024\/02\/51410349912_c0896a6177_o-scaled.jpg\" class=\"attachment-full size-full wp-image-320\" alt=\"\" srcset=\"https:\/\/www.trikan.lv\/wp-content\/uploads\/2024\/02\/51410349912_c0896a6177_o-scaled.jpg 2560w, https:\/\/www.trikan.lv\/wp-content\/uploads\/2024\/02\/51410349912_c0896a6177_o-300x200.jpg 300w, https:\/\/www.trikan.lv\/wp-content\/uploads\/2024\/02\/51410349912_c0896a6177_o-1024x683.jpg 1024w, https:\/\/www.trikan.lv\/wp-content\/uploads\/2024\/02\/51410349912_c0896a6177_o-768x512.jpg 768w, https:\/\/www.trikan.lv\/wp-content\/uploads\/2024\/02\/51410349912_c0896a6177_o-1536x1024.jpg 1536w, https:\/\/www.trikan.lv\/wp-content\/uploads\/2024\/02\/51410349912_c0896a6177_o-2048x1365.jpg 2048w\" sizes=\"(max-width: 2560px) 100vw, 2560px\" \/><\/figure><div class=\"elementor-image-box-content\"><h3 class=\"elementor-image-box-title\">Sintija<\/h3><p class=\"elementor-image-box-description\">Triatlono var\u017eyb\u0173 organizator\u0117, <br>Pasaulio triatlono federacijos sertifikuota teis\u0117ja, Latvijos plaukimo federacijos sertifikuota teis\u0117ja<\/p><\/div><\/div>\t\t<\/div>\n\t\t\t\t<\/div>\n\t\t\t\t<\/div>\n\t\t<div class=\"elementor-element elementor-element-f41e42b e-con-full e-flex e-con e-child\" data-id=\"f41e42b\" data-element_type=\"container\">\n\t\t\t\t<div class=\"elementor-element elementor-element-90ac8cf elementor-position-top elementor-widget elementor-widget-image-box\" data-id=\"90ac8cf\" data-element_type=\"widget\" data-widget_type=\"image-box.default\">\n\t\t\t\t<div class=\"elementor-widget-container\">\n\t\t\t<div class=\"elementor-image-box-wrapper\"><figure class=\"elementor-image-box-img\"><img loading=\"lazy\" decoding=\"async\" width=\"2560\" height=\"1707\" src=\"https:\/\/www.trikan.lv\/wp-content\/uploads\/2025\/07\/1G0A0962-scaled.jpg\" class=\"attachment-full size-full wp-image-1228\" alt=\"\" srcset=\"https:\/\/www.trikan.lv\/wp-content\/uploads\/2025\/07\/1G0A0962-scaled.jpg 2560w, https:\/\/www.trikan.lv\/wp-content\/uploads\/2025\/07\/1G0A0962-300x200.jpg 300w, https:\/\/www.trikan.lv\/wp-content\/uploads\/2025\/07\/1G0A0962-1024x683.jpg 1024w, https:\/\/www.trikan.lv\/wp-content\/uploads\/2025\/07\/1G0A0962-768x512.jpg 768w, https:\/\/www.trikan.lv\/wp-content\/uploads\/2025\/07\/1G0A0962-1536x1024.jpg 1536w, https:\/\/www.trikan.lv\/wp-content\/uploads\/2025\/07\/1G0A0962-2048x1365.jpg 2048w\" sizes=\"(max-width: 2560px) 100vw, 2560px\" \/><\/figure><div class=\"elementor-image-box-content\"><h3 class=\"elementor-image-box-title\">Lukas<\/h3><p class=\"elementor-image-box-description\">Verslininkas, \u201eIronman\u201c fini\u0161o linijos kirtimo dalyvis, triatlono entuziastas ir nuotyki\u0173 ie\u0161kotojas<\/p><\/div><\/div>\t\t<\/div>\n\t\t\t\t<\/div>\n\t\t\t\t<\/div>\n\t\t\t\t<\/div>\n\t\t<div class=\"elementor-element elementor-element-a0084ee e-flex e-con-boxed e-con e-parent\" data-id=\"a0084ee\" data-element_type=\"container\">\n\t\t\t\t\t<div class=\"e-con-inner\">\n\t\t\t\t<div class=\"elementor-element elementor-element-f750ce7 elementor-widget elementor-widget-spacer\" data-id=\"f750ce7\" data-element_type=\"widget\" data-widget_type=\"spacer.default\">\n\t\t\t\t<div class=\"elementor-widget-container\">\n\t\t\t\t\t<div class=\"elementor-spacer\">\n\t\t\t<div class=\"elementor-spacer-inner\"><\/div>\n\t\t<\/div>\n\t\t\t\t<\/div>\n\t\t\t\t<\/div>\n\t\t\t\t\t<\/div>\n\t\t\t\t<\/div>\n\t\t\t\t<\/div>","protected":false},"excerpt":{"rendered":"<p>klubas narys 0 Valdyba Evita LTF valdybos nar\u0117, LTF teis\u0117j\u0173 kolegijos pirminink\u0117, World Triathlon sertifikuota teis\u0117ja, entuziastinga triatloninink\u0117, Lietuvos plaukimo federacijos sertifikuota teis\u0117ja Raimonds Latvijos triatlono legenda, Ironman fini\u0161atorius, LTF revizorius ir vienas aktyviausi\u0173 triatlono bendruomen\u0117s nari\u0173 M\u0101ris LTF valdybos narys, LTF treneri\u0173 tarybos narys, World Triathlon sertifikuotas treneris, Ironman fini\u0161atorius, plaukimo ir triatlono [\u2026]<\/p>","protected":false},"author":5,"featured_media":0,"parent":0,"menu_order":0,"comment_status":"closed","ping_status":"closed","template":"","meta":{"footnotes":""},"class_list":["post-158","page","type-page","status-publish","hentry"],"yoast_head":"<!-- This site is optimized with the Yoast SEO plugin v22.0 - https:\/\/yoast.com\/wordpress\/plugins\/seo\/ -->\n<title>Biedri un valde - Tri Kan<\/title>\n<meta name=\"robots\" content=\"index, follow, max-snippet:-1, max-image-preview:large, max-video-preview:-1\" \/>\n<link rel=\"canonical\" href=\"https:\/\/www.trikan.lv\/lt\/valde-biedri\/\" \/>\n<meta property=\"og:locale\" content=\"lt_LT\" \/>\n<meta property=\"og:type\" content=\"article\" \/>\n<meta property=\"og:title\" content=\"Biedri un valde - Tri Kan\" \/>\n<meta property=\"og:description\" content=\"kluba biedru 0 Valde Evita LTF valdes locekle, LTF tiesne\u0161u komitejas priek\u0161s\u0113d\u0113t\u0101ja, World Triathlon sertific\u0113ta tiesnese, entuziastiska triatloniste, Latvijas peld\u0113\u0161anas feder\u0101cijas sertific\u0113ta tiesnese Raimonds Latvijas triatlona le\u0123enda, Ironman fini\u0161\u0113t\u0101js, LTF revidents un viens no akt\u012bv\u0101kajiem triatlona saimes p\u0101rst\u0101vjiem M\u0101ris LTF valdes loceklis, LTF treneru padomes loceklis, World Triathlon sertific\u0113ts treneris, Ironman fini\u0161\u0113t\u0101js, peld\u0113\u0161anas un triatlona [&hellip;]\" \/>\n<meta property=\"og:url\" content=\"https:\/\/www.trikan.lv\/lt\/valde-biedri\/\" \/>\n<meta property=\"og:site_name\" content=\"Tri Kan\" \/>\n<meta property=\"article:publisher\" content=\"https:\/\/www.facebook.com\/profile.php?id=100095351500188\" \/>\n<meta property=\"article:modified_time\" content=\"2025-07-08T20:02:28+00:00\" \/>\n<meta property=\"og:image\" content=\"https:\/\/www.trikan.lv\/wp-content\/uploads\/2024\/02\/52974077060_e6056dda7e_o-683x1024.jpg\" \/>\n<meta name=\"twitter:card\" content=\"summary_large_image\" \/>\n<meta name=\"twitter:label1\" content=\"Est. reading time\" \/>\n\t<meta name=\"twitter:data1\" content=\"6 minut\u0117s\" \/>\n<script type=\"application\/ld+json\" class=\"yoast-schema-graph\">{\"@context\":\"https:\/\/schema.org\",\"@graph\":[{\"@type\":\"WebPage\",\"@id\":\"https:\/\/www.trikan.lv\/en\/valde-biedri\/\",\"url\":\"https:\/\/www.trikan.lv\/en\/valde-biedri\/\",\"name\":\"Biedri un valde - Tri Kan\",\"isPartOf\":{\"@id\":\"https:\/\/3.66.126.171\/#website\"},\"datePublished\":\"2024-01-29T07:53:18+00:00\",\"dateModified\":\"2025-07-08T20:02:28+00:00\",\"breadcrumb\":{\"@id\":\"https:\/\/www.trikan.lv\/en\/valde-biedri\/#breadcrumb\"},\"inLanguage\":\"lt-LT\",\"potentialAction\":[{\"@type\":\"ReadAction\",\"target\":[\"https:\/\/www.trikan.lv\/en\/valde-biedri\/\"]}]},{\"@type\":\"BreadcrumbList\",\"@id\":\"https:\/\/www.trikan.lv\/en\/valde-biedri\/#breadcrumb\",\"itemListElement\":[{\"@type\":\"ListItem\",\"position\":1,\"name\":\"Home\",\"item\":\"https:\/\/3.66.126.171\/\"},{\"@type\":\"ListItem\",\"position\":2,\"name\":\"Biedri un valde\"}]},{\"@type\":\"WebSite\",\"@id\":\"https:\/\/3.66.126.171\/#website\",\"url\":\"https:\/\/3.66.126.171\/\",\"name\":\"Tri Kan\",\"description\":\"\",\"publisher\":{\"@id\":\"https:\/\/3.66.126.171\/#organization\"},\"potentialAction\":[{\"@type\":\"SearchAction\",\"target\":{\"@type\":\"EntryPoint\",\"urlTemplate\":\"https:\/\/3.66.126.171\/?s={search_term_string}\"},\"query-input\":\"required name=search_term_string\"}],\"inLanguage\":\"lt-LT\"},{\"@type\":\"Organization\",\"@id\":\"https:\/\/3.66.126.171\/#organization\",\"name\":\"Tri Kan\",\"url\":\"https:\/\/3.66.126.171\/\",\"logo\":{\"@type\":\"ImageObject\",\"inLanguage\":\"lt-LT\",\"@id\":\"https:\/\/3.66.126.171\/#\/schema\/logo\/image\/\",\"url\":\"https:\/\/www.trikan.lv\/wp-content\/uploads\/2024\/01\/Tri_Kan_LOGO3-small.jpg\",\"contentUrl\":\"https:\/\/www.trikan.lv\/wp-content\/uploads\/2024\/01\/Tri_Kan_LOGO3-small.jpg\",\"width\":300,\"height\":159,\"caption\":\"Tri Kan\"},\"image\":{\"@id\":\"https:\/\/3.66.126.171\/#\/schema\/logo\/image\/\"},\"sameAs\":[\"https:\/\/www.facebook.com\/profile.php?id=100095351500188\",\"https:\/\/www.instagram.com\/triatlona_klubs_trikan\/\"]}]}<\/script>\n<!-- \/ Yoast SEO plugin. -->","yoast_head_json":{"title":"Biedri un valde - Tri Kan","robots":{"index":"index","follow":"follow","max-snippet":"max-snippet:-1","max-image-preview":"max-image-preview:large","max-video-preview":"max-video-preview:-1"},"canonical":"https:\/\/www.trikan.lv\/lt\/valde-biedri\/","og_locale":"lt_LT","og_type":"article","og_title":"Biedri un valde - Tri Kan","og_description":"kluba biedru 0 Valde Evita LTF valdes locekle, LTF tiesne\u0161u komitejas priek\u0161s\u0113d\u0113t\u0101ja, World Triathlon sertific\u0113ta tiesnese, entuziastiska triatloniste, Latvijas peld\u0113\u0161anas feder\u0101cijas sertific\u0113ta tiesnese Raimonds Latvijas triatlona le\u0123enda, Ironman fini\u0161\u0113t\u0101js, LTF revidents un viens no akt\u012bv\u0101kajiem triatlona saimes p\u0101rst\u0101vjiem M\u0101ris LTF valdes loceklis, LTF treneru padomes loceklis, World Triathlon sertific\u0113ts treneris, Ironman fini\u0161\u0113t\u0101js, peld\u0113\u0161anas un triatlona [&hellip;]","og_url":"https:\/\/www.trikan.lv\/lt\/valde-biedri\/","og_site_name":"Tri Kan","article_publisher":"https:\/\/www.facebook.com\/profile.php?id=100095351500188","article_modified_time":"2025-07-08T20:02:28+00:00","og_image":[{"url":"https:\/\/www.trikan.lv\/wp-content\/uploads\/2024\/02\/52974077060_e6056dda7e_o-683x1024.jpg"}],"twitter_card":"summary_large_image","twitter_misc":{"Est. reading time":"6 minut\u0117s"},"schema":{"@context":"https:\/\/schema.org","@graph":[{"@type":"WebPage","@id":"https:\/\/www.trikan.lv\/en\/valde-biedri\/","url":"https:\/\/www.trikan.lv\/en\/valde-biedri\/","name":"Biedri un valde - Tri Kan","isPartOf":{"@id":"https:\/\/3.66.126.171\/#website"},"datePublished":"2024-01-29T07:53:18+00:00","dateModified":"2025-07-08T20:02:28+00:00","breadcrumb":{"@id":"https:\/\/www.trikan.lv\/en\/valde-biedri\/#breadcrumb"},"inLanguage":"lt-LT","potentialAction":[{"@type":"ReadAction","target":["https:\/\/www.trikan.lv\/en\/valde-biedri\/"]}]},{"@type":"BreadcrumbList","@id":"https:\/\/www.trikan.lv\/en\/valde-biedri\/#breadcrumb","itemListElement":[{"@type":"ListItem","position":1,"name":"Home","item":"https:\/\/3.66.126.171\/"},{"@type":"ListItem","position":2,"name":"Biedri un valde"}]},{"@type":"WebSite","@id":"https:\/\/3.66.126.171\/#website","url":"https:\/\/3.66.126.171\/","name":"Tri Kan","description":"","publisher":{"@id":"https:\/\/3.66.126.171\/#organization"},"potentialAction":[{"@type":"SearchAction","target":{"@type":"EntryPoint","urlTemplate":"https:\/\/3.66.126.171\/?s={search_term_string}"},"query-input":"required name=search_term_string"}],"inLanguage":"lt-LT"},{"@type":"Organization","@id":"https:\/\/3.66.126.171\/#organization","name":"Tri Kan","url":"https:\/\/3.66.126.171\/","logo":{"@type":"ImageObject","inLanguage":"lt-LT","@id":"https:\/\/3.66.126.171\/#\/schema\/logo\/image\/","url":"https:\/\/www.trikan.lv\/wp-content\/uploads\/2024\/01\/Tri_Kan_LOGO3-small.jpg","contentUrl":"https:\/\/www.trikan.lv\/wp-content\/uploads\/2024\/01\/Tri_Kan_LOGO3-small.jpg","width":300,"height":159,"caption":"Tri Kan"},"image":{"@id":"https:\/\/3.66.126.171\/#\/schema\/logo\/image\/"},"sameAs":["https:\/\/www.facebook.com\/profile.php?id=100095351500188","https:\/\/www.instagram.com\/triatlona_klubs_trikan\/"]}]}},"_links":{"self":[{"href":"https:\/\/www.trikan.lv\/lt\/wp-json\/wp\/v2\/pages\/158","targetHints":{"allow":["GET"]}}],"collection":[{"href":"https:\/\/www.trikan.lv\/lt\/wp-json\/wp\/v2\/pages"}],"about":[{"href":"https:\/\/www.trikan.lv\/lt\/wp-json\/wp\/v2\/types\/page"}],"author":[{"embeddable":true,"href":"https:\/\/www.trikan.lv\/lt\/wp-json\/wp\/v2\/users\/5"}],"replies":[{"embeddable":true,"href":"https:\/\/www.trikan.lv\/lt\/wp-json\/wp\/v2\/comments?post=158"}],"version-history":[{"count":90,"href":"https:\/\/www.trikan.lv\/lt\/wp-json\/wp\/v2\/pages\/158\/revisions"}],"predecessor-version":[{"id":1231,"href":"https:\/\/www.trikan.lv\/lt\/wp-json\/wp\/v2\/pages\/158\/revisions\/1231"}],"wp:attachment":[{"href":"https:\/\/www.trikan.lv\/lt\/wp-json\/wp\/v2\/media?parent=158"}],"curies":[{"name":"wp","href":"https:\/\/api.w.org\/{rel}","templated":true}]}}