{"id":152,"date":"2024-01-29T07:52:11","date_gmt":"2024-01-29T07:52:11","guid":{"rendered":"http:\/\/3.66.126.171\/?page_id=152"},"modified":"2025-02-19T09:45:10","modified_gmt":"2025-02-19T09:45:10","slug":"par-trikan","status":"publish","type":"page","link":"https:\/\/www.trikan.lv\/lt\/par-trikan\/","title":{"rendered":"Apie TriKan"},"content":{"rendered":"<div data-elementor-type=\"wp-page\" data-elementor-id=\"152\" class=\"elementor elementor-152\">\n\t\t\t\t<div class=\"elementor-element elementor-element-794a052 e-flex e-con-boxed e-con e-parent\" data-id=\"794a052\" data-element_type=\"container\">\n\t\t\t\t\t<div class=\"e-con-inner\">\n\t\t<div class=\"elementor-element elementor-element-881c4fb e-con-full e-flex e-con e-child\" data-id=\"881c4fb\" data-element_type=\"container\">\n\t\t\t\t<div class=\"elementor-element elementor-element-0b89bb5 elementor-widget elementor-widget-image\" data-id=\"0b89bb5\" data-element_type=\"widget\" data-widget_type=\"image.default\">\n\t\t\t\t<div class=\"elementor-widget-container\">\n\t\t\t\t\t\t\t\t\t\t\t\t\t<img fetchpriority=\"high\" decoding=\"async\" width=\"800\" height=\"640\" src=\"https:\/\/www.trikan.lv\/wp-content\/uploads\/2024\/02\/52974041773_922600d86f_o-1024x819.jpg\" class=\"attachment-large size-large wp-image-482\" alt=\"\" srcset=\"https:\/\/www.trikan.lv\/wp-content\/uploads\/2024\/02\/52974041773_922600d86f_o-1024x819.jpg 1024w, https:\/\/www.trikan.lv\/wp-content\/uploads\/2024\/02\/52974041773_922600d86f_o-300x240.jpg 300w, https:\/\/www.trikan.lv\/wp-content\/uploads\/2024\/02\/52974041773_922600d86f_o-768x614.jpg 768w, https:\/\/www.trikan.lv\/wp-content\/uploads\/2024\/02\/52974041773_922600d86f_o-1536x1229.jpg 1536w, https:\/\/www.trikan.lv\/wp-content\/uploads\/2024\/02\/52974041773_922600d86f_o-2048x1638.jpg 2048w\" sizes=\"(max-width: 800px) 100vw, 800px\" \/>\t\t\t\t\t\t\t\t\t\t\t\t\t<\/div>\n\t\t\t\t<\/div>\n\t\t\t\t<\/div>\n\t\t<div class=\"elementor-element elementor-element-6601e32 e-con-full e-flex e-con e-child\" data-id=\"6601e32\" data-element_type=\"container\">\n\t\t\t\t<div class=\"elementor-element elementor-element-df6e62a elementor-widget elementor-widget-image\" data-id=\"df6e62a\" data-element_type=\"widget\" data-widget_type=\"image.default\">\n\t\t\t\t<div class=\"elementor-widget-container\">\n\t\t\t\t\t\t\t\t\t\t\t\t\t<img decoding=\"async\" width=\"800\" height=\"640\" src=\"https:\/\/www.trikan.lv\/wp-content\/uploads\/2024\/02\/52974051310_e1937703e9_o-1024x819.jpg\" class=\"attachment-large size-large wp-image-481\" alt=\"\" srcset=\"https:\/\/www.trikan.lv\/wp-content\/uploads\/2024\/02\/52974051310_e1937703e9_o-1024x819.jpg 1024w, https:\/\/www.trikan.lv\/wp-content\/uploads\/2024\/02\/52974051310_e1937703e9_o-300x240.jpg 300w, https:\/\/www.trikan.lv\/wp-content\/uploads\/2024\/02\/52974051310_e1937703e9_o-768x614.jpg 768w, https:\/\/www.trikan.lv\/wp-content\/uploads\/2024\/02\/52974051310_e1937703e9_o-1536x1229.jpg 1536w, https:\/\/www.trikan.lv\/wp-content\/uploads\/2024\/02\/52974051310_e1937703e9_o-2048x1638.jpg 2048w\" sizes=\"(max-width: 800px) 100vw, 800px\" \/>\t\t\t\t\t\t\t\t\t\t\t\t\t<\/div>\n\t\t\t\t<\/div>\n\t\t\t\t<\/div>\n\t\t<div class=\"elementor-element elementor-element-89948ec e-con-full e-flex e-con e-child\" data-id=\"89948ec\" data-element_type=\"container\">\n\t\t\t\t<div class=\"elementor-element elementor-element-092dbd3 elementor-widget elementor-widget-image\" data-id=\"092dbd3\" data-element_type=\"widget\" data-widget_type=\"image.default\">\n\t\t\t\t<div class=\"elementor-widget-container\">\n\t\t\t\t\t\t\t\t\t\t\t\t\t<img decoding=\"async\" width=\"800\" height=\"640\" src=\"https:\/\/www.trikan.lv\/wp-content\/uploads\/2024\/02\/52974024608_9d951cd9f3_o-1024x819.jpg\" class=\"attachment-large size-large wp-image-483\" alt=\"\" srcset=\"https:\/\/www.trikan.lv\/wp-content\/uploads\/2024\/02\/52974024608_9d951cd9f3_o-1024x819.jpg 1024w, https:\/\/www.trikan.lv\/wp-content\/uploads\/2024\/02\/52974024608_9d951cd9f3_o-300x240.jpg 300w, https:\/\/www.trikan.lv\/wp-content\/uploads\/2024\/02\/52974024608_9d951cd9f3_o-768x614.jpg 768w, https:\/\/www.trikan.lv\/wp-content\/uploads\/2024\/02\/52974024608_9d951cd9f3_o-1536x1229.jpg 1536w, https:\/\/www.trikan.lv\/wp-content\/uploads\/2024\/02\/52974024608_9d951cd9f3_o-2048x1638.jpg 2048w\" sizes=\"(max-width: 800px) 100vw, 800px\" \/>\t\t\t\t\t\t\t\t\t\t\t\t\t<\/div>\n\t\t\t\t<\/div>\n\t\t\t\t<\/div>\n\t\t<div class=\"elementor-element elementor-element-11aecdf e-con-full e-flex e-con e-child\" data-id=\"11aecdf\" data-element_type=\"container\">\n\t\t\t\t<div class=\"elementor-element elementor-element-49233b1 elementor-widget elementor-widget-image\" data-id=\"49233b1\" data-element_type=\"widget\" data-widget_type=\"image.default\">\n\t\t\t\t<div class=\"elementor-widget-container\">\n\t\t\t\t\t\t\t\t\t\t\t\t\t<img loading=\"lazy\" decoding=\"async\" width=\"800\" height=\"800\" src=\"https:\/\/www.trikan.lv\/wp-content\/uploads\/2024\/02\/tri-kan-4-1024x1024.jpg\" class=\"attachment-large size-large wp-image-484\" alt=\"\" srcset=\"https:\/\/www.trikan.lv\/wp-content\/uploads\/2024\/02\/tri-kan-4-1024x1024.jpg 1024w, https:\/\/www.trikan.lv\/wp-content\/uploads\/2024\/02\/tri-kan-4-300x300.jpg 300w, https:\/\/www.trikan.lv\/wp-content\/uploads\/2024\/02\/tri-kan-4-150x150.jpg 150w, https:\/\/www.trikan.lv\/wp-content\/uploads\/2024\/02\/tri-kan-4-768x768.jpg 768w, https:\/\/www.trikan.lv\/wp-content\/uploads\/2024\/02\/tri-kan-4.jpg 1440w\" sizes=\"(max-width: 800px) 100vw, 800px\" \/>\t\t\t\t\t\t\t\t\t\t\t\t\t<\/div>\n\t\t\t\t<\/div>\n\t\t\t\t<\/div>\n\t\t<div class=\"elementor-element elementor-element-cd6fdea e-con-full e-flex e-con e-child\" data-id=\"cd6fdea\" data-element_type=\"container\">\n\t\t\t\t<div class=\"elementor-element elementor-element-e0a2d40 elementor-widget elementor-widget-text-editor\" data-id=\"e0a2d40\" data-element_type=\"widget\" data-widget_type=\"text-editor.default\">\n\t\t\t\t<div class=\"elementor-widget-container\">\n\t\t\t\t\t\t\t<p><span style=\"color: var( --e-global-color-text ); font-family: var( --e-global-typography-text-font-family ), Sans-serif; font-size: var( --e-global-typography-text-font-size ); font-style: var( --e-global-typography-text-font-style ); font-weight: var( --e-global-typography-text-font-weight ); letter-spacing: var( --e-global-typography-text-letter-spacing ); text-transform: var( --e-global-typography-text-text-transform ); text-align: var(--text-align); background-color: var( --e-global-color-c696dce );\">Esame sporto klubas, kur\u012f \u012fk\u016br\u0117 patyr\u0119 plaukimo ir triatlono entuziastai. Tarp m\u016bs\u0173 yra ir profesionali\u0173 Europos lygio sportinink\u0173, ir vietini\u0173 Latvijos \u010dempion\u0173, kurie startuoja tiek trumpose, tiek vidutin\u0117se, tiek ilgose distancijose.<\/span><\/p><p>Klubo veikloje aktyviai dalyvauja sportininkai, treneriai ir tarptautin\u0117s kategorijos triatlono teis\u0117jai, kuri\u0173 tikslas \u2013 populiarinti triatlono sport\u0105 ir kelti triatlono var\u017eyb\u0173 kokyb\u0119 Latvijoje.<\/p><p>Sporto klubas TRI KAN veikia nuo 2021 m., jau sub\u016br\u0117 50 klubo nari\u0173 ir yra Latvijos triatlono federacijos juridinis narys.<\/p>\t\t\t\t\t\t<\/div>\n\t\t\t\t<\/div>\n\t\t\t\t<\/div>\n\t\t\t\t\t<\/div>\n\t\t\t\t<\/div>\n\t\t<div class=\"elementor-element elementor-element-0554700 e-flex e-con-boxed e-con e-parent\" data-id=\"0554700\" data-element_type=\"container\">\n\t\t\t\t\t<div class=\"e-con-inner\">\n\t\t\t\t<div class=\"elementor-element elementor-element-42ba362 elementor-widget elementor-widget-accordion\" data-id=\"42ba362\" data-element_type=\"widget\" data-widget_type=\"accordion.default\">\n\t\t\t\t<div class=\"elementor-widget-container\">\n\t\t\t\t\t<div class=\"elementor-accordion\">\n\t\t\t\t\t\t\t<div class=\"elementor-accordion-item\">\n\t\t\t\t\t<div id=\"elementor-tab-title-6991\" class=\"elementor-tab-title\" data-tab=\"1\" role=\"button\" aria-controls=\"elementor-tab-content-6991\" aria-expanded=\"false\">\n\t\t\t\t\t\t\t\t\t\t\t\t\t<span class=\"elementor-accordion-icon elementor-accordion-icon-left\" aria-hidden=\"true\">\n\t\t\t\t\t\t\t\t\t\t\t\t\t\t\t<span class=\"elementor-accordion-icon-closed\"><i class=\"fas fa-plus\"><\/i><\/span>\n\t\t\t\t\t\t\t\t<span class=\"elementor-accordion-icon-opened\"><i class=\"fas fa-minus\"><\/i><\/span>\n\t\t\t\t\t\t\t\t\t\t\t\t\t\t<\/span>\n\t\t\t\t\t\t\t\t\t\t\t\t<a class=\"elementor-accordion-title\" tabindex=\"0\">2021 m.<\/a>\n\t\t\t\t\t<\/div>\n\t\t\t\t\t<div id=\"elementor-tab-content-6991\" class=\"elementor-tab-content elementor-clearfix\" data-tab=\"1\" role=\"region\" aria-labelledby=\"elementor-tab-title-6991\"><p>Siekdami atstovauti savo interesams, suburti bendramin\u010di\u0173 triatlono entuziast\u0173 bendruomen\u0119 ir kelti var\u017eyb\u0173 kokyb\u0119, Maris ir Edgaras nusprend\u017eia \u012fkurti <b>triatlono ir plaukimo klubas \u201eTRI KAN\u201c<\/b>. Klubo emblema \u2013 violetin\u0117 drie\u017eiuk\u0117.<\/p><p><b>TRI KAN vertimas<\/b> \u201eK'an\u201c yra visatos k\u016br\u0117jas, simbolizuojantis vidin\u0119 ugn\u012f, kuri yra gyvybin\u0117s j\u0117gos pagrindas. Maj\u0173 mitologijoje \u201eKan\u201c siejamas su gyvate arba drie\u017eu ir simbolizuoja gyvybin\u0119 energij\u0105. Senov\u0117s kult\u016brose gyvat\u0117s arba drie\u017eai da\u017enai buvo siejami su gyvybine j\u0117ga ir atsinaujinimu. \u017dodis \u201eK'an\u201c apib\u016bdina b\u016btyb\u0119, simbolizuojan\u010di\u0105 kosmin\u0119 energij\u0105 ir gyvybin\u0119 j\u0117g\u0105, nurodant \u201evidin\u0119 ugn\u012f\u201c, kuri gali reik\u0161ti gyvybin\u0117s energijos \u0161altin\u012f.<\/p><\/div>\n\t\t\t\t<\/div>\n\t\t\t\t\t\t\t<div class=\"elementor-accordion-item\">\n\t\t\t\t\t<div id=\"elementor-tab-title-6992\" class=\"elementor-tab-title\" data-tab=\"2\" role=\"button\" aria-controls=\"elementor-tab-content-6992\" aria-expanded=\"false\">\n\t\t\t\t\t\t\t\t\t\t\t\t\t<span class=\"elementor-accordion-icon elementor-accordion-icon-left\" aria-hidden=\"true\">\n\t\t\t\t\t\t\t\t\t\t\t\t\t\t\t<span class=\"elementor-accordion-icon-closed\"><i class=\"fas fa-plus\"><\/i><\/span>\n\t\t\t\t\t\t\t\t<span class=\"elementor-accordion-icon-opened\"><i class=\"fas fa-minus\"><\/i><\/span>\n\t\t\t\t\t\t\t\t\t\t\t\t\t\t<\/span>\n\t\t\t\t\t\t\t\t\t\t\t\t<a class=\"elementor-accordion-title\" tabindex=\"0\">2022 m.<\/a>\n\t\t\t\t\t<\/div>\n\t\t\t\t\t<div id=\"elementor-tab-content-6992\" class=\"elementor-tab-content elementor-clearfix\" data-tab=\"2\" role=\"region\" aria-labelledby=\"elementor-tab-title-6992\"><p>Klubas tampa Latvijos triatlono federacijos juridiniu nariu ir organizuoja savo pirm\u0105sias var\u017eybas \u2013 Al\u016bksn\u0117s triatlon\u0105 2022. Be to, organizuojamas sprinto distancijos \u010dempionatas!<\/p><\/div>\n\t\t\t\t<\/div>\n\t\t\t\t\t\t\t<div class=\"elementor-accordion-item\">\n\t\t\t\t\t<div id=\"elementor-tab-title-6993\" class=\"elementor-tab-title\" data-tab=\"3\" role=\"button\" aria-controls=\"elementor-tab-content-6993\" aria-expanded=\"false\">\n\t\t\t\t\t\t\t\t\t\t\t\t\t<span class=\"elementor-accordion-icon elementor-accordion-icon-left\" aria-hidden=\"true\">\n\t\t\t\t\t\t\t\t\t\t\t\t\t\t\t<span class=\"elementor-accordion-icon-closed\"><i class=\"fas fa-plus\"><\/i><\/span>\n\t\t\t\t\t\t\t\t<span class=\"elementor-accordion-icon-opened\"><i class=\"fas fa-minus\"><\/i><\/span>\n\t\t\t\t\t\t\t\t\t\t\t\t\t\t<\/span>\n\t\t\t\t\t\t\t\t\t\t\t\t<a class=\"elementor-accordion-title\" tabindex=\"0\">2023 m.<\/a>\n\t\t\t\t\t<\/div>\n\t\t\t\t\t<div id=\"elementor-tab-content-6993\" class=\"elementor-tab-content elementor-clearfix\" data-tab=\"3\" role=\"region\" aria-labelledby=\"elementor-tab-title-6993\"><p>T\u0119siama Al\u016bksn\u0117s triatlono tradicija, taip pat organizuojamas Baltijos \u010dempionatas. Al\u016bksn\u0117je dalyvavo 250 sportinink\u0173.<\/p><p>TRI KAN prisideda prie Rygos triatlono k\u016brimo, prisiimdamas dvira\u010di\u0173 trasos statyb\u0105.<\/p><p>TRI KAN pirm\u0105 kart\u0105 Latvijoje sureng\u0117 akvatlon\u0105 su plaukimu atvirame vandenyje \u2013 Adaz\u0173 akvatlonas 2023 m.<\/p><\/div>\n\t\t\t\t<\/div>\n\t\t\t\t\t\t\t<div class=\"elementor-accordion-item\">\n\t\t\t\t\t<div id=\"elementor-tab-title-6994\" class=\"elementor-tab-title\" data-tab=\"4\" role=\"button\" aria-controls=\"elementor-tab-content-6994\" aria-expanded=\"false\">\n\t\t\t\t\t\t\t\t\t\t\t\t\t<span class=\"elementor-accordion-icon elementor-accordion-icon-left\" aria-hidden=\"true\">\n\t\t\t\t\t\t\t\t\t\t\t\t\t\t\t<span class=\"elementor-accordion-icon-closed\"><i class=\"fas fa-plus\"><\/i><\/span>\n\t\t\t\t\t\t\t\t<span class=\"elementor-accordion-icon-opened\"><i class=\"fas fa-minus\"><\/i><\/span>\n\t\t\t\t\t\t\t\t\t\t\t\t\t\t<\/span>\n\t\t\t\t\t\t\t\t\t\t\t\t<a class=\"elementor-accordion-title\" tabindex=\"0\">2024 m.<\/a>\n\t\t\t\t\t<\/div>\n\t\t\t\t\t<div id=\"elementor-tab-content-6994\" class=\"elementor-tab-content elementor-clearfix\" data-tab=\"4\" role=\"region\" aria-labelledby=\"elementor-tab-title-6994\"><p>\u201eAl\u016bksn\u0117s triatlonas 2024\u201c metu pirm\u0105 kart\u0105 organizuojamas Jaunimo \u010dempionatas, kuriame dalyvauja ir sportininkai i\u0161 kaimynini\u0173 \u0161ali\u0173! \u201e\u0100da\u017eu akvatlons 2024\u201c suburia rekordin\u012f dalyvi\u0173 skai\u010di\u0173. Latvijos triatlono federacijos visuotiniame susirinkime Maris ir Evita buvo perrinkti valdybos nariais, o Lukasas buvo i\u0161rinktas \u012f valdyb\u0105. TRI KAN valdyba i\u0161pl\u0117sta nuo trij\u0173 iki penki\u0173 nari\u0173, taip u\u017etikrinant tolesn\u0119 klubo pl\u0117tr\u0105 \u012fvairiomis kryptimis.<\/p><\/div>\n\t\t\t\t<\/div>\n\t\t\t\t\t\t\t<div class=\"elementor-accordion-item\">\n\t\t\t\t\t<div id=\"elementor-tab-title-6995\" class=\"elementor-tab-title\" data-tab=\"5\" role=\"button\" aria-controls=\"elementor-tab-content-6995\" aria-expanded=\"false\">\n\t\t\t\t\t\t\t\t\t\t\t\t\t<span class=\"elementor-accordion-icon elementor-accordion-icon-left\" aria-hidden=\"true\">\n\t\t\t\t\t\t\t\t\t\t\t\t\t\t\t<span class=\"elementor-accordion-icon-closed\"><i class=\"fas fa-plus\"><\/i><\/span>\n\t\t\t\t\t\t\t\t<span class=\"elementor-accordion-icon-opened\"><i class=\"fas fa-minus\"><\/i><\/span>\n\t\t\t\t\t\t\t\t\t\t\t\t\t\t<\/span>\n\t\t\t\t\t\t\t\t\t\t\t\t<a class=\"elementor-accordion-title\" tabindex=\"0\">2025-ieji<\/a>\n\t\t\t\t\t<\/div>\n\t\t\t\t\t<div id=\"elementor-tab-content-6995\" class=\"elementor-tab-content elementor-clearfix\" data-tab=\"5\" role=\"region\" aria-labelledby=\"elementor-tab-title-6995\"><p>TRI KAN \u0117m\u0117si iki \u0161iol ambicingiausio renginio \u2013 dviej\u0173 dien\u0173 var\u017eyb\u0173 Al\u016bksn\u0117je, \u012f kurias \u012ftrauktas plaukimas atvirame vandenyje, estafet\u0117s, Jaunimo atvirasis \u010dempionatas ir Latvijos \u010dempionatas olimpin\u0117je distancijoje.<br><br>Taip pat bus i\u0161pl\u0117stas \u201eAdazi Aquathlon 2025\u201c si\u016blom\u0173 atstum\u0173 asortimentas.<\/p><\/div>\n\t\t\t\t<\/div>\n\t\t\t\t\t\t\t\t<\/div>\n\t\t\t\t<\/div>\n\t\t\t\t<\/div>\n\t\t\t\t\t<\/div>\n\t\t\t\t<\/div>\n\t\t\t\t<\/div>","protected":false},"excerpt":{"rendered":"<p>Esame sporto klubas, kur\u012f \u012fk\u016br\u0117 patyr\u0119 plaukimo ir triatlono entuziastai. Tarp m\u016bs\u0173 yra ir profesionali\u0173 Europos lygio sportinink\u0173, ir vietini\u0173 Latvijos \u010dempion\u0173, kurie var\u017eosi tiek trumpose, tiek vidutin\u0117se, tiek ilgose distancijose. Klube aktyviai dalyvauja sportininkai, treneriai ir tarptautiniu mastu kvalifikuoti triatlono teis\u0117jai, kuri\u0173 tikslas \u2013 populiarinti triatlono sport\u0105 ir kelti triatlono var\u017eyb\u0173 kokyb\u0119 Latvijoje. Sporto klubas [\u2026]<\/p>","protected":false},"author":5,"featured_media":0,"parent":0,"menu_order":0,"comment_status":"closed","ping_status":"closed","template":"","meta":{"footnotes":""},"class_list":["post-152","page","type-page","status-publish","hentry"],"yoast_head":"<!-- This site is optimized with the Yoast SEO plugin v22.0 - https:\/\/yoast.com\/wordpress\/plugins\/seo\/ -->\n<title>Par TriKan - Tri Kan<\/title>\n<meta name=\"robots\" content=\"index, follow, max-snippet:-1, max-image-preview:large, max-video-preview:-1\" \/>\n<link rel=\"canonical\" href=\"https:\/\/www.trikan.lv\/lt\/par-trikan\/\" \/>\n<meta property=\"og:locale\" content=\"lt_LT\" \/>\n<meta property=\"og:type\" content=\"article\" \/>\n<meta property=\"og:title\" content=\"Par TriKan - Tri Kan\" \/>\n<meta property=\"og:description\" content=\"Esam sporta klubs, kuru dibin\u0101ju\u0161i pieredz\u0113ju\u0161i peld\u0113\u0161anas un triatlona entuziasti. M\u016bsu vid\u016b ir gan profesion\u0101li Eiropas l\u012bme\u0146a sportisti, gan viet\u0113jie Latvijas \u010dempioni, kas start\u0113 gan \u012bsaj\u0101s, gan vid\u0113j\u0101s, gan garaj\u0101s distanc\u0113s. Klub\u0101 akt\u012bvi piedal\u0101s sportisti, treneri un starptautiski kvalific\u0113ti triatlona tiesne\u0161i ar m\u0113r\u0137i populariz\u0113t triatlona sporta veidu un celt triatlona sacens\u012bbu kvalit\u0101ti Latvij\u0101. Sporta klubs [&hellip;]\" \/>\n<meta property=\"og:url\" content=\"https:\/\/www.trikan.lv\/lt\/par-trikan\/\" \/>\n<meta property=\"og:site_name\" content=\"Tri Kan\" \/>\n<meta property=\"article:publisher\" content=\"https:\/\/www.facebook.com\/profile.php?id=100095351500188\" \/>\n<meta property=\"article:modified_time\" content=\"2025-02-19T09:45:10+00:00\" \/>\n<meta property=\"og:image\" content=\"https:\/\/www.trikan.lv\/wp-content\/uploads\/2024\/02\/52974041773_922600d86f_o-1024x819.jpg\" \/>\n<meta name=\"twitter:card\" content=\"summary_large_image\" \/>\n<meta name=\"twitter:label1\" content=\"Est. reading time\" \/>\n\t<meta name=\"twitter:data1\" content=\"3 minut\u0117s\" \/>\n<script type=\"application\/ld+json\" class=\"yoast-schema-graph\">{\"@context\":\"https:\/\/schema.org\",\"@graph\":[{\"@type\":\"WebPage\",\"@id\":\"https:\/\/www.trikan.lv\/en\/par-trikan\/\",\"url\":\"https:\/\/www.trikan.lv\/en\/par-trikan\/\",\"name\":\"Par TriKan - Tri Kan\",\"isPartOf\":{\"@id\":\"https:\/\/3.66.126.171\/#website\"},\"datePublished\":\"2024-01-29T07:52:11+00:00\",\"dateModified\":\"2025-02-19T09:45:10+00:00\",\"breadcrumb\":{\"@id\":\"https:\/\/www.trikan.lv\/en\/par-trikan\/#breadcrumb\"},\"inLanguage\":\"lt-LT\",\"potentialAction\":[{\"@type\":\"ReadAction\",\"target\":[\"https:\/\/www.trikan.lv\/en\/par-trikan\/\"]}]},{\"@type\":\"BreadcrumbList\",\"@id\":\"https:\/\/www.trikan.lv\/en\/par-trikan\/#breadcrumb\",\"itemListElement\":[{\"@type\":\"ListItem\",\"position\":1,\"name\":\"Home\",\"item\":\"https:\/\/3.66.126.171\/\"},{\"@type\":\"ListItem\",\"position\":2,\"name\":\"Par TriKan\"}]},{\"@type\":\"WebSite\",\"@id\":\"https:\/\/3.66.126.171\/#website\",\"url\":\"https:\/\/3.66.126.171\/\",\"name\":\"Tri Kan\",\"description\":\"\",\"publisher\":{\"@id\":\"https:\/\/3.66.126.171\/#organization\"},\"potentialAction\":[{\"@type\":\"SearchAction\",\"target\":{\"@type\":\"EntryPoint\",\"urlTemplate\":\"https:\/\/3.66.126.171\/?s={search_term_string}\"},\"query-input\":\"required name=search_term_string\"}],\"inLanguage\":\"lt-LT\"},{\"@type\":\"Organization\",\"@id\":\"https:\/\/3.66.126.171\/#organization\",\"name\":\"Tri Kan\",\"url\":\"https:\/\/3.66.126.171\/\",\"logo\":{\"@type\":\"ImageObject\",\"inLanguage\":\"lt-LT\",\"@id\":\"https:\/\/3.66.126.171\/#\/schema\/logo\/image\/\",\"url\":\"https:\/\/www.trikan.lv\/wp-content\/uploads\/2024\/01\/Tri_Kan_LOGO3-small.jpg\",\"contentUrl\":\"https:\/\/www.trikan.lv\/wp-content\/uploads\/2024\/01\/Tri_Kan_LOGO3-small.jpg\",\"width\":300,\"height\":159,\"caption\":\"Tri Kan\"},\"image\":{\"@id\":\"https:\/\/3.66.126.171\/#\/schema\/logo\/image\/\"},\"sameAs\":[\"https:\/\/www.facebook.com\/profile.php?id=100095351500188\",\"https:\/\/www.instagram.com\/triatlona_klubs_trikan\/\"]}]}<\/script>\n<!-- \/ Yoast SEO plugin. -->","yoast_head_json":{"title":"Par TriKan - Tri Kan","robots":{"index":"index","follow":"follow","max-snippet":"max-snippet:-1","max-image-preview":"max-image-preview:large","max-video-preview":"max-video-preview:-1"},"canonical":"https:\/\/www.trikan.lv\/lt\/par-trikan\/","og_locale":"lt_LT","og_type":"article","og_title":"Par TriKan - Tri Kan","og_description":"Esam sporta klubs, kuru dibin\u0101ju\u0161i pieredz\u0113ju\u0161i peld\u0113\u0161anas un triatlona entuziasti. M\u016bsu vid\u016b ir gan profesion\u0101li Eiropas l\u012bme\u0146a sportisti, gan viet\u0113jie Latvijas \u010dempioni, kas start\u0113 gan \u012bsaj\u0101s, gan vid\u0113j\u0101s, gan garaj\u0101s distanc\u0113s. Klub\u0101 akt\u012bvi piedal\u0101s sportisti, treneri un starptautiski kvalific\u0113ti triatlona tiesne\u0161i ar m\u0113r\u0137i populariz\u0113t triatlona sporta veidu un celt triatlona sacens\u012bbu kvalit\u0101ti Latvij\u0101. Sporta klubs [&hellip;]","og_url":"https:\/\/www.trikan.lv\/lt\/par-trikan\/","og_site_name":"Tri Kan","article_publisher":"https:\/\/www.facebook.com\/profile.php?id=100095351500188","article_modified_time":"2025-02-19T09:45:10+00:00","og_image":[{"url":"https:\/\/www.trikan.lv\/wp-content\/uploads\/2024\/02\/52974041773_922600d86f_o-1024x819.jpg"}],"twitter_card":"summary_large_image","twitter_misc":{"Est. reading time":"3 minut\u0117s"},"schema":{"@context":"https:\/\/schema.org","@graph":[{"@type":"WebPage","@id":"https:\/\/www.trikan.lv\/en\/par-trikan\/","url":"https:\/\/www.trikan.lv\/en\/par-trikan\/","name":"Par TriKan - Tri Kan","isPartOf":{"@id":"https:\/\/3.66.126.171\/#website"},"datePublished":"2024-01-29T07:52:11+00:00","dateModified":"2025-02-19T09:45:10+00:00","breadcrumb":{"@id":"https:\/\/www.trikan.lv\/en\/par-trikan\/#breadcrumb"},"inLanguage":"lt-LT","potentialAction":[{"@type":"ReadAction","target":["https:\/\/www.trikan.lv\/en\/par-trikan\/"]}]},{"@type":"BreadcrumbList","@id":"https:\/\/www.trikan.lv\/en\/par-trikan\/#breadcrumb","itemListElement":[{"@type":"ListItem","position":1,"name":"Home","item":"https:\/\/3.66.126.171\/"},{"@type":"ListItem","position":2,"name":"Par TriKan"}]},{"@type":"WebSite","@id":"https:\/\/3.66.126.171\/#website","url":"https:\/\/3.66.126.171\/","name":"Tri Kan","description":"","publisher":{"@id":"https:\/\/3.66.126.171\/#organization"},"potentialAction":[{"@type":"SearchAction","target":{"@type":"EntryPoint","urlTemplate":"https:\/\/3.66.126.171\/?s={search_term_string}"},"query-input":"required name=search_term_string"}],"inLanguage":"lt-LT"},{"@type":"Organization","@id":"https:\/\/3.66.126.171\/#organization","name":"Tri Kan","url":"https:\/\/3.66.126.171\/","logo":{"@type":"ImageObject","inLanguage":"lt-LT","@id":"https:\/\/3.66.126.171\/#\/schema\/logo\/image\/","url":"https:\/\/www.trikan.lv\/wp-content\/uploads\/2024\/01\/Tri_Kan_LOGO3-small.jpg","contentUrl":"https:\/\/www.trikan.lv\/wp-content\/uploads\/2024\/01\/Tri_Kan_LOGO3-small.jpg","width":300,"height":159,"caption":"Tri Kan"},"image":{"@id":"https:\/\/3.66.126.171\/#\/schema\/logo\/image\/"},"sameAs":["https:\/\/www.facebook.com\/profile.php?id=100095351500188","https:\/\/www.instagram.com\/triatlona_klubs_trikan\/"]}]}},"_links":{"self":[{"href":"https:\/\/www.trikan.lv\/lt\/wp-json\/wp\/v2\/pages\/152","targetHints":{"allow":["GET"]}}],"collection":[{"href":"https:\/\/www.trikan.lv\/lt\/wp-json\/wp\/v2\/pages"}],"about":[{"href":"https:\/\/www.trikan.lv\/lt\/wp-json\/wp\/v2\/types\/page"}],"author":[{"embeddable":true,"href":"https:\/\/www.trikan.lv\/lt\/wp-json\/wp\/v2\/users\/5"}],"replies":[{"embeddable":true,"href":"https:\/\/www.trikan.lv\/lt\/wp-json\/wp\/v2\/comments?post=152"}],"version-history":[{"count":28,"href":"https:\/\/www.trikan.lv\/lt\/wp-json\/wp\/v2\/pages\/152\/revisions"}],"predecessor-version":[{"id":1004,"href":"https:\/\/www.trikan.lv\/lt\/wp-json\/wp\/v2\/pages\/152\/revisions\/1004"}],"wp:attachment":[{"href":"https:\/\/www.trikan.lv\/lt\/wp-json\/wp\/v2\/media?parent=152"}],"curies":[{"name":"wp","href":"https:\/\/api.w.org\/{rel}","templated":true}]}}