{"id":139,"date":"2024-01-29T07:49:31","date_gmt":"2024-01-29T07:49:31","guid":{"rendered":"http:\/\/3.66.126.171\/?page_id=139"},"modified":"2025-07-09T08:22:43","modified_gmt":"2025-07-09T06:22:43","slug":"raksti","status":"publish","type":"page","link":"https:\/\/www.trikan.lv\/lt\/raksti\/","title":{"rendered":"Artiklid"},"content":{"rendered":"<div data-elementor-type=\"wp-page\" data-elementor-id=\"139\" class=\"elementor elementor-139\">\n\t\t\t\t<div class=\"elementor-element elementor-element-78fd881 e-flex e-con-boxed e-con e-parent\" data-id=\"78fd881\" data-element_type=\"container\">\n\t\t\t\t\t<div class=\"e-con-inner\">\n\t\t\t\t<div class=\"elementor-element elementor-element-72e9db5 elementor-widget elementor-widget-heading\" data-id=\"72e9db5\" data-element_type=\"widget\" data-widget_type=\"heading.default\">\n\t\t\t\t<div class=\"elementor-widget-container\">\n\t\t\t<h2 class=\"elementor-heading-title elementor-size-default\">Al\u016bksn\u0117s triatlonas 2025<\/h2>\t\t<\/div>\n\t\t\t\t<\/div>\n\t\t\t\t\t<\/div>\n\t\t\t\t<\/div>\n\t\t<div class=\"elementor-element elementor-element-8b60acc e-flex e-con-boxed e-con e-parent\" data-id=\"8b60acc\" data-element_type=\"container\">\n\t\t\t\t\t<div class=\"e-con-inner\">\n\t\t<div class=\"elementor-element elementor-element-e4766d3 e-con-full e-flex e-con e-child\" data-id=\"e4766d3\" data-element_type=\"container\">\n\t\t\t\t<div class=\"elementor-element elementor-element-d2d44e3 elementor-widget elementor-widget-image\" data-id=\"d2d44e3\" data-element_type=\"widget\" data-widget_type=\"image.default\">\n\t\t\t\t<div class=\"elementor-widget-container\">\n\t\t\t\t\t\t\t\t\t\t\t\t\t<img fetchpriority=\"high\" decoding=\"async\" width=\"800\" height=\"534\" src=\"https:\/\/www.trikan.lv\/wp-content\/uploads\/2025\/07\/1G0A0285-1024x683.jpg\" class=\"attachment-large size-large wp-image-1197\" alt=\"\" srcset=\"https:\/\/www.trikan.lv\/wp-content\/uploads\/2025\/07\/1G0A0285-1024x683.jpg 1024w, https:\/\/www.trikan.lv\/wp-content\/uploads\/2025\/07\/1G0A0285-300x200.jpg 300w, https:\/\/www.trikan.lv\/wp-content\/uploads\/2025\/07\/1G0A0285-768x512.jpg 768w, https:\/\/www.trikan.lv\/wp-content\/uploads\/2025\/07\/1G0A0285-1536x1024.jpg 1536w, https:\/\/www.trikan.lv\/wp-content\/uploads\/2025\/07\/1G0A0285-2048x1365.jpg 2048w\" sizes=\"(max-width: 800px) 100vw, 800px\" \/>\t\t\t\t\t\t\t\t\t\t\t\t\t<\/div>\n\t\t\t\t<\/div>\n\t\t\t\t<div class=\"elementor-element elementor-element-b0c384e elementor-widget elementor-widget-image\" data-id=\"b0c384e\" data-element_type=\"widget\" data-widget_type=\"image.default\">\n\t\t\t\t<div class=\"elementor-widget-container\">\n\t\t\t\t\t\t\t\t\t\t\t\t\t<img decoding=\"async\" width=\"800\" height=\"534\" src=\"https:\/\/www.trikan.lv\/wp-content\/uploads\/2025\/07\/Aluksnes-Triatlons_324-1024x683.jpg\" class=\"attachment-large size-large wp-image-1196\" alt=\"\" srcset=\"https:\/\/www.trikan.lv\/wp-content\/uploads\/2025\/07\/Aluksnes-Triatlons_324-1024x683.jpg 1024w, https:\/\/www.trikan.lv\/wp-content\/uploads\/2025\/07\/Aluksnes-Triatlons_324-300x200.jpg 300w, https:\/\/www.trikan.lv\/wp-content\/uploads\/2025\/07\/Aluksnes-Triatlons_324-768x512.jpg 768w, https:\/\/www.trikan.lv\/wp-content\/uploads\/2025\/07\/Aluksnes-Triatlons_324-1536x1024.jpg 1536w, https:\/\/www.trikan.lv\/wp-content\/uploads\/2025\/07\/Aluksnes-Triatlons_324-2048x1365.jpg 2048w\" sizes=\"(max-width: 800px) 100vw, 800px\" \/>\t\t\t\t\t\t\t\t\t\t\t\t\t<\/div>\n\t\t\t\t<\/div>\n\t\t\t\t<\/div>\n\t\t<div class=\"elementor-element elementor-element-0db9bec e-con-full e-flex e-con e-child\" data-id=\"0db9bec\" data-element_type=\"container\">\n\t\t\t\t<div class=\"elementor-element elementor-element-71d3f70 elementor-widget elementor-widget-text-editor\" data-id=\"71d3f70\" data-element_type=\"widget\" data-widget_type=\"text-editor.default\">\n\t\t\t\t<div class=\"elementor-widget-container\">\n\t\t\t\t\t\t\t<p>Bir\u017eelio 21 ir 22 dienomis, Jonini\u0173 \u0161vent\u0117s nuotaikomis pra\u0117jo vienos did\u017eiausi\u0173 triatlono var\u017eyb\u0173 Lietuvoje \u2013 Al\u016bksn\u0117s triatlono dienos. \u0160ie metai buvo ypatingi keliais naujumais \u2013 var\u017eybos pirm\u0105 kart\u0105 vyko dvi dienas, o jau pirm\u0105j\u0105 dien\u0105 sportininkai debiutavo Al\u016bksn\u0117s atviro vandens plaukime!<\/p>\n<p>Nors oras buvo v\u0117sus ir \u0161iek tiek lietingas, tai nesutrukd\u0117 daugiau nei 260 sportinink\u0173 atvykti \u012f Al\u016bksn\u0119, kur pirm\u0105j\u0105 dien\u0105 jie \u0161oko \u012f vanden\u012f \u2013 dalyvavo atviro vandens plaukimo var\u017eybose ir estafet\u0117se, o antr\u0105j\u0105 dien\u0105 i\u0161band\u0117 savo j\u0117gas triatlono rungtyse. Tai buvo svarbios var\u017eybos \u2013 kaip ir pernai, jaunimas kovojo d\u0117l medali\u0173 Latvijos atvirajame jaunimo \u010dempionate, o \u0161iemet stipriausi sportininkai var\u017e\u0117si Latvijos standartin\u0117s distancijos \u010dempionate.<\/p>\n<p>Ypa\u010d d\u017eiaugiam\u0117s gausiu dalyvi\u0173 skai\u010diumi estafet\u0117se \u2013 triatlono estafet\u0117je j\u0117gas i\u0161band\u0117 8 komandos, o tautos estafet\u0117je startavo dar 6 komandos. Estafet\u0117s buvo puiki galimyb\u0117 ne tik patyrusiems sportininkams, bet ir vietiniams al\u016bksnie\u010diams susipa\u017einti su triatlono sporto \u017eavesiu.<\/p>\n<p>Nuo\u0161ird\u017eiai d\u0117kojame visiems, kurie pad\u0117jo \u0161ioms var\u017eyboms tapti tikra \u0161vente \u2013 pradedant organizatori\u0173 komanda ir savanoriais, baigiant pa\u010diais sportininkais, kurie nepab\u016bgo \u012fveikti ir tolimo kelio \u012f Al\u016bksn\u0119. \u017dinoma, didelis a\u010di\u016b m\u016bs\u0173 r\u0117m\u0117jams \u2013 be kuri\u0173 neb\u016btume nu\u0117j\u0119 taip toli. Taip pat d\u0117kojame \u017ei\u016brovams, dalyvi\u0173 giminai\u010diams, draugams ir visiems gerb\u0117jams, kurie savo buvimu pad\u0117jo sukurti ypating\u0105 \u0161ventin\u0119 nuotaik\u0105 \u0161iomis \u0161altomis, bet gra\u017eiomis dienomis.<\/p><p>Primename, kad var\u017eyb\u0173 rezultatus galite rasti tinklalapyje&nbsp;<a href=\"http:\/\/aluksnestriatlons.lv\/\" target=\"_blank\" rel=\"noopener\" data-saferedirecturl=\"https:\/\/www.google.com\/url?q=http:\/\/aluksnestriatlons.lv&amp;source=gmail&amp;ust=1752061762425000&amp;usg=AOvVaw3rHiDicdTyvX-X73PDWtFW\">aluksnestriatlons.lv<\/a>, kur taip pat galima rasti abiej\u0173 var\u017eyb\u0173 dien\u0173 nuotraukas.<\/p>\n<p><\/p>\n<h6><strong>Ji jau ir atvira. <a href=\"https:\/\/app.triatlons.lv\/lv\/tournament\/7952\">parai\u0161kos<\/a> Rugpj\u016b\u010dio 24 d. vyksian\u010diam \u201e\u0100da\u017eu multisporta \u010dempion\u0101tam\u201c, kuriame bus galima var\u017eytis tiek atvirame vandenyje, tiek akvatlone!<\/strong><br><strong>A\u010di\u016b visiems ir iki susitikimo Ada\u017eiuose!<\/strong><\/h6>\t\t\t\t\t\t<\/div>\n\t\t\t\t<\/div>\n\t\t\t\t<\/div>\n\t\t\t\t\t<\/div>\n\t\t\t\t<\/div>\n\t\t<div class=\"elementor-element elementor-element-b895cca e-flex e-con-boxed e-con e-parent\" data-id=\"b895cca\" data-element_type=\"container\">\n\t\t\t\t\t<div class=\"e-con-inner\">\n\t\t\t\t<div class=\"elementor-element elementor-element-debd02b elementor-widget elementor-widget-heading\" data-id=\"debd02b\" data-element_type=\"widget\" data-widget_type=\"heading.default\">\n\t\t\t\t<div class=\"elementor-widget-container\">\n\t\t\t<h2 class=\"elementor-heading-title elementor-size-default\">M\u016bs\u0173 darbas LTF<\/h2>\t\t<\/div>\n\t\t\t\t<\/div>\n\t\t\t\t\t<\/div>\n\t\t\t\t<\/div>\n\t\t<div class=\"elementor-element elementor-element-cf8ca80 e-flex e-con-boxed e-con e-parent\" data-id=\"cf8ca80\" data-element_type=\"container\">\n\t\t\t\t\t<div class=\"e-con-inner\">\n\t\t<div class=\"elementor-element elementor-element-05c0942 e-con-full e-flex e-con e-child\" data-id=\"05c0942\" data-element_type=\"container\">\n\t\t\t\t<div class=\"elementor-element elementor-element-b6d726f elementor-widget__width-initial elementor-widget elementor-widget-image\" data-id=\"b6d726f\" data-element_type=\"widget\" data-widget_type=\"image.default\">\n\t\t\t\t<div class=\"elementor-widget-container\">\n\t\t\t\t\t\t\t\t\t\t\t\t\t<img decoding=\"async\" width=\"800\" height=\"800\" src=\"https:\/\/www.trikan.lv\/wp-content\/uploads\/2025\/02\/480325039_602311262957252_4511244550668365967_n-1-1024x1024.jpg\" class=\"attachment-large size-large wp-image-1018\" alt=\"\" srcset=\"https:\/\/www.trikan.lv\/wp-content\/uploads\/2025\/02\/480325039_602311262957252_4511244550668365967_n-1-1024x1024.jpg 1024w, https:\/\/www.trikan.lv\/wp-content\/uploads\/2025\/02\/480325039_602311262957252_4511244550668365967_n-1-300x300.jpg 300w, https:\/\/www.trikan.lv\/wp-content\/uploads\/2025\/02\/480325039_602311262957252_4511244550668365967_n-1-150x150.jpg 150w, https:\/\/www.trikan.lv\/wp-content\/uploads\/2025\/02\/480325039_602311262957252_4511244550668365967_n-1-768x768.jpg 768w, https:\/\/www.trikan.lv\/wp-content\/uploads\/2025\/02\/480325039_602311262957252_4511244550668365967_n-1.jpg 1306w\" sizes=\"(max-width: 800px) 100vw, 800px\" \/>\t\t\t\t\t\t\t\t\t\t\t\t\t<\/div>\n\t\t\t\t<\/div>\n\t\t\t\t<\/div>\n\t\t<div class=\"elementor-element elementor-element-9df9445 e-con-full e-flex e-con e-child\" data-id=\"9df9445\" data-element_type=\"container\">\n\t\t\t\t<div class=\"elementor-element elementor-element-1c844a6 elementor-widget elementor-widget-text-editor\" data-id=\"1c844a6\" data-element_type=\"widget\" data-widget_type=\"text-editor.default\">\n\t\t\t\t<div class=\"elementor-widget-container\">\n\t\t\t\t\t\t\t<p>Latvijos triatlono federacija (LTF) yra pagrindin\u0117 Latvijos triatlono sporto prie\u017ei\u016bros organizacija. Mes did\u017eiuojam\u0117s, kad LTF valdyboje dirba trys TRI KAN nariai.<\/p><h6><b>Evita Leit\u0101ne<\/b>, kuri jau antr\u0105 kart\u0105 i\u0161rinkti \u012f LTF valdyb\u0105, pl\u0117toja triatlono teis\u0117j\u0173 jud\u0117jim\u0105 Lietuvoje, u\u017etikrindami, kad triatlono var\u017eybas Lietuvoje teis\u0117jaut\u0173 kompetentingi ir i\u0161silavin\u0119 triatlono teis\u0117jai. Evita yra LTF Teis\u0117j\u0173 tarybos vadov\u0117.<\/h6><h6><b>M\u0101ris Liepa<\/b> taip pat i\u0161rinktas antrai kadencijai \u012f LTF valdyb\u0105. Marius LTF rengia Lietuvos taur\u0117s nuostatus, Licencij\u0173 nuostatus, taip pat atsakingas u\u017e var\u017eyb\u0173 minimalius standartus. Kaip tarptautiniu mastu sertifikuotas triatlono treneris Marius aktyviai veikia ir LTF treneri\u0173 taryboje.\u00a0<\/h6><h6><b>Lukas Lappuke<\/b> LTF valdybos rinkimuose kandidatavo pirm\u0105 kart\u0105 ir, d\u0117ka savo entuziazmo ir vizijos, gavo LTF juridini\u0173 nari\u0173 palaikym\u0105 darbui valdyboje! Lukas LTF dirba ties federacijos vizualinio identiteto gerinimu ir proces\u0173 skaitmenizavimu, kad LTF darbas b\u016bt\u0173 skaidresnis ir triatlonininkams LTF paslaugos b\u016bt\u0173 lengviau prieinamos.<\/h6>\t\t\t\t\t\t<\/div>\n\t\t\t\t<\/div>\n\t\t\t\t<\/div>\n\t\t\t\t\t<\/div>\n\t\t\t\t<\/div>\n\t\t<div class=\"elementor-element elementor-element-1a7cf0b e-flex e-con-boxed e-con e-parent\" data-id=\"1a7cf0b\" data-element_type=\"container\">\n\t\t\t\t\t<div class=\"e-con-inner\">\n\t\t\t\t<div class=\"elementor-element elementor-element-37a76fc elementor-widget elementor-widget-heading\" data-id=\"37a76fc\" data-element_type=\"widget\" data-widget_type=\"heading.default\">\n\t\t\t\t<div class=\"elementor-widget-container\">\n\t\t\t<h2 class=\"elementor-heading-title elementor-size-default\">Istorija \u201eVieningi laisv\u0117je\u201c<\/h2>\t\t<\/div>\n\t\t\t\t<\/div>\n\t\t\t\t\t<\/div>\n\t\t\t\t<\/div>\n\t\t<div class=\"elementor-element elementor-element-39556ca e-flex e-con-boxed e-con e-parent\" data-id=\"39556ca\" data-element_type=\"container\">\n\t\t\t\t\t<div class=\"e-con-inner\">\n\t\t<div class=\"elementor-element elementor-element-c71ca33 e-con-full e-flex e-con e-child\" data-id=\"c71ca33\" data-element_type=\"container\">\n\t\t\t\t<div class=\"elementor-element elementor-element-ff536a5 elementor-widget__width-initial elementor-widget elementor-widget-image\" data-id=\"ff536a5\" data-element_type=\"widget\" data-widget_type=\"image.default\">\n\t\t\t\t<div class=\"elementor-widget-container\">\n\t\t\t\t\t\t\t\t\t\t\t\t\t<img loading=\"lazy\" decoding=\"async\" width=\"768\" height=\"768\" src=\"https:\/\/www.trikan.lv\/wp-content\/uploads\/2025\/02\/DSC03646-1-768x768.jpg\" class=\"attachment-medium_large size-medium_large wp-image-1019\" alt=\"\" srcset=\"https:\/\/www.trikan.lv\/wp-content\/uploads\/2025\/02\/DSC03646-1-768x768.jpg 768w, https:\/\/www.trikan.lv\/wp-content\/uploads\/2025\/02\/DSC03646-1-300x300.jpg 300w, https:\/\/www.trikan.lv\/wp-content\/uploads\/2025\/02\/DSC03646-1-1024x1024.jpg 1024w, https:\/\/www.trikan.lv\/wp-content\/uploads\/2025\/02\/DSC03646-1-150x150.jpg 150w, https:\/\/www.trikan.lv\/wp-content\/uploads\/2025\/02\/DSC03646-1-1536x1536.jpg 1536w, https:\/\/www.trikan.lv\/wp-content\/uploads\/2025\/02\/DSC03646-1-2048x2048.jpg 2048w\" sizes=\"(max-width: 768px) 100vw, 768px\" \/>\t\t\t\t\t\t\t\t\t\t\t\t\t<\/div>\n\t\t\t\t<\/div>\n\t\t\t\t<\/div>\n\t\t<div class=\"elementor-element elementor-element-52aceb5 e-con-full e-flex e-con e-child\" data-id=\"52aceb5\" data-element_type=\"container\">\n\t\t\t\t<div class=\"elementor-element elementor-element-5665f98 elementor-widget elementor-widget-text-editor\" data-id=\"5665f98\" data-element_type=\"widget\" data-widget_type=\"text-editor.default\">\n\t\t\t\t<div class=\"elementor-widget-container\">\n\t\t\t\t\t\t\t<p>Po maraton\u0173 ir triatlon\u0173, ultramaraton\u0173 ir 24 valand\u0173 b\u0117gimo var\u017eyb\u0173, \u201eTri Kan\u201c klubo nariai Ianas ir Lucas i\u0161band\u0117 savo fizin\u0119 ir psichin\u0119 i\u0161tverm\u0119 dar nereg\u0117tame fiziniame i\u0161\u0161\u016bkyje!\u00a0<\/p><p><span style=\"text-align: var(--text-align); background-color: var( --e-global-color-c696dce );\">Du draugai Baltijos kelio 35-me\u010dio proga per dvi paras i\u0161b\u0117go, i\u0161va\u017eiavo ir i\u0161plauk\u0117 Baltijos kelio mar\u0161rut\u0105, kad i\u0161siai\u0161kint\u0173, kok\u012f vaidmen\u012f m\u016bs\u0173 vienyb\u0117je ir dr\u0105soje u\u017eima laisv\u0117.<\/span><\/p><h6><b>I\u0161 viso nuo Talino iki Vilniaus reik\u0117jo nuplaukti 11,4 km Talino Harku e\u017eere, nuva\u017eiuoti dvira\u010diu 570 km ir nub\u0117gti 126,6 km.<\/b><\/h6><p>Aijens ir Lukasas buvo pirmieji, kurie tokiu b\u016bdu \u012fveik\u0117 Baltijos keli\u0105, taip primindami apie Baltijos keli\u0105, unikal\u0173 istorin\u012f \u012fvyk\u012f, kai 1989 m. Estijos, Latvijos ir Lietuvos gyventojai susikibo rankomis, siekdami savo \u0161ali\u0173 nepriklausomyb\u0117s ir laisv\u0117s.<\/p><p>Luko ir Iano nuotykius galite pamatyti \u201eGo3\u201c dokumentiniame filme <a href=\"https:\/\/go3.lv\/movies\/vienoti-briviba,vod-7889942\">\u201eVieningi laisv\u0117je\u201c<\/a>.\u00a0<\/p>\t\t\t\t\t\t<\/div>\n\t\t\t\t<\/div>\n\t\t\t\t<\/div>\n\t\t\t\t\t<\/div>\n\t\t\t\t<\/div>\n\t\t\t\t<\/div>","protected":false},"excerpt":{"rendered":"<p>Al\u016bksn\u0117s triatlonas 2025 m. Bir\u017eelio 21 ir 22 d., Jonini\u0173 \u0161vent\u0117s nuotaikomis, \u012fvyko vienos did\u017eiausi\u0173 triatlono var\u017eyb\u0173 Latvijoje \u2013 Al\u016bksn\u0117s triatlono dienos. \u0160ie metai buvo ypatingi keliais aspektais \u2013 var\u017eybos pirm\u0105 kart\u0105 vyko dvi dienas, o jau pirm\u0105j\u0105 dien\u0105 sportininkai debiutavo Al\u016bksn\u0117s atviro vandens plaukime! Nors oras buvo v\u0117sus ir \u0161iek tiek lietingas, tai nesutrukd\u0117 [\u2026]<\/p>","protected":false},"author":5,"featured_media":0,"parent":0,"menu_order":0,"comment_status":"closed","ping_status":"closed","template":"","meta":{"footnotes":""},"class_list":["post-139","page","type-page","status-publish","hentry"],"yoast_head":"<!-- This site is optimized with the Yoast SEO plugin v22.0 - https:\/\/yoast.com\/wordpress\/plugins\/seo\/ -->\n<title>Raksti - Tri Kan<\/title>\n<meta name=\"robots\" content=\"index, follow, max-snippet:-1, max-image-preview:large, max-video-preview:-1\" \/>\n<link rel=\"canonical\" href=\"https:\/\/www.trikan.lv\/lt\/raksti\/\" \/>\n<meta property=\"og:locale\" content=\"lt_LT\" \/>\n<meta property=\"og:type\" content=\"article\" \/>\n<meta property=\"og:title\" content=\"Raksti - Tri Kan\" \/>\n<meta property=\"og:description\" content=\"Al\u016bksnes triatlons 2025 21. un 22. j\u016bnij\u0101, L\u012bgo sv\u0113tku noska\u0146\u0101s aizvad\u012bj\u0101m vienas no liel\u0101kaj\u0101m triatlona sacens\u012bb\u0101m Latvij\u0101 \u2013 Al\u016bksnes triatlona dienas. \u0160is gads bija \u012bpa\u0161s ar vair\u0101kiem jaunumiem \u2013 sacens\u012bbas pirmo reizi norisin\u0101j\u0101s divu dienu garum\u0101, un jau pirmaj\u0101 dien\u0101 sportisti debit\u0113ja Al\u016bksnes atkl\u0101t\u0101 \u016bdens peld\u0113jum\u0101! Lai gan laikapst\u0101k\u013ci bija dr\u0113gni un nedaudz lietaini, tas [&hellip;]\" \/>\n<meta property=\"og:url\" content=\"https:\/\/www.trikan.lv\/lt\/raksti\/\" \/>\n<meta property=\"og:site_name\" content=\"Tri Kan\" \/>\n<meta property=\"article:publisher\" content=\"https:\/\/www.facebook.com\/profile.php?id=100095351500188\" \/>\n<meta property=\"article:modified_time\" content=\"2025-07-09T06:22:43+00:00\" \/>\n<meta property=\"og:image\" content=\"https:\/\/www.trikan.lv\/wp-content\/uploads\/2025\/07\/1G0A0285-1024x683.jpg\" \/>\n<meta name=\"twitter:card\" content=\"summary_large_image\" \/>\n<meta name=\"twitter:label1\" content=\"Est. reading time\" \/>\n\t<meta name=\"twitter:data1\" content=\"4 minut\u0117s\" \/>\n<script type=\"application\/ld+json\" class=\"yoast-schema-graph\">{\"@context\":\"https:\/\/schema.org\",\"@graph\":[{\"@type\":\"WebPage\",\"@id\":\"https:\/\/www.trikan.lv\/lt\/raksti\/\",\"url\":\"https:\/\/www.trikan.lv\/lt\/raksti\/\",\"name\":\"Raksti - Tri Kan\",\"isPartOf\":{\"@id\":\"https:\/\/3.66.126.171\/#website\"},\"datePublished\":\"2024-01-29T07:49:31+00:00\",\"dateModified\":\"2025-07-09T06:22:43+00:00\",\"breadcrumb\":{\"@id\":\"https:\/\/www.trikan.lv\/lt\/raksti\/#breadcrumb\"},\"inLanguage\":\"lt-LT\",\"potentialAction\":[{\"@type\":\"ReadAction\",\"target\":[\"https:\/\/www.trikan.lv\/lt\/raksti\/\"]}]},{\"@type\":\"BreadcrumbList\",\"@id\":\"https:\/\/www.trikan.lv\/lt\/raksti\/#breadcrumb\",\"itemListElement\":[{\"@type\":\"ListItem\",\"position\":1,\"name\":\"Home\",\"item\":\"https:\/\/3.66.126.171\/\"},{\"@type\":\"ListItem\",\"position\":2,\"name\":\"Raksti\"}]},{\"@type\":\"WebSite\",\"@id\":\"https:\/\/3.66.126.171\/#website\",\"url\":\"https:\/\/3.66.126.171\/\",\"name\":\"Tri Kan\",\"description\":\"\",\"publisher\":{\"@id\":\"https:\/\/3.66.126.171\/#organization\"},\"potentialAction\":[{\"@type\":\"SearchAction\",\"target\":{\"@type\":\"EntryPoint\",\"urlTemplate\":\"https:\/\/3.66.126.171\/?s={search_term_string}\"},\"query-input\":\"required name=search_term_string\"}],\"inLanguage\":\"lt-LT\"},{\"@type\":\"Organization\",\"@id\":\"https:\/\/3.66.126.171\/#organization\",\"name\":\"Tri Kan\",\"url\":\"https:\/\/3.66.126.171\/\",\"logo\":{\"@type\":\"ImageObject\",\"inLanguage\":\"lt-LT\",\"@id\":\"https:\/\/3.66.126.171\/#\/schema\/logo\/image\/\",\"url\":\"https:\/\/www.trikan.lv\/wp-content\/uploads\/2024\/01\/Tri_Kan_LOGO3-small.jpg\",\"contentUrl\":\"https:\/\/www.trikan.lv\/wp-content\/uploads\/2024\/01\/Tri_Kan_LOGO3-small.jpg\",\"width\":300,\"height\":159,\"caption\":\"Tri Kan\"},\"image\":{\"@id\":\"https:\/\/3.66.126.171\/#\/schema\/logo\/image\/\"},\"sameAs\":[\"https:\/\/www.facebook.com\/profile.php?id=100095351500188\",\"https:\/\/www.instagram.com\/triatlona_klubs_trikan\/\"]}]}<\/script>\n<!-- \/ Yoast SEO plugin. -->","yoast_head_json":{"title":"Raksti - Tri Kan","robots":{"index":"index","follow":"follow","max-snippet":"max-snippet:-1","max-image-preview":"max-image-preview:large","max-video-preview":"max-video-preview:-1"},"canonical":"https:\/\/www.trikan.lv\/lt\/raksti\/","og_locale":"lt_LT","og_type":"article","og_title":"Raksti - Tri Kan","og_description":"Al\u016bksnes triatlons 2025 21. un 22. j\u016bnij\u0101, L\u012bgo sv\u0113tku noska\u0146\u0101s aizvad\u012bj\u0101m vienas no liel\u0101kaj\u0101m triatlona sacens\u012bb\u0101m Latvij\u0101 \u2013 Al\u016bksnes triatlona dienas. \u0160is gads bija \u012bpa\u0161s ar vair\u0101kiem jaunumiem \u2013 sacens\u012bbas pirmo reizi norisin\u0101j\u0101s divu dienu garum\u0101, un jau pirmaj\u0101 dien\u0101 sportisti debit\u0113ja Al\u016bksnes atkl\u0101t\u0101 \u016bdens peld\u0113jum\u0101! Lai gan laikapst\u0101k\u013ci bija dr\u0113gni un nedaudz lietaini, tas [&hellip;]","og_url":"https:\/\/www.trikan.lv\/lt\/raksti\/","og_site_name":"Tri Kan","article_publisher":"https:\/\/www.facebook.com\/profile.php?id=100095351500188","article_modified_time":"2025-07-09T06:22:43+00:00","og_image":[{"url":"https:\/\/www.trikan.lv\/wp-content\/uploads\/2025\/07\/1G0A0285-1024x683.jpg"}],"twitter_card":"summary_large_image","twitter_misc":{"Est. reading time":"4 minut\u0117s"},"schema":{"@context":"https:\/\/schema.org","@graph":[{"@type":"WebPage","@id":"https:\/\/www.trikan.lv\/lt\/raksti\/","url":"https:\/\/www.trikan.lv\/lt\/raksti\/","name":"Raksti - Tri Kan","isPartOf":{"@id":"https:\/\/3.66.126.171\/#website"},"datePublished":"2024-01-29T07:49:31+00:00","dateModified":"2025-07-09T06:22:43+00:00","breadcrumb":{"@id":"https:\/\/www.trikan.lv\/lt\/raksti\/#breadcrumb"},"inLanguage":"lt-LT","potentialAction":[{"@type":"ReadAction","target":["https:\/\/www.trikan.lv\/lt\/raksti\/"]}]},{"@type":"BreadcrumbList","@id":"https:\/\/www.trikan.lv\/lt\/raksti\/#breadcrumb","itemListElement":[{"@type":"ListItem","position":1,"name":"Home","item":"https:\/\/3.66.126.171\/"},{"@type":"ListItem","position":2,"name":"Raksti"}]},{"@type":"WebSite","@id":"https:\/\/3.66.126.171\/#website","url":"https:\/\/3.66.126.171\/","name":"Tri Kan","description":"","publisher":{"@id":"https:\/\/3.66.126.171\/#organization"},"potentialAction":[{"@type":"SearchAction","target":{"@type":"EntryPoint","urlTemplate":"https:\/\/3.66.126.171\/?s={search_term_string}"},"query-input":"required name=search_term_string"}],"inLanguage":"lt-LT"},{"@type":"Organization","@id":"https:\/\/3.66.126.171\/#organization","name":"Tri Kan","url":"https:\/\/3.66.126.171\/","logo":{"@type":"ImageObject","inLanguage":"lt-LT","@id":"https:\/\/3.66.126.171\/#\/schema\/logo\/image\/","url":"https:\/\/www.trikan.lv\/wp-content\/uploads\/2024\/01\/Tri_Kan_LOGO3-small.jpg","contentUrl":"https:\/\/www.trikan.lv\/wp-content\/uploads\/2024\/01\/Tri_Kan_LOGO3-small.jpg","width":300,"height":159,"caption":"Tri Kan"},"image":{"@id":"https:\/\/3.66.126.171\/#\/schema\/logo\/image\/"},"sameAs":["https:\/\/www.facebook.com\/profile.php?id=100095351500188","https:\/\/www.instagram.com\/triatlona_klubs_trikan\/"]}]}},"_links":{"self":[{"href":"https:\/\/www.trikan.lv\/lt\/wp-json\/wp\/v2\/pages\/139","targetHints":{"allow":["GET"]}}],"collection":[{"href":"https:\/\/www.trikan.lv\/lt\/wp-json\/wp\/v2\/pages"}],"about":[{"href":"https:\/\/www.trikan.lv\/lt\/wp-json\/wp\/v2\/types\/page"}],"author":[{"embeddable":true,"href":"https:\/\/www.trikan.lv\/lt\/wp-json\/wp\/v2\/users\/5"}],"replies":[{"embeddable":true,"href":"https:\/\/www.trikan.lv\/lt\/wp-json\/wp\/v2\/comments?post=139"}],"version-history":[{"count":57,"href":"https:\/\/www.trikan.lv\/lt\/wp-json\/wp\/v2\/pages\/139\/revisions"}],"predecessor-version":[{"id":1234,"href":"https:\/\/www.trikan.lv\/lt\/wp-json\/wp\/v2\/pages\/139\/revisions\/1234"}],"wp:attachment":[{"href":"https:\/\/www.trikan.lv\/lt\/wp-json\/wp\/v2\/media?parent=139"}],"curies":[{"name":"wp","href":"https:\/\/api.w.org\/{rel}","templated":true}]}}