{"id":149,"date":"2024-01-29T07:51:43","date_gmt":"2024-01-29T07:51:43","guid":{"rendered":"http:\/\/3.66.126.171\/?page_id=149"},"modified":"2024-02-09T00:34:27","modified_gmt":"2024-02-09T00:34:27","slug":"kontakti-rekviziti","status":"publish","type":"page","link":"https:\/\/www.trikan.lv\/en\/kontakti-rekviziti\/","title":{"rendered":"Contact &amp; Details"},"content":{"rendered":"<div data-elementor-type=\"wp-page\" data-elementor-id=\"149\" class=\"elementor elementor-149\">\n\t\t\t\t<div class=\"elementor-element elementor-element-ebfc504 e-con-full e-flex e-con e-parent\" data-id=\"ebfc504\" data-element_type=\"container\">\n\t\t<div class=\"elementor-element elementor-element-bc197c9 e-con-full e-flex e-con e-child\" data-id=\"bc197c9\" data-element_type=\"container\">\n\t\t\t\t<div class=\"elementor-element elementor-element-fd07f45 elementor-widget elementor-widget-heading\" data-id=\"fd07f45\" data-element_type=\"widget\" data-widget_type=\"heading.default\">\n\t\t\t\t<div class=\"elementor-widget-container\">\n\t\t\t<h2 class=\"elementor-heading-title elementor-size-large\"><br>Contact information<\/h2>\t\t<\/div>\n\t\t\t\t<\/div>\n\t\t\t\t<\/div>\n\t\t<div class=\"elementor-element elementor-element-fd627f5 e-con-full e-flex e-con e-child\" data-id=\"fd627f5\" data-element_type=\"container\">\n\t\t\t\t<div class=\"elementor-element elementor-element-bb6a932 elementor-widget elementor-widget-heading\" data-id=\"bb6a932\" data-element_type=\"widget\" data-widget_type=\"heading.default\">\n\t\t\t\t<div class=\"elementor-widget-container\">\n\t\t\t<h2 class=\"elementor-heading-title elementor-size-large\"><br>Props<\/h2>\t\t<\/div>\n\t\t\t\t<\/div>\n\t\t\t\t<\/div>\n\t\t<div class=\"elementor-element elementor-element-140688a e-con-full e-flex e-con e-child\" data-id=\"140688a\" data-element_type=\"container\">\n\t\t\t\t<div class=\"elementor-element elementor-element-14644ba elementor-widget elementor-widget-text-editor\" data-id=\"14644ba\" data-element_type=\"widget\" data-widget_type=\"text-editor.default\">\n\t\t\t\t<div class=\"elementor-widget-container\">\n\t\t\t\t\t\t\t<p><\/p>\n<p>E-mail \u2013\u00a0trikan.triathlon@gmail.com<\/p>\n<p>For questions about the competition \u2013 Sintija, tel. 26434548<\/p>\n<p>For questions about triathlon rules \u2013 Evita, tel. 26682992<\/p>\n<p>For questions about training \u2013 M\u0101ris, tel. 29256963<\/p>\n<p><br><\/p>\t\t\t\t\t\t<\/div>\n\t\t\t\t<\/div>\n\t\t\t\t<\/div>\n\t\t<div class=\"elementor-element elementor-element-08fb93c e-con-full e-flex e-con e-child\" data-id=\"08fb93c\" data-element_type=\"container\">\n\t\t\t\t<div class=\"elementor-element elementor-element-5001cda elementor-widget elementor-widget-text-editor\" data-id=\"5001cda\" data-element_type=\"widget\" data-widget_type=\"text-editor.default\">\n\t\t\t\t<div class=\"elementor-widget-container\">\n\t\t\t\t\t\t\t<p><\/p>\n<p>Triathlon and Swimming Club TRI KAN<\/p>\n<p>Reg.nr.&nbsp;<span style=\"color: var( --e-global-color-text ); font-family: var( --e-global-typography-text-font-family ), Sans-serif; font-size: var( --e-global-typography-text-font-size ); font-style: var( --e-global-typography-text-font-style ); font-weight: var( --e-global-typography-text-font-weight ); letter-spacing: var( --e-global-typography-text-letter-spacing ); text-transform: var( --e-global-typography-text-text-transform ); text-align: var(--text-align); background-color: var( --e-global-color-c696dce );\">40008309208<\/span><\/p>\n<p>Registered office \u2013&nbsp;<span style=\"color: var( --e-global-color-text ); font-family: var( --e-global-typography-text-font-family ), Sans-serif; font-size: var( --e-global-typography-text-font-size ); font-style: var( --e-global-typography-text-font-style ); font-weight: var( --e-global-typography-text-font-weight ); letter-spacing: var( --e-global-typography-text-letter-spacing ); text-transform: var( --e-global-typography-text-text-transform ); text-align: var(--text-align); background-color: var( --e-global-color-c696dce );\">Gundegu iela 9, \u0100da\u017ei, \u0100da\u017eu pag. \u0100da\u017eu nov. LV-2164<\/span><\/p>\n<p>Current account:&nbsp;<span style=\"color: var( --e-global-color-text ); font-family: var( --e-global-typography-text-font-family ), Sans-serif; font-size: var( --e-global-typography-text-font-size ); font-style: var( --e-global-typography-text-font-style ); font-weight: var( --e-global-typography-text-font-weight ); letter-spacing: var( --e-global-typography-text-letter-spacing ); text-transform: var( --e-global-typography-text-text-transform ); text-align: var(--text-align); background-color: var( --e-global-color-c696dce );\">SWEDBANK LV66HABA0551051237915<\/span><\/p><p><span style=\"color: var( --e-global-color-text ); font-family: var( --e-global-typography-text-font-family ), Sans-serif; font-size: var( --e-global-typography-text-font-size ); font-style: var( --e-global-typography-text-font-style ); font-weight: var( --e-global-typography-text-font-weight ); letter-spacing: var( --e-global-typography-text-letter-spacing ); text-transform: var( --e-global-typography-text-text-transform ); text-align: var(--text-align); background-color: var( --e-global-color-c696dce );\"><br><\/span><\/p>\t\t\t\t\t\t<\/div>\n\t\t\t\t<\/div>\n\t\t\t\t<\/div>\n\t\t\t\t<\/div>\n\t\t\t\t<\/div>","protected":false},"excerpt":{"rendered":"<p>Contact information Details E-mail \u2013\u00a0trikan.triathlon@gmail.com For questions about the competition \u2013 Sintija, tel. 26434548 For questions about triathlon rules \u2013 Evita, tel. 26682992 For questions about training \u2013 M\u0101ris, tel. 29256963 Triathlon and Swimming Club TRI KAN Reg.nr.\u00a040008309208 Legal address \u2013\u00a0Gundegu iela 9, \u0100da\u017ei, \u0100da\u017eu pag. \u0100da\u017eu nov. LV-2164 Payment account:\u00a0SWEDBANK LV66HABA0551051237915<\/p>","protected":false},"author":5,"featured_media":0,"parent":0,"menu_order":0,"comment_status":"closed","ping_status":"closed","template":"","meta":{"footnotes":""},"class_list":["post-149","page","type-page","status-publish","hentry"],"yoast_head":"<!-- This site is optimized with the Yoast SEO plugin v22.0 - https:\/\/yoast.com\/wordpress\/plugins\/seo\/ -->\n<title>Kontakti &amp; Rekviz\u012bti - Tri Kan<\/title>\n<meta name=\"robots\" content=\"index, follow, max-snippet:-1, max-image-preview:large, max-video-preview:-1\" \/>\n<link rel=\"canonical\" href=\"https:\/\/www.trikan.lv\/en\/kontakti-rekviziti\/\" \/>\n<meta property=\"og:locale\" content=\"en_GB\" \/>\n<meta property=\"og:type\" content=\"article\" \/>\n<meta property=\"og:title\" content=\"Kontakti &amp; Rekviz\u012bti - Tri Kan\" \/>\n<meta property=\"og:description\" content=\"Kontaktinform\u0101cija Rekviz\u012bti E-pasts &#8211;&nbsp;trikan.triathlon@gmail.com Jaut\u0101jumiem par sacens\u012bb\u0101m &#8211; Sintija, tel. 26434548 Jaut\u0101jumiem par triatlona noteikumiem &#8211; Evita, tel. 26682992 Jaut\u0101jumiem par treni\u0146iem &#8211; M\u0101ris, tel. 29256963 Triatlona un Peld\u0113\u0161anas klubs TRI KAN Reg.nr.&nbsp;40008309208 Juridisk\u0101 adrese &#8211;&nbsp;Gundegu iela 9, \u0100da\u017ei, \u0100da\u017eu pag. \u0100da\u017eu nov. LV-2164 Nor\u0113\u0137inu konts:&nbsp;SWEDBANK LV66HABA0551051237915\" \/>\n<meta property=\"og:url\" content=\"https:\/\/www.trikan.lv\/en\/kontakti-rekviziti\/\" \/>\n<meta property=\"og:site_name\" content=\"Tri Kan\" \/>\n<meta property=\"article:publisher\" content=\"https:\/\/www.facebook.com\/profile.php?id=100095351500188\" \/>\n<meta property=\"article:modified_time\" content=\"2024-02-09T00:34:27+00:00\" \/>\n<meta name=\"twitter:card\" content=\"summary_large_image\" \/>\n<script type=\"application\/ld+json\" class=\"yoast-schema-graph\">{\"@context\":\"https:\/\/schema.org\",\"@graph\":[{\"@type\":\"WebPage\",\"@id\":\"https:\/\/www.trikan.lv\/en\/kontakti-rekviziti\/\",\"url\":\"https:\/\/www.trikan.lv\/en\/kontakti-rekviziti\/\",\"name\":\"Kontakti &amp; Rekviz\u012bti - Tri Kan\",\"isPartOf\":{\"@id\":\"https:\/\/3.66.126.171\/#website\"},\"datePublished\":\"2024-01-29T07:51:43+00:00\",\"dateModified\":\"2024-02-09T00:34:27+00:00\",\"breadcrumb\":{\"@id\":\"https:\/\/www.trikan.lv\/en\/kontakti-rekviziti\/#breadcrumb\"},\"inLanguage\":\"en-GB\",\"potentialAction\":[{\"@type\":\"ReadAction\",\"target\":[\"https:\/\/www.trikan.lv\/en\/kontakti-rekviziti\/\"]}]},{\"@type\":\"BreadcrumbList\",\"@id\":\"https:\/\/www.trikan.lv\/en\/kontakti-rekviziti\/#breadcrumb\",\"itemListElement\":[{\"@type\":\"ListItem\",\"position\":1,\"name\":\"Home\",\"item\":\"https:\/\/3.66.126.171\/\"},{\"@type\":\"ListItem\",\"position\":2,\"name\":\"Kontakti &amp; Rekviz\u012bti\"}]},{\"@type\":\"WebSite\",\"@id\":\"https:\/\/3.66.126.171\/#website\",\"url\":\"https:\/\/3.66.126.171\/\",\"name\":\"Tri Kan\",\"description\":\"\",\"publisher\":{\"@id\":\"https:\/\/3.66.126.171\/#organization\"},\"potentialAction\":[{\"@type\":\"SearchAction\",\"target\":{\"@type\":\"EntryPoint\",\"urlTemplate\":\"https:\/\/3.66.126.171\/?s={search_term_string}\"},\"query-input\":\"required name=search_term_string\"}],\"inLanguage\":\"en-GB\"},{\"@type\":\"Organization\",\"@id\":\"https:\/\/3.66.126.171\/#organization\",\"name\":\"Tri Kan\",\"url\":\"https:\/\/3.66.126.171\/\",\"logo\":{\"@type\":\"ImageObject\",\"inLanguage\":\"en-GB\",\"@id\":\"https:\/\/3.66.126.171\/#\/schema\/logo\/image\/\",\"url\":\"https:\/\/www.trikan.lv\/wp-content\/uploads\/2024\/01\/Tri_Kan_LOGO3-small.jpg\",\"contentUrl\":\"https:\/\/www.trikan.lv\/wp-content\/uploads\/2024\/01\/Tri_Kan_LOGO3-small.jpg\",\"width\":300,\"height\":159,\"caption\":\"Tri Kan\"},\"image\":{\"@id\":\"https:\/\/3.66.126.171\/#\/schema\/logo\/image\/\"},\"sameAs\":[\"https:\/\/www.facebook.com\/profile.php?id=100095351500188\",\"https:\/\/www.instagram.com\/triatlona_klubs_trikan\/\"]}]}<\/script>\n<!-- \/ Yoast SEO plugin. -->","yoast_head_json":{"title":"Kontakti &amp; Rekviz\u012bti - Tri Kan","robots":{"index":"index","follow":"follow","max-snippet":"max-snippet:-1","max-image-preview":"max-image-preview:large","max-video-preview":"max-video-preview:-1"},"canonical":"https:\/\/www.trikan.lv\/en\/kontakti-rekviziti\/","og_locale":"en_GB","og_type":"article","og_title":"Kontakti &amp; Rekviz\u012bti - Tri Kan","og_description":"Kontaktinform\u0101cija Rekviz\u012bti E-pasts &#8211;&nbsp;trikan.triathlon@gmail.com Jaut\u0101jumiem par sacens\u012bb\u0101m &#8211; Sintija, tel. 26434548 Jaut\u0101jumiem par triatlona noteikumiem &#8211; Evita, tel. 26682992 Jaut\u0101jumiem par treni\u0146iem &#8211; M\u0101ris, tel. 29256963 Triatlona un Peld\u0113\u0161anas klubs TRI KAN Reg.nr.&nbsp;40008309208 Juridisk\u0101 adrese &#8211;&nbsp;Gundegu iela 9, \u0100da\u017ei, \u0100da\u017eu pag. \u0100da\u017eu nov. LV-2164 Nor\u0113\u0137inu konts:&nbsp;SWEDBANK LV66HABA0551051237915","og_url":"https:\/\/www.trikan.lv\/en\/kontakti-rekviziti\/","og_site_name":"Tri Kan","article_publisher":"https:\/\/www.facebook.com\/profile.php?id=100095351500188","article_modified_time":"2024-02-09T00:34:27+00:00","twitter_card":"summary_large_image","schema":{"@context":"https:\/\/schema.org","@graph":[{"@type":"WebPage","@id":"https:\/\/www.trikan.lv\/en\/kontakti-rekviziti\/","url":"https:\/\/www.trikan.lv\/en\/kontakti-rekviziti\/","name":"Kontakti &amp; Rekviz\u012bti - Tri Kan","isPartOf":{"@id":"https:\/\/3.66.126.171\/#website"},"datePublished":"2024-01-29T07:51:43+00:00","dateModified":"2024-02-09T00:34:27+00:00","breadcrumb":{"@id":"https:\/\/www.trikan.lv\/en\/kontakti-rekviziti\/#breadcrumb"},"inLanguage":"en-GB","potentialAction":[{"@type":"ReadAction","target":["https:\/\/www.trikan.lv\/en\/kontakti-rekviziti\/"]}]},{"@type":"BreadcrumbList","@id":"https:\/\/www.trikan.lv\/en\/kontakti-rekviziti\/#breadcrumb","itemListElement":[{"@type":"ListItem","position":1,"name":"Home","item":"https:\/\/3.66.126.171\/"},{"@type":"ListItem","position":2,"name":"Kontakti &amp; Rekviz\u012bti"}]},{"@type":"WebSite","@id":"https:\/\/3.66.126.171\/#website","url":"https:\/\/3.66.126.171\/","name":"Tri Kan","description":"","publisher":{"@id":"https:\/\/3.66.126.171\/#organization"},"potentialAction":[{"@type":"SearchAction","target":{"@type":"EntryPoint","urlTemplate":"https:\/\/3.66.126.171\/?s={search_term_string}"},"query-input":"required name=search_term_string"}],"inLanguage":"en-GB"},{"@type":"Organization","@id":"https:\/\/3.66.126.171\/#organization","name":"Tri Kan","url":"https:\/\/3.66.126.171\/","logo":{"@type":"ImageObject","inLanguage":"en-GB","@id":"https:\/\/3.66.126.171\/#\/schema\/logo\/image\/","url":"https:\/\/www.trikan.lv\/wp-content\/uploads\/2024\/01\/Tri_Kan_LOGO3-small.jpg","contentUrl":"https:\/\/www.trikan.lv\/wp-content\/uploads\/2024\/01\/Tri_Kan_LOGO3-small.jpg","width":300,"height":159,"caption":"Tri Kan"},"image":{"@id":"https:\/\/3.66.126.171\/#\/schema\/logo\/image\/"},"sameAs":["https:\/\/www.facebook.com\/profile.php?id=100095351500188","https:\/\/www.instagram.com\/triatlona_klubs_trikan\/"]}]}},"_links":{"self":[{"href":"https:\/\/www.trikan.lv\/en\/wp-json\/wp\/v2\/pages\/149","targetHints":{"allow":["GET"]}}],"collection":[{"href":"https:\/\/www.trikan.lv\/en\/wp-json\/wp\/v2\/pages"}],"about":[{"href":"https:\/\/www.trikan.lv\/en\/wp-json\/wp\/v2\/types\/page"}],"author":[{"embeddable":true,"href":"https:\/\/www.trikan.lv\/en\/wp-json\/wp\/v2\/users\/5"}],"replies":[{"embeddable":true,"href":"https:\/\/www.trikan.lv\/en\/wp-json\/wp\/v2\/comments?post=149"}],"version-history":[{"count":13,"href":"https:\/\/www.trikan.lv\/en\/wp-json\/wp\/v2\/pages\/149\/revisions"}],"predecessor-version":[{"id":393,"href":"https:\/\/www.trikan.lv\/en\/wp-json\/wp\/v2\/pages\/149\/revisions\/393"}],"wp:attachment":[{"href":"https:\/\/www.trikan.lv\/en\/wp-json\/wp\/v2\/media?parent=149"}],"curies":[{"name":"wp","href":"https:\/\/api.w.org\/{rel}","templated":true}]}}