{"id":139,"date":"2024-01-29T07:49:31","date_gmt":"2024-01-29T07:49:31","guid":{"rendered":"http:\/\/3.66.126.171\/?page_id=139"},"modified":"2025-07-09T08:22:43","modified_gmt":"2025-07-09T06:22:43","slug":"raksti","status":"publish","type":"page","link":"https:\/\/www.trikan.lv\/en\/raksti\/","title":{"rendered":"Articles"},"content":{"rendered":"<div data-elementor-type=\"wp-page\" data-elementor-id=\"139\" class=\"elementor elementor-139\">\n\t\t\t\t<div class=\"elementor-element elementor-element-78fd881 e-flex e-con-boxed e-con e-parent\" data-id=\"78fd881\" data-element_type=\"container\">\n\t\t\t\t\t<div class=\"e-con-inner\">\n\t\t\t\t<div class=\"elementor-element elementor-element-72e9db5 elementor-widget elementor-widget-heading\" data-id=\"72e9db5\" data-element_type=\"widget\" data-widget_type=\"heading.default\">\n\t\t\t\t<div class=\"elementor-widget-container\">\n\t\t\t<h2 class=\"elementor-heading-title elementor-size-default\">Al\u016bksne Triathlon 2025<\/h2>\t\t<\/div>\n\t\t\t\t<\/div>\n\t\t\t\t\t<\/div>\n\t\t\t\t<\/div>\n\t\t<div class=\"elementor-element elementor-element-8b60acc e-flex e-con-boxed e-con e-parent\" data-id=\"8b60acc\" data-element_type=\"container\">\n\t\t\t\t\t<div class=\"e-con-inner\">\n\t\t<div class=\"elementor-element elementor-element-e4766d3 e-con-full e-flex e-con e-child\" data-id=\"e4766d3\" data-element_type=\"container\">\n\t\t\t\t<div class=\"elementor-element elementor-element-d2d44e3 elementor-widget elementor-widget-image\" data-id=\"d2d44e3\" data-element_type=\"widget\" data-widget_type=\"image.default\">\n\t\t\t\t<div class=\"elementor-widget-container\">\n\t\t\t\t\t\t\t\t\t\t\t\t\t<img fetchpriority=\"high\" decoding=\"async\" width=\"800\" height=\"534\" src=\"https:\/\/www.trikan.lv\/wp-content\/uploads\/2025\/07\/1G0A0285-1024x683.jpg\" class=\"attachment-large size-large wp-image-1197\" alt=\"\" srcset=\"https:\/\/www.trikan.lv\/wp-content\/uploads\/2025\/07\/1G0A0285-1024x683.jpg 1024w, https:\/\/www.trikan.lv\/wp-content\/uploads\/2025\/07\/1G0A0285-300x200.jpg 300w, https:\/\/www.trikan.lv\/wp-content\/uploads\/2025\/07\/1G0A0285-768x512.jpg 768w, https:\/\/www.trikan.lv\/wp-content\/uploads\/2025\/07\/1G0A0285-1536x1024.jpg 1536w, https:\/\/www.trikan.lv\/wp-content\/uploads\/2025\/07\/1G0A0285-2048x1365.jpg 2048w\" sizes=\"(max-width: 800px) 100vw, 800px\" \/>\t\t\t\t\t\t\t\t\t\t\t\t\t<\/div>\n\t\t\t\t<\/div>\n\t\t\t\t<div class=\"elementor-element elementor-element-b0c384e elementor-widget elementor-widget-image\" data-id=\"b0c384e\" data-element_type=\"widget\" data-widget_type=\"image.default\">\n\t\t\t\t<div class=\"elementor-widget-container\">\n\t\t\t\t\t\t\t\t\t\t\t\t\t<img decoding=\"async\" width=\"800\" height=\"534\" src=\"https:\/\/www.trikan.lv\/wp-content\/uploads\/2025\/07\/Aluksnes-Triatlons_324-1024x683.jpg\" class=\"attachment-large size-large wp-image-1196\" alt=\"\" srcset=\"https:\/\/www.trikan.lv\/wp-content\/uploads\/2025\/07\/Aluksnes-Triatlons_324-1024x683.jpg 1024w, https:\/\/www.trikan.lv\/wp-content\/uploads\/2025\/07\/Aluksnes-Triatlons_324-300x200.jpg 300w, https:\/\/www.trikan.lv\/wp-content\/uploads\/2025\/07\/Aluksnes-Triatlons_324-768x512.jpg 768w, https:\/\/www.trikan.lv\/wp-content\/uploads\/2025\/07\/Aluksnes-Triatlons_324-1536x1024.jpg 1536w, https:\/\/www.trikan.lv\/wp-content\/uploads\/2025\/07\/Aluksnes-Triatlons_324-2048x1365.jpg 2048w\" sizes=\"(max-width: 800px) 100vw, 800px\" \/>\t\t\t\t\t\t\t\t\t\t\t\t\t<\/div>\n\t\t\t\t<\/div>\n\t\t\t\t<\/div>\n\t\t<div class=\"elementor-element elementor-element-0db9bec e-con-full e-flex e-con e-child\" data-id=\"0db9bec\" data-element_type=\"container\">\n\t\t\t\t<div class=\"elementor-element elementor-element-71d3f70 elementor-widget elementor-widget-text-editor\" data-id=\"71d3f70\" data-element_type=\"widget\" data-widget_type=\"text-editor.default\">\n\t\t\t\t<div class=\"elementor-widget-container\">\n\t\t\t\t\t\t\t<p>On 21st and 22nd June, in the spirit of the Midsummer celebrations, we held one of the largest triathlon competitions in Latvia \u2013 Al\u016bksne Triathlon Days. This year was special with several novelties \u2013 the competition took place for the first time over two days, and already on the first day, athletes debuted in the open water swim in Al\u016bksne!<\/p>\n<p>Although the weather was chilly and slightly rainy, it was not an obstacle for more than 260 athletes who went to Al\u016bksne to dive into the water on the first day - participating in open water swimming and relays - but on the second day to prove their strength in triathlon disciplines. These were important competitions - just like last year, young people fought for medals in the Latvian Open Youth Championship, but this year the strongest athletes competed in the Latvian Championship in the standard distance.<\/p>\n<p>We are especially pleased with the large number of participants in the relays \u2013 8 teams measured their strength in the triathlon relay, and 6 more teams started in the people's relay. The relays were a great opportunity not only for experienced athletes, but also for local Al\u016bksne residents to get to know the charm of the triathlon sport.<\/p>\n<p>We would like to thank everyone who helped make this competition a real holiday - from the organizing team and volunteers to the athletes themselves, who did not hesitate to travel the long way to Aluksne. Of course, a big thank you to our sponsors - without whom we would not have gotten so far. We also thank the spectators, participants' relatives, friends and all fans who helped create a special holiday atmosphere on these cool but beautiful days.<\/p><p>Reminder that the results of the competition can be found on the website&nbsp;<a href=\"http:\/\/aluksnestriatlons.lv\/\" target=\"_blank\" rel=\"noopener\" data-saferedirecturl=\"https:\/\/www.google.com\/url?q=http:\/\/aluksnestriatlons.lv&amp;source=gmail&amp;ust=1752061762425000&amp;usg=AOvVaw3rHiDicdTyvX-X73PDWtFW\">aluksnestriatlons.lv<\/a>, where you can also find photos from both days of the competition.<\/p>\n<p><\/p>\n<h6><strong>It's already open <a href=\"https:\/\/app.triatlons.lv\/lv\/tournament\/7952\">application<\/a> \u0100da\u017ei Multisport Championship, which will take place on August 24 and will offer competitions in open water swimming and aquathlon!<\/strong><br><strong>Thank you all and see you in \u0100da\u017ei very soon!<\/strong><\/h6>\t\t\t\t\t\t<\/div>\n\t\t\t\t<\/div>\n\t\t\t\t<\/div>\n\t\t\t\t\t<\/div>\n\t\t\t\t<\/div>\n\t\t<div class=\"elementor-element elementor-element-b895cca e-flex e-con-boxed e-con e-parent\" data-id=\"b895cca\" data-element_type=\"container\">\n\t\t\t\t\t<div class=\"e-con-inner\">\n\t\t\t\t<div class=\"elementor-element elementor-element-debd02b elementor-widget elementor-widget-heading\" data-id=\"debd02b\" data-element_type=\"widget\" data-widget_type=\"heading.default\">\n\t\t\t\t<div class=\"elementor-widget-container\">\n\t\t\t<h2 class=\"elementor-heading-title elementor-size-default\">Our work in the LTF<\/h2>\t\t<\/div>\n\t\t\t\t<\/div>\n\t\t\t\t\t<\/div>\n\t\t\t\t<\/div>\n\t\t<div class=\"elementor-element elementor-element-cf8ca80 e-flex e-con-boxed e-con e-parent\" data-id=\"cf8ca80\" data-element_type=\"container\">\n\t\t\t\t\t<div class=\"e-con-inner\">\n\t\t<div class=\"elementor-element elementor-element-05c0942 e-con-full e-flex e-con e-child\" data-id=\"05c0942\" data-element_type=\"container\">\n\t\t\t\t<div class=\"elementor-element elementor-element-b6d726f elementor-widget__width-initial elementor-widget elementor-widget-image\" data-id=\"b6d726f\" data-element_type=\"widget\" data-widget_type=\"image.default\">\n\t\t\t\t<div class=\"elementor-widget-container\">\n\t\t\t\t\t\t\t\t\t\t\t\t\t<img decoding=\"async\" width=\"800\" height=\"800\" src=\"https:\/\/www.trikan.lv\/wp-content\/uploads\/2025\/02\/480325039_602311262957252_4511244550668365967_n-1-1024x1024.jpg\" class=\"attachment-large size-large wp-image-1018\" alt=\"\" srcset=\"https:\/\/www.trikan.lv\/wp-content\/uploads\/2025\/02\/480325039_602311262957252_4511244550668365967_n-1-1024x1024.jpg 1024w, https:\/\/www.trikan.lv\/wp-content\/uploads\/2025\/02\/480325039_602311262957252_4511244550668365967_n-1-300x300.jpg 300w, https:\/\/www.trikan.lv\/wp-content\/uploads\/2025\/02\/480325039_602311262957252_4511244550668365967_n-1-150x150.jpg 150w, https:\/\/www.trikan.lv\/wp-content\/uploads\/2025\/02\/480325039_602311262957252_4511244550668365967_n-1-768x768.jpg 768w, https:\/\/www.trikan.lv\/wp-content\/uploads\/2025\/02\/480325039_602311262957252_4511244550668365967_n-1.jpg 1306w\" sizes=\"(max-width: 800px) 100vw, 800px\" \/>\t\t\t\t\t\t\t\t\t\t\t\t\t<\/div>\n\t\t\t\t<\/div>\n\t\t\t\t<\/div>\n\t\t<div class=\"elementor-element elementor-element-9df9445 e-con-full e-flex e-con e-child\" data-id=\"9df9445\" data-element_type=\"container\">\n\t\t\t\t<div class=\"elementor-element elementor-element-1c844a6 elementor-widget elementor-widget-text-editor\" data-id=\"1c844a6\" data-element_type=\"widget\" data-widget_type=\"text-editor.default\">\n\t\t\t\t<div class=\"elementor-widget-container\">\n\t\t\t\t\t\t\t<p>Latvian Triathlon Federation (LTF) is the main organization supervising triathlon sport in Latvia. We are proud that three TRI KAN members are working in the LTF board.<\/p><h6><b>Evita Leit\u0101ne<\/b>, who has been elected to the LTF Board for the second time, is developing the triathlon referee movement in Latvia, ensuring that competent and educated triathlon referees judge triathlon competitions in Latvia. Evita is the head of the LTF Referee Council.<\/h6><h6><b>M\u0101ris Liepa<\/b> also elected to the LTF Board for the second term. M\u0101ris develops the Latvian Cup regulations, the Licensing regulations, as well as the minimum standards for competitions. As an internationally certified triathlon coach, M\u0101ris is also actively involved in the LTF Coaching Council.\u00a0<\/h6><h6><b>Lukass Lappuke<\/b> Lukas was elected to the LTF Board for the first time and, thanks to his enthusiasm and vision, received the support of LTF legal members to work in the Board! Lukas is working on improving the visual identity of the federation and digitizing processes at LTF so that the work of LTF would be more transparent and triathletes would have easier access to LTF services.<\/h6>\t\t\t\t\t\t<\/div>\n\t\t\t\t<\/div>\n\t\t\t\t<\/div>\n\t\t\t\t\t<\/div>\n\t\t\t\t<\/div>\n\t\t<div class=\"elementor-element elementor-element-1a7cf0b e-flex e-con-boxed e-con e-parent\" data-id=\"1a7cf0b\" data-element_type=\"container\">\n\t\t\t\t\t<div class=\"e-con-inner\">\n\t\t\t\t<div class=\"elementor-element elementor-element-37a76fc elementor-widget elementor-widget-heading\" data-id=\"37a76fc\" data-element_type=\"widget\" data-widget_type=\"heading.default\">\n\t\t\t\t<div class=\"elementor-widget-container\">\n\t\t\t<h2 class=\"elementor-heading-title elementor-size-default\">The Story of United in Freedom<\/h2>\t\t<\/div>\n\t\t\t\t<\/div>\n\t\t\t\t\t<\/div>\n\t\t\t\t<\/div>\n\t\t<div class=\"elementor-element elementor-element-39556ca e-flex e-con-boxed e-con e-parent\" data-id=\"39556ca\" data-element_type=\"container\">\n\t\t\t\t\t<div class=\"e-con-inner\">\n\t\t<div class=\"elementor-element elementor-element-c71ca33 e-con-full e-flex e-con e-child\" data-id=\"c71ca33\" data-element_type=\"container\">\n\t\t\t\t<div class=\"elementor-element elementor-element-ff536a5 elementor-widget__width-initial elementor-widget elementor-widget-image\" data-id=\"ff536a5\" data-element_type=\"widget\" data-widget_type=\"image.default\">\n\t\t\t\t<div class=\"elementor-widget-container\">\n\t\t\t\t\t\t\t\t\t\t\t\t\t<img loading=\"lazy\" decoding=\"async\" width=\"768\" height=\"768\" src=\"https:\/\/www.trikan.lv\/wp-content\/uploads\/2025\/02\/DSC03646-1-768x768.jpg\" class=\"attachment-medium_large size-medium_large wp-image-1019\" alt=\"\" srcset=\"https:\/\/www.trikan.lv\/wp-content\/uploads\/2025\/02\/DSC03646-1-768x768.jpg 768w, https:\/\/www.trikan.lv\/wp-content\/uploads\/2025\/02\/DSC03646-1-300x300.jpg 300w, https:\/\/www.trikan.lv\/wp-content\/uploads\/2025\/02\/DSC03646-1-1024x1024.jpg 1024w, https:\/\/www.trikan.lv\/wp-content\/uploads\/2025\/02\/DSC03646-1-150x150.jpg 150w, https:\/\/www.trikan.lv\/wp-content\/uploads\/2025\/02\/DSC03646-1-1536x1536.jpg 1536w, https:\/\/www.trikan.lv\/wp-content\/uploads\/2025\/02\/DSC03646-1-2048x2048.jpg 2048w\" sizes=\"(max-width: 768px) 100vw, 768px\" \/>\t\t\t\t\t\t\t\t\t\t\t\t\t<\/div>\n\t\t\t\t<\/div>\n\t\t\t\t<\/div>\n\t\t<div class=\"elementor-element elementor-element-52aceb5 e-con-full e-flex e-con e-child\" data-id=\"52aceb5\" data-element_type=\"container\">\n\t\t\t\t<div class=\"elementor-element elementor-element-5665f98 elementor-widget elementor-widget-text-editor\" data-id=\"5665f98\" data-element_type=\"widget\" data-widget_type=\"text-editor.default\">\n\t\t\t\t<div class=\"elementor-widget-container\">\n\t\t\t\t\t\t\t<p>After marathons and triathlons, ultramarathons and 24-hour running races, Tri Kan Club members Iain and Lucas tested their physical and mental endurance in an unprecedented physical challenge!\u00a0<\/p><p><span style=\"text-align: var(--text-align); background-color: var( --e-global-color-c696dce );\">The two friends ran, cycled and swam the Baltic Way route in two days to mark the 35th anniversary of the Baltic Way, to discover the role freedom plays in our unity and courage.<\/span><\/p><h6><b>In total, from Tallinn to Vilnius, 11.4 km had to be swum in the Harku Lake in Tallinn, 570 km cycled and 126.6 km run.<\/b><\/h6><p>Aijens and Lukass were the first to complete the Baltic Way in this way, thus reminding of the Baltic Way, a unique historical event when in 1989 the people of Estonia, Latvia and Lithuania joined hands to stand up for the independence and freedom of their countries.<\/p><p>You can watch the adventures of Lucas and Aiden in the Go3 documentary <a href=\"https:\/\/go3.lv\/movies\/vienoti-briviba,vod-7889942\">\"United in Freedom\"<\/a>.\u00a0<\/p>\t\t\t\t\t\t<\/div>\n\t\t\t\t<\/div>\n\t\t\t\t<\/div>\n\t\t\t\t\t<\/div>\n\t\t\t\t<\/div>\n\t\t\t\t<\/div>","protected":false},"excerpt":{"rendered":"<p>Al\u016bksne Triathlon 2025 On 21 and 22 June, in the spirit of the Midsummer holiday, we held one of the largest triathlon competitions in Latvia \u2013 Al\u016bksne Triathlon Days. This year was special with several novelties \u2013 the competition took place for the first time over two days, and already on the first day, athletes debuted in the open water swim of Al\u016bksne! Although the weather was chilly and slightly rainy, this did not prevent [\u2026]<\/p>","protected":false},"author":5,"featured_media":0,"parent":0,"menu_order":0,"comment_status":"closed","ping_status":"closed","template":"","meta":{"footnotes":""},"class_list":["post-139","page","type-page","status-publish","hentry"],"yoast_head":"<!-- This site is optimized with the Yoast SEO plugin v22.0 - https:\/\/yoast.com\/wordpress\/plugins\/seo\/ -->\n<title>Raksti - Tri Kan<\/title>\n<meta name=\"robots\" content=\"index, follow, max-snippet:-1, max-image-preview:large, max-video-preview:-1\" \/>\n<link rel=\"canonical\" href=\"https:\/\/www.trikan.lv\/en\/raksti\/\" \/>\n<meta property=\"og:locale\" content=\"en_GB\" \/>\n<meta property=\"og:type\" content=\"article\" \/>\n<meta property=\"og:title\" content=\"Raksti - Tri Kan\" \/>\n<meta property=\"og:description\" content=\"Al\u016bksnes triatlons 2025 21. un 22. j\u016bnij\u0101, L\u012bgo sv\u0113tku noska\u0146\u0101s aizvad\u012bj\u0101m vienas no liel\u0101kaj\u0101m triatlona sacens\u012bb\u0101m Latvij\u0101 \u2013 Al\u016bksnes triatlona dienas. \u0160is gads bija \u012bpa\u0161s ar vair\u0101kiem jaunumiem \u2013 sacens\u012bbas pirmo reizi norisin\u0101j\u0101s divu dienu garum\u0101, un jau pirmaj\u0101 dien\u0101 sportisti debit\u0113ja Al\u016bksnes atkl\u0101t\u0101 \u016bdens peld\u0113jum\u0101! Lai gan laikapst\u0101k\u013ci bija dr\u0113gni un nedaudz lietaini, tas [&hellip;]\" \/>\n<meta property=\"og:url\" content=\"https:\/\/www.trikan.lv\/en\/raksti\/\" \/>\n<meta property=\"og:site_name\" content=\"Tri Kan\" \/>\n<meta property=\"article:publisher\" content=\"https:\/\/www.facebook.com\/profile.php?id=100095351500188\" \/>\n<meta property=\"article:modified_time\" content=\"2025-07-09T06:22:43+00:00\" \/>\n<meta property=\"og:image\" content=\"https:\/\/www.trikan.lv\/wp-content\/uploads\/2025\/07\/1G0A0285-1024x683.jpg\" \/>\n<meta name=\"twitter:card\" content=\"summary_large_image\" \/>\n<meta name=\"twitter:label1\" content=\"Estimated reading time\" \/>\n\t<meta name=\"twitter:data1\" content=\"4 minutes\" \/>\n<script type=\"application\/ld+json\" class=\"yoast-schema-graph\">{\"@context\":\"https:\/\/schema.org\",\"@graph\":[{\"@type\":\"WebPage\",\"@id\":\"https:\/\/www.trikan.lv\/lt\/raksti\/\",\"url\":\"https:\/\/www.trikan.lv\/lt\/raksti\/\",\"name\":\"Raksti - Tri Kan\",\"isPartOf\":{\"@id\":\"https:\/\/3.66.126.171\/#website\"},\"datePublished\":\"2024-01-29T07:49:31+00:00\",\"dateModified\":\"2025-07-09T06:22:43+00:00\",\"breadcrumb\":{\"@id\":\"https:\/\/www.trikan.lv\/lt\/raksti\/#breadcrumb\"},\"inLanguage\":\"en-GB\",\"potentialAction\":[{\"@type\":\"ReadAction\",\"target\":[\"https:\/\/www.trikan.lv\/lt\/raksti\/\"]}]},{\"@type\":\"BreadcrumbList\",\"@id\":\"https:\/\/www.trikan.lv\/lt\/raksti\/#breadcrumb\",\"itemListElement\":[{\"@type\":\"ListItem\",\"position\":1,\"name\":\"Home\",\"item\":\"https:\/\/3.66.126.171\/\"},{\"@type\":\"ListItem\",\"position\":2,\"name\":\"Raksti\"}]},{\"@type\":\"WebSite\",\"@id\":\"https:\/\/3.66.126.171\/#website\",\"url\":\"https:\/\/3.66.126.171\/\",\"name\":\"Tri Kan\",\"description\":\"\",\"publisher\":{\"@id\":\"https:\/\/3.66.126.171\/#organization\"},\"potentialAction\":[{\"@type\":\"SearchAction\",\"target\":{\"@type\":\"EntryPoint\",\"urlTemplate\":\"https:\/\/3.66.126.171\/?s={search_term_string}\"},\"query-input\":\"required name=search_term_string\"}],\"inLanguage\":\"en-GB\"},{\"@type\":\"Organization\",\"@id\":\"https:\/\/3.66.126.171\/#organization\",\"name\":\"Tri Kan\",\"url\":\"https:\/\/3.66.126.171\/\",\"logo\":{\"@type\":\"ImageObject\",\"inLanguage\":\"en-GB\",\"@id\":\"https:\/\/3.66.126.171\/#\/schema\/logo\/image\/\",\"url\":\"https:\/\/www.trikan.lv\/wp-content\/uploads\/2024\/01\/Tri_Kan_LOGO3-small.jpg\",\"contentUrl\":\"https:\/\/www.trikan.lv\/wp-content\/uploads\/2024\/01\/Tri_Kan_LOGO3-small.jpg\",\"width\":300,\"height\":159,\"caption\":\"Tri Kan\"},\"image\":{\"@id\":\"https:\/\/3.66.126.171\/#\/schema\/logo\/image\/\"},\"sameAs\":[\"https:\/\/www.facebook.com\/profile.php?id=100095351500188\",\"https:\/\/www.instagram.com\/triatlona_klubs_trikan\/\"]}]}<\/script>\n<!-- \/ Yoast SEO plugin. -->","yoast_head_json":{"title":"Raksti - Tri Kan","robots":{"index":"index","follow":"follow","max-snippet":"max-snippet:-1","max-image-preview":"max-image-preview:large","max-video-preview":"max-video-preview:-1"},"canonical":"https:\/\/www.trikan.lv\/en\/raksti\/","og_locale":"en_GB","og_type":"article","og_title":"Raksti - Tri Kan","og_description":"Al\u016bksnes triatlons 2025 21. un 22. j\u016bnij\u0101, L\u012bgo sv\u0113tku noska\u0146\u0101s aizvad\u012bj\u0101m vienas no liel\u0101kaj\u0101m triatlona sacens\u012bb\u0101m Latvij\u0101 \u2013 Al\u016bksnes triatlona dienas. \u0160is gads bija \u012bpa\u0161s ar vair\u0101kiem jaunumiem \u2013 sacens\u012bbas pirmo reizi norisin\u0101j\u0101s divu dienu garum\u0101, un jau pirmaj\u0101 dien\u0101 sportisti debit\u0113ja Al\u016bksnes atkl\u0101t\u0101 \u016bdens peld\u0113jum\u0101! Lai gan laikapst\u0101k\u013ci bija dr\u0113gni un nedaudz lietaini, tas [&hellip;]","og_url":"https:\/\/www.trikan.lv\/en\/raksti\/","og_site_name":"Tri Kan","article_publisher":"https:\/\/www.facebook.com\/profile.php?id=100095351500188","article_modified_time":"2025-07-09T06:22:43+00:00","og_image":[{"url":"https:\/\/www.trikan.lv\/wp-content\/uploads\/2025\/07\/1G0A0285-1024x683.jpg"}],"twitter_card":"summary_large_image","twitter_misc":{"Estimated reading time":"4 minutes"},"schema":{"@context":"https:\/\/schema.org","@graph":[{"@type":"WebPage","@id":"https:\/\/www.trikan.lv\/lt\/raksti\/","url":"https:\/\/www.trikan.lv\/lt\/raksti\/","name":"Raksti - Tri Kan","isPartOf":{"@id":"https:\/\/3.66.126.171\/#website"},"datePublished":"2024-01-29T07:49:31+00:00","dateModified":"2025-07-09T06:22:43+00:00","breadcrumb":{"@id":"https:\/\/www.trikan.lv\/lt\/raksti\/#breadcrumb"},"inLanguage":"en-GB","potentialAction":[{"@type":"ReadAction","target":["https:\/\/www.trikan.lv\/lt\/raksti\/"]}]},{"@type":"BreadcrumbList","@id":"https:\/\/www.trikan.lv\/lt\/raksti\/#breadcrumb","itemListElement":[{"@type":"ListItem","position":1,"name":"Home","item":"https:\/\/3.66.126.171\/"},{"@type":"ListItem","position":2,"name":"Raksti"}]},{"@type":"WebSite","@id":"https:\/\/3.66.126.171\/#website","url":"https:\/\/3.66.126.171\/","name":"Tri Kan","description":"","publisher":{"@id":"https:\/\/3.66.126.171\/#organization"},"potentialAction":[{"@type":"SearchAction","target":{"@type":"EntryPoint","urlTemplate":"https:\/\/3.66.126.171\/?s={search_term_string}"},"query-input":"required name=search_term_string"}],"inLanguage":"en-GB"},{"@type":"Organization","@id":"https:\/\/3.66.126.171\/#organization","name":"Tri Kan","url":"https:\/\/3.66.126.171\/","logo":{"@type":"ImageObject","inLanguage":"en-GB","@id":"https:\/\/3.66.126.171\/#\/schema\/logo\/image\/","url":"https:\/\/www.trikan.lv\/wp-content\/uploads\/2024\/01\/Tri_Kan_LOGO3-small.jpg","contentUrl":"https:\/\/www.trikan.lv\/wp-content\/uploads\/2024\/01\/Tri_Kan_LOGO3-small.jpg","width":300,"height":159,"caption":"Tri Kan"},"image":{"@id":"https:\/\/3.66.126.171\/#\/schema\/logo\/image\/"},"sameAs":["https:\/\/www.facebook.com\/profile.php?id=100095351500188","https:\/\/www.instagram.com\/triatlona_klubs_trikan\/"]}]}},"_links":{"self":[{"href":"https:\/\/www.trikan.lv\/en\/wp-json\/wp\/v2\/pages\/139","targetHints":{"allow":["GET"]}}],"collection":[{"href":"https:\/\/www.trikan.lv\/en\/wp-json\/wp\/v2\/pages"}],"about":[{"href":"https:\/\/www.trikan.lv\/en\/wp-json\/wp\/v2\/types\/page"}],"author":[{"embeddable":true,"href":"https:\/\/www.trikan.lv\/en\/wp-json\/wp\/v2\/users\/5"}],"replies":[{"embeddable":true,"href":"https:\/\/www.trikan.lv\/en\/wp-json\/wp\/v2\/comments?post=139"}],"version-history":[{"count":57,"href":"https:\/\/www.trikan.lv\/en\/wp-json\/wp\/v2\/pages\/139\/revisions"}],"predecessor-version":[{"id":1234,"href":"https:\/\/www.trikan.lv\/en\/wp-json\/wp\/v2\/pages\/139\/revisions\/1234"}],"wp:attachment":[{"href":"https:\/\/www.trikan.lv\/en\/wp-json\/wp\/v2\/media?parent=139"}],"curies":[{"name":"wp","href":"https:\/\/api.w.org\/{rel}","templated":true}]}}