{"id":1350,"date":"2026-03-25T09:43:26","date_gmt":"2026-03-25T07:43:26","guid":{"rendered":"https:\/\/www.trikan.lv\/?page_id=1350"},"modified":"2026-03-25T10:19:23","modified_gmt":"2026-03-25T08:19:23","slug":"fizioterapeiti","status":"publish","type":"page","link":"https:\/\/www.trikan.lv\/en\/fizioterapeiti\/","title":{"rendered":"Physiotherapists"},"content":{"rendered":"<div data-elementor-type=\"wp-page\" data-elementor-id=\"1350\" class=\"elementor elementor-1350\">\n\t\t\t\t<div class=\"elementor-element elementor-element-bf699ea e-flex e-con-boxed e-con e-parent\" data-id=\"bf699ea\" data-element_type=\"container\">\n\t\t\t\t\t<div class=\"e-con-inner\">\n\t\t<div class=\"elementor-element elementor-element-4445905 e-con-full e-flex e-con e-child\" data-id=\"4445905\" data-element_type=\"container\">\n\t\t\t\t<\/div>\n\t\t<div class=\"elementor-element elementor-element-9b2882d e-con-full e-flex e-con e-child\" data-id=\"9b2882d\" data-element_type=\"container\">\n\t\t\t\t<\/div>\n\t\t\t\t\t<\/div>\n\t\t\t\t<\/div>\n\t\t<div class=\"elementor-element elementor-element-9e3e33a e-grid e-con-boxed e-con e-parent\" data-id=\"9e3e33a\" data-element_type=\"container\">\n\t\t\t\t\t<div class=\"e-con-inner\">\n\t\t\t\t<div class=\"elementor-element elementor-element-38c8f4a elementor-widget elementor-widget-image\" data-id=\"38c8f4a\" data-element_type=\"widget\" data-widget_type=\"image.default\">\n\t\t\t\t<div class=\"elementor-widget-container\">\n\t\t\t\t\t\t\t\t\t\t\t\t\t<img fetchpriority=\"high\" decoding=\"async\" width=\"800\" height=\"861\" src=\"https:\/\/www.trikan.lv\/wp-content\/uploads\/2026\/03\/Aijens-Baltijas-cels-951x1024.jpeg\" class=\"attachment-large size-large wp-image-1352\" alt=\"Aijens Baltic Way\" srcset=\"https:\/\/www.trikan.lv\/wp-content\/uploads\/2026\/03\/Aijens-Baltijas-cels-951x1024.jpeg 951w, https:\/\/www.trikan.lv\/wp-content\/uploads\/2026\/03\/Aijens-Baltijas-cels-279x300.jpeg 279w, https:\/\/www.trikan.lv\/wp-content\/uploads\/2026\/03\/Aijens-Baltijas-cels-768x827.jpeg 768w, https:\/\/www.trikan.lv\/wp-content\/uploads\/2026\/03\/Aijens-Baltijas-cels-1427x1536.jpeg 1427w, https:\/\/www.trikan.lv\/wp-content\/uploads\/2026\/03\/Aijens-Baltijas-cels-11x12.jpeg 11w, https:\/\/www.trikan.lv\/wp-content\/uploads\/2026\/03\/Aijens-Baltijas-cels.jpeg 1486w\" sizes=\"(max-width: 800px) 100vw, 800px\" \/>\t\t\t\t\t\t\t\t\t\t\t\t\t<\/div>\n\t\t\t\t<\/div>\n\t\t\t\t<div class=\"elementor-element elementor-element-2ea0099 elementor-widget elementor-widget-text-editor\" data-id=\"2ea0099\" data-element_type=\"widget\" data-widget_type=\"text-editor.default\">\n\t\t\t\t<div class=\"elementor-widget-container\">\n\t\t\t\t\t\t\t<h1>Physiotherapist Aijen<\/h1>\n<p>Aijens is a physiotherapist, a masseur and is currently obtaining a category C trainer qualification.<\/p>\n<p>Provides physiotherapy and massage services, promoting preparation for loads and recovery after them.<\/p>\n<p>As an athlete, he has participated in both European and world championships in 24-hour running, as well as in Latvian ultramarathons and triathlons of various distances, so his understanding of load, preparation and recovery is based on both personal and professional experience.<\/p>\n<p><span style=\"font-family: var( --e-global-typography-text-font-family ), Sans-serif; font-size: var( --e-global-typography-text-font-size ); font-style: var( --e-global-typography-text-font-style ); letter-spacing: var( --e-global-typography-text-letter-spacing ); text-transform: var( --e-global-typography-text-text-transform ); text-align: var(--text-align);\">In 2024, together with Lukass Lappu\u0137e, they completed the Baltic Way Triathlon in honor of the 35th anniversary of the Baltic Way, with the support of the TRI KAN club. The documentary \"United in Freedom\" is available online on Go3.<\/span><\/p>\n<p><b><span style=\"font-family: var( --e-global-typography-text-font-family ), Sans-serif; font-size: var( --e-global-typography-text-font-size ); font-style: var( --e-global-typography-text-font-style ); letter-spacing: var( --e-global-typography-text-letter-spacing ); text-transform: var( --e-global-typography-text-text-transform ); text-align: var(--text-align);\">Contact Iain:&nbsp;<\/span><span style=\"font-family: var( --e-global-typography-text-font-family ), Sans-serif; font-size: var( --e-global-typography-text-font-size ); font-style: var( --e-global-typography-text-font-style ); letter-spacing: var( --e-global-typography-text-letter-spacing ); text-transform: var( --e-global-typography-text-text-transform ); text-align: var(--text-align);\">+371 29 985 597<\/span><\/b><\/p>\t\t\t\t\t\t<\/div>\n\t\t\t\t<\/div>\n\t\t\t\t<div class=\"elementor-element elementor-element-8d12f14 elementor-widget elementor-widget-image\" data-id=\"8d12f14\" data-element_type=\"widget\" data-widget_type=\"image.default\">\n\t\t\t\t<div class=\"elementor-widget-container\">\n\t\t\t\t\t\t\t\t\t\t\t\t\t<img decoding=\"async\" src=\"https:\/\/www.trikan.lv\/wp-content\/uploads\/elementor\/thumbs\/photo-1745327883508-b6cd32e5dde5-rl0ouqucbdikvc9s63jczjbn8oqxaoabdggtnrksr0.jpeg\" title=\"photo-1745327883508-b6cd32e5dde5\" alt=\"photo-1745327883508-b6cd32e5dde5\" loading=\"lazy\" \/>\t\t\t\t\t\t\t\t\t\t\t\t\t<\/div>\n\t\t\t\t<\/div>\n\t\t\t\t\t<\/div>\n\t\t\t\t<\/div>\n\t\t\t\t<\/div>","protected":false},"excerpt":{"rendered":"<p>Physiotherapist Aijens Aijens is a physiotherapist, masseur and currently acquiring C category coach qualification. Offers physiotherapy services and massages, promoting preparation for loads and recovery after them. As an athlete, he has participated in both European and world championships in 24 h running, as well as in Latvian ultramarathons and triathlons of various distances, therefore the understanding of load, preparation and recovery is based on both personal and [\u2026]<\/p>","protected":false},"author":1,"featured_media":0,"parent":0,"menu_order":0,"comment_status":"closed","ping_status":"closed","template":"","meta":{"footnotes":""},"class_list":["post-1350","page","type-page","status-publish","hentry"],"yoast_head":"<!-- This site is optimized with the Yoast SEO plugin v22.0 - https:\/\/yoast.com\/wordpress\/plugins\/seo\/ -->\n<title>Fizioterapeiti - Tri Kan<\/title>\n<meta name=\"robots\" content=\"index, follow, max-snippet:-1, max-image-preview:large, max-video-preview:-1\" \/>\n<link rel=\"canonical\" href=\"https:\/\/www.trikan.lv\/en\/fizioterapeiti\/\" \/>\n<meta property=\"og:locale\" content=\"en_GB\" \/>\n<meta property=\"og:type\" content=\"article\" \/>\n<meta property=\"og:title\" content=\"Fizioterapeiti - Tri Kan\" \/>\n<meta property=\"og:description\" content=\"Fizioterapeits Aijens Aijens ir fizioterapeits, masieris un \u0161obr\u012bd ieg\u016bst C kategorijas trenera kvalifik\u0101ciju. Pied\u0101v\u0101 fizioterapijas pakalpojumus un mas\u0101\u017eas, veicinot sagatavo\u0161anos slodz\u0113m un atjauno\u0161anos p\u0113c t\u0101m. K\u0101 sportists piedal\u012bjies gan Eiropas, gan pasaules \u010dempion\u0101tos 24 h skrie\u0161an\u0101, k\u0101 ar\u012b Latvijas ultramaratonos un da\u017e\u0101du distan\u010du triatlonos, t\u0101p\u0113c izpratne par slodzi, sagatavo\u0161anos un atjauno\u0161anos balst\u0101s gan person\u012bgaj\u0101, gan [&hellip;]\" \/>\n<meta property=\"og:url\" content=\"https:\/\/www.trikan.lv\/en\/fizioterapeiti\/\" \/>\n<meta property=\"og:site_name\" content=\"Tri Kan\" \/>\n<meta property=\"article:publisher\" content=\"https:\/\/www.facebook.com\/profile.php?id=100095351500188\" \/>\n<meta property=\"article:modified_time\" content=\"2026-03-25T08:19:23+00:00\" \/>\n<meta property=\"og:image\" content=\"https:\/\/www.trikan.lv\/wp-content\/uploads\/2026\/03\/Aijens-Baltijas-cels-951x1024.jpeg\" \/>\n<meta name=\"twitter:card\" content=\"summary_large_image\" \/>\n<meta name=\"twitter:label1\" content=\"Estimated reading time\" \/>\n\t<meta name=\"twitter:data1\" content=\"1 minute\" \/>\n<script type=\"application\/ld+json\" class=\"yoast-schema-graph\">{\"@context\":\"https:\/\/schema.org\",\"@graph\":[{\"@type\":\"WebPage\",\"@id\":\"https:\/\/www.trikan.lv\/fizioterapeiti\/\",\"url\":\"https:\/\/www.trikan.lv\/fizioterapeiti\/\",\"name\":\"Fizioterapeiti - Tri Kan\",\"isPartOf\":{\"@id\":\"https:\/\/3.66.126.171:80\/#website\"},\"datePublished\":\"2026-03-25T07:43:26+00:00\",\"dateModified\":\"2026-03-25T08:19:23+00:00\",\"breadcrumb\":{\"@id\":\"https:\/\/www.trikan.lv\/fizioterapeiti\/#breadcrumb\"},\"inLanguage\":\"en-GB\",\"potentialAction\":[{\"@type\":\"ReadAction\",\"target\":[\"https:\/\/www.trikan.lv\/fizioterapeiti\/\"]}]},{\"@type\":\"BreadcrumbList\",\"@id\":\"https:\/\/www.trikan.lv\/fizioterapeiti\/#breadcrumb\",\"itemListElement\":[{\"@type\":\"ListItem\",\"position\":1,\"name\":\"Home\",\"item\":\"https:\/\/3.66.126.171\/\"},{\"@type\":\"ListItem\",\"position\":2,\"name\":\"Fizioterapeiti\"}]},{\"@type\":\"WebSite\",\"@id\":\"https:\/\/3.66.126.171:80\/#website\",\"url\":\"https:\/\/3.66.126.171:80\/\",\"name\":\"Tri Kan\",\"description\":\"\",\"publisher\":{\"@id\":\"https:\/\/3.66.126.171:80\/#organization\"},\"potentialAction\":[{\"@type\":\"SearchAction\",\"target\":{\"@type\":\"EntryPoint\",\"urlTemplate\":\"https:\/\/3.66.126.171:80\/?s={search_term_string}\"},\"query-input\":\"required name=search_term_string\"}],\"inLanguage\":\"en-GB\"},{\"@type\":\"Organization\",\"@id\":\"https:\/\/3.66.126.171:80\/#organization\",\"name\":\"Tri Kan\",\"url\":\"https:\/\/3.66.126.171:80\/\",\"logo\":{\"@type\":\"ImageObject\",\"inLanguage\":\"en-GB\",\"@id\":\"https:\/\/3.66.126.171:80\/#\/schema\/logo\/image\/\",\"url\":\"https:\/\/www.trikan.lv\/wp-content\/uploads\/2024\/01\/Tri_Kan_LOGO3-small.jpg\",\"contentUrl\":\"https:\/\/www.trikan.lv\/wp-content\/uploads\/2024\/01\/Tri_Kan_LOGO3-small.jpg\",\"width\":300,\"height\":159,\"caption\":\"Tri Kan\"},\"image\":{\"@id\":\"https:\/\/3.66.126.171:80\/#\/schema\/logo\/image\/\"},\"sameAs\":[\"https:\/\/www.facebook.com\/profile.php?id=100095351500188\",\"https:\/\/www.instagram.com\/triatlona_klubs_trikan\/\"]}]}<\/script>\n<!-- \/ Yoast SEO plugin. -->","yoast_head_json":{"title":"Fizioterapeiti - Tri Kan","robots":{"index":"index","follow":"follow","max-snippet":"max-snippet:-1","max-image-preview":"max-image-preview:large","max-video-preview":"max-video-preview:-1"},"canonical":"https:\/\/www.trikan.lv\/en\/fizioterapeiti\/","og_locale":"en_GB","og_type":"article","og_title":"Fizioterapeiti - Tri Kan","og_description":"Fizioterapeits Aijens Aijens ir fizioterapeits, masieris un \u0161obr\u012bd ieg\u016bst C kategorijas trenera kvalifik\u0101ciju. Pied\u0101v\u0101 fizioterapijas pakalpojumus un mas\u0101\u017eas, veicinot sagatavo\u0161anos slodz\u0113m un atjauno\u0161anos p\u0113c t\u0101m. K\u0101 sportists piedal\u012bjies gan Eiropas, gan pasaules \u010dempion\u0101tos 24 h skrie\u0161an\u0101, k\u0101 ar\u012b Latvijas ultramaratonos un da\u017e\u0101du distan\u010du triatlonos, t\u0101p\u0113c izpratne par slodzi, sagatavo\u0161anos un atjauno\u0161anos balst\u0101s gan person\u012bgaj\u0101, gan [&hellip;]","og_url":"https:\/\/www.trikan.lv\/en\/fizioterapeiti\/","og_site_name":"Tri Kan","article_publisher":"https:\/\/www.facebook.com\/profile.php?id=100095351500188","article_modified_time":"2026-03-25T08:19:23+00:00","og_image":[{"url":"https:\/\/www.trikan.lv\/wp-content\/uploads\/2026\/03\/Aijens-Baltijas-cels-951x1024.jpeg"}],"twitter_card":"summary_large_image","twitter_misc":{"Estimated reading time":"1 minute"},"schema":{"@context":"https:\/\/schema.org","@graph":[{"@type":"WebPage","@id":"https:\/\/www.trikan.lv\/fizioterapeiti\/","url":"https:\/\/www.trikan.lv\/fizioterapeiti\/","name":"Fizioterapeiti - Tri Kan","isPartOf":{"@id":"https:\/\/3.66.126.171:80\/#website"},"datePublished":"2026-03-25T07:43:26+00:00","dateModified":"2026-03-25T08:19:23+00:00","breadcrumb":{"@id":"https:\/\/www.trikan.lv\/fizioterapeiti\/#breadcrumb"},"inLanguage":"en-GB","potentialAction":[{"@type":"ReadAction","target":["https:\/\/www.trikan.lv\/fizioterapeiti\/"]}]},{"@type":"BreadcrumbList","@id":"https:\/\/www.trikan.lv\/fizioterapeiti\/#breadcrumb","itemListElement":[{"@type":"ListItem","position":1,"name":"Home","item":"https:\/\/3.66.126.171\/"},{"@type":"ListItem","position":2,"name":"Fizioterapeiti"}]},{"@type":"WebSite","@id":"https:\/\/3.66.126.171:80\/#website","url":"https:\/\/3.66.126.171:80\/","name":"Tri Kan","description":"","publisher":{"@id":"https:\/\/3.66.126.171:80\/#organization"},"potentialAction":[{"@type":"SearchAction","target":{"@type":"EntryPoint","urlTemplate":"https:\/\/3.66.126.171:80\/?s={search_term_string}"},"query-input":"required name=search_term_string"}],"inLanguage":"en-GB"},{"@type":"Organization","@id":"https:\/\/3.66.126.171:80\/#organization","name":"Tri Kan","url":"https:\/\/3.66.126.171:80\/","logo":{"@type":"ImageObject","inLanguage":"en-GB","@id":"https:\/\/3.66.126.171:80\/#\/schema\/logo\/image\/","url":"https:\/\/www.trikan.lv\/wp-content\/uploads\/2024\/01\/Tri_Kan_LOGO3-small.jpg","contentUrl":"https:\/\/www.trikan.lv\/wp-content\/uploads\/2024\/01\/Tri_Kan_LOGO3-small.jpg","width":300,"height":159,"caption":"Tri Kan"},"image":{"@id":"https:\/\/3.66.126.171:80\/#\/schema\/logo\/image\/"},"sameAs":["https:\/\/www.facebook.com\/profile.php?id=100095351500188","https:\/\/www.instagram.com\/triatlona_klubs_trikan\/"]}]}},"_links":{"self":[{"href":"https:\/\/www.trikan.lv\/en\/wp-json\/wp\/v2\/pages\/1350","targetHints":{"allow":["GET"]}}],"collection":[{"href":"https:\/\/www.trikan.lv\/en\/wp-json\/wp\/v2\/pages"}],"about":[{"href":"https:\/\/www.trikan.lv\/en\/wp-json\/wp\/v2\/types\/page"}],"author":[{"embeddable":true,"href":"https:\/\/www.trikan.lv\/en\/wp-json\/wp\/v2\/users\/1"}],"replies":[{"embeddable":true,"href":"https:\/\/www.trikan.lv\/en\/wp-json\/wp\/v2\/comments?post=1350"}],"version-history":[{"count":14,"href":"https:\/\/www.trikan.lv\/en\/wp-json\/wp\/v2\/pages\/1350\/revisions"}],"predecessor-version":[{"id":1369,"href":"https:\/\/www.trikan.lv\/en\/wp-json\/wp\/v2\/pages\/1350\/revisions\/1369"}],"wp:attachment":[{"href":"https:\/\/www.trikan.lv\/en\/wp-json\/wp\/v2\/media?parent=1350"}],"curies":[{"name":"wp","href":"https:\/\/api.w.org\/{rel}","templated":true}]}}