{"id":1285,"date":"2026-02-09T12:17:31","date_gmt":"2026-02-09T10:17:31","guid":{"rendered":"https:\/\/www.trikan.lv\/?page_id=1285"},"modified":"2026-02-09T17:51:29","modified_gmt":"2026-02-09T15:51:29","slug":"treninu-nometnes","status":"publish","type":"page","link":"https:\/\/www.trikan.lv\/en\/treninu-nometnes\/","title":{"rendered":"Training camps"},"content":{"rendered":"<div data-elementor-type=\"wp-page\" data-elementor-id=\"1285\" class=\"elementor elementor-1285\">\n\t\t\t\t<div class=\"elementor-element elementor-element-b2d1cdd e-flex e-con-boxed e-con e-parent\" data-id=\"b2d1cdd\" data-element_type=\"container\">\n\t\t\t\t\t<div class=\"e-con-inner\">\n\t\t<div class=\"elementor-element elementor-element-82f9c9f e-con-full e-flex e-con e-child\" data-id=\"82f9c9f\" data-element_type=\"container\">\n\t\t\t\t<div class=\"elementor-element elementor-element-ccafe87 elementor-widget elementor-widget-image\" data-id=\"ccafe87\" data-element_type=\"widget\" data-widget_type=\"image.default\">\n\t\t\t\t<div class=\"elementor-widget-container\">\n\t\t\t\t\t\t\t\t\t\t\t\t\t<img fetchpriority=\"high\" decoding=\"async\" width=\"800\" height=\"534\" src=\"https:\/\/www.trikan.lv\/wp-content\/uploads\/2026\/02\/54745530916_d7b8fd4cb7_o-1024x683.jpg\" class=\"attachment-large size-large wp-image-1299\" alt=\"\" srcset=\"https:\/\/www.trikan.lv\/wp-content\/uploads\/2026\/02\/54745530916_d7b8fd4cb7_o-1024x683.jpg 1024w, https:\/\/www.trikan.lv\/wp-content\/uploads\/2026\/02\/54745530916_d7b8fd4cb7_o-300x200.jpg 300w, https:\/\/www.trikan.lv\/wp-content\/uploads\/2026\/02\/54745530916_d7b8fd4cb7_o-768x512.jpg 768w, https:\/\/www.trikan.lv\/wp-content\/uploads\/2026\/02\/54745530916_d7b8fd4cb7_o-1536x1024.jpg 1536w, https:\/\/www.trikan.lv\/wp-content\/uploads\/2026\/02\/54745530916_d7b8fd4cb7_o-2048x1365.jpg 2048w, https:\/\/www.trikan.lv\/wp-content\/uploads\/2026\/02\/54745530916_d7b8fd4cb7_o-18x12.jpg 18w\" sizes=\"(max-width: 800px) 100vw, 800px\" \/>\t\t\t\t\t\t\t\t\t\t\t\t\t<\/div>\n\t\t\t\t<\/div>\n\t\t\t\t<\/div>\n\t\t<div class=\"elementor-element elementor-element-9bd4086 e-con-full e-flex e-con e-child\" data-id=\"9bd4086\" data-element_type=\"container\">\n\t\t<div class=\"elementor-element elementor-element-06e99e1 e-con-full e-flex e-con e-child\" data-id=\"06e99e1\" data-element_type=\"container\">\n\t\t\t\t<div class=\"elementor-element elementor-element-6b3e014 elementor-widget elementor-widget-text-editor\" data-id=\"6b3e014\" data-element_type=\"widget\" data-widget_type=\"text-editor.default\">\n\t\t\t\t<div class=\"elementor-widget-container\">\n\t\t\t\t\t\t\t<p><b>The Tricanians are preparing to invade Spain!&nbsp;<br><\/b><br>This year, TRI KAN members have big goals and big competitions ahead of them. To start preparing for their starts properly, the first TRI KAN camp will take place in April 2026, and the destination chosen is the hospitable Spain.<\/p>\n<p>2 weeks, 13 athletes, great company, wonderful supporters and a good time.<\/p>\n<p>Follow the progress of the camp on TRI KAN social networks!<\/p>\t\t\t\t\t\t<\/div>\n\t\t\t\t<\/div>\n\t\t\t\t<\/div>\n\t\t\t\t<\/div>\n\t\t\t\t\t<\/div>\n\t\t\t\t<\/div>\n\t\t\t\t<\/div>","protected":false},"excerpt":{"rendered":"<p>TriKan is preparing to conquer Spain! This year, TRI KAN members have big goals and big competitions ahead of them. In order to start preparing for their starts properly, the first TRI KAN camp will take place in April 2026, and the hospitable Spain has been chosen as the destination. 2 weeks, 13 athletes, great company, wonderful supporters and a good time. Follow the progress of the camp on TRI KAN social media!<\/p>","protected":false},"author":1,"featured_media":0,"parent":0,"menu_order":0,"comment_status":"closed","ping_status":"closed","template":"","meta":{"footnotes":""},"class_list":["post-1285","page","type-page","status-publish","hentry"],"yoast_head":"<!-- This site is optimized with the Yoast SEO plugin v22.0 - https:\/\/yoast.com\/wordpress\/plugins\/seo\/ -->\n<title>Treni\u0146u nometnes - Tri Kan<\/title>\n<meta name=\"robots\" content=\"index, follow, max-snippet:-1, max-image-preview:large, max-video-preview:-1\" \/>\n<link rel=\"canonical\" href=\"https:\/\/3.66.126.171\/treninu-nometnes\/\" \/>\n<meta property=\"og:locale\" content=\"en_GB\" \/>\n<meta property=\"og:type\" content=\"article\" \/>\n<meta property=\"og:title\" content=\"Treni\u0146u nometnes - Tri Kan\" \/>\n<meta property=\"og:description\" content=\"Trikan&#8217;ie\u0161i gatavojas iekarot Sp\u0101niju!&nbsp;\u0160ogad TRI KAN biedriem priek\u0161\u0101 lieli m\u0113r\u0137i un lielas sacens\u012bbas. Lai saviem startiem pien\u0101c\u012bgi s\u0101ktu gatavoties, 2026. gada apr\u012bl\u012b notiks pirm\u0101 TRI KAN nometne, un par galam\u0113r\u0137i izraudz\u012bta viesm\u012bl\u012bg\u0101 Sp\u0101nija. 2 ned\u0113\u013cas, 13 sportisti, lieliska komp\u0101nija, br\u012bni\u0161\u0137\u012bgi atbalst\u012bt\u0101ji un labi pavad\u012bts laiks. Nometnes progresam seko l\u012bdz TRI KAN soci\u0101lajos t\u012bklos!\" \/>\n<meta property=\"og:url\" content=\"https:\/\/3.66.126.171\/treninu-nometnes\/\" \/>\n<meta property=\"og:site_name\" content=\"Tri Kan\" \/>\n<meta property=\"article:publisher\" content=\"https:\/\/www.facebook.com\/profile.php?id=100095351500188\" \/>\n<meta property=\"article:modified_time\" content=\"2026-02-09T15:51:29+00:00\" \/>\n<meta property=\"og:image\" content=\"https:\/\/www.trikan.lv\/wp-content\/uploads\/2026\/02\/54745530916_d7b8fd4cb7_o-1024x683.jpg\" \/>\n<meta name=\"twitter:card\" content=\"summary_large_image\" \/>\n<meta name=\"twitter:label1\" content=\"Estimated reading time\" \/>\n\t<meta name=\"twitter:data1\" content=\"1 minute\" \/>\n<script type=\"application\/ld+json\" class=\"yoast-schema-graph\">{\"@context\":\"https:\/\/schema.org\",\"@graph\":[{\"@type\":\"WebPage\",\"@id\":\"https:\/\/3.66.126.171\/treninu-nometnes\/\",\"url\":\"https:\/\/3.66.126.171\/treninu-nometnes\/\",\"name\":\"Treni\u0146u nometnes - Tri Kan\",\"isPartOf\":{\"@id\":\"https:\/\/3.66.126.171:80\/#website\"},\"datePublished\":\"2026-02-09T10:17:31+00:00\",\"dateModified\":\"2026-02-09T15:51:29+00:00\",\"breadcrumb\":{\"@id\":\"https:\/\/3.66.126.171\/treninu-nometnes\/#breadcrumb\"},\"inLanguage\":\"en-GB\",\"potentialAction\":[{\"@type\":\"ReadAction\",\"target\":[\"https:\/\/3.66.126.171\/treninu-nometnes\/\"]}]},{\"@type\":\"BreadcrumbList\",\"@id\":\"https:\/\/3.66.126.171\/treninu-nometnes\/#breadcrumb\",\"itemListElement\":[{\"@type\":\"ListItem\",\"position\":1,\"name\":\"Home\",\"item\":\"https:\/\/3.66.126.171\/\"},{\"@type\":\"ListItem\",\"position\":2,\"name\":\"Treni\u0146u nometnes\"}]},{\"@type\":\"WebSite\",\"@id\":\"https:\/\/3.66.126.171:80\/#website\",\"url\":\"https:\/\/3.66.126.171:80\/\",\"name\":\"Tri Kan\",\"description\":\"\",\"publisher\":{\"@id\":\"https:\/\/3.66.126.171:80\/#organization\"},\"potentialAction\":[{\"@type\":\"SearchAction\",\"target\":{\"@type\":\"EntryPoint\",\"urlTemplate\":\"https:\/\/3.66.126.171:80\/?s={search_term_string}\"},\"query-input\":\"required name=search_term_string\"}],\"inLanguage\":\"en-GB\"},{\"@type\":\"Organization\",\"@id\":\"https:\/\/3.66.126.171:80\/#organization\",\"name\":\"Tri Kan\",\"url\":\"https:\/\/3.66.126.171:80\/\",\"logo\":{\"@type\":\"ImageObject\",\"inLanguage\":\"en-GB\",\"@id\":\"https:\/\/3.66.126.171:80\/#\/schema\/logo\/image\/\",\"url\":\"https:\/\/www.trikan.lv\/wp-content\/uploads\/2024\/01\/Tri_Kan_LOGO3-small.jpg\",\"contentUrl\":\"https:\/\/www.trikan.lv\/wp-content\/uploads\/2024\/01\/Tri_Kan_LOGO3-small.jpg\",\"width\":300,\"height\":159,\"caption\":\"Tri Kan\"},\"image\":{\"@id\":\"https:\/\/3.66.126.171:80\/#\/schema\/logo\/image\/\"},\"sameAs\":[\"https:\/\/www.facebook.com\/profile.php?id=100095351500188\",\"https:\/\/www.instagram.com\/triatlona_klubs_trikan\/\"]}]}<\/script>\n<!-- \/ Yoast SEO plugin. -->","yoast_head_json":{"title":"Treni\u0146u nometnes - Tri Kan","robots":{"index":"index","follow":"follow","max-snippet":"max-snippet:-1","max-image-preview":"max-image-preview:large","max-video-preview":"max-video-preview:-1"},"canonical":"https:\/\/3.66.126.171\/treninu-nometnes\/","og_locale":"en_GB","og_type":"article","og_title":"Treni\u0146u nometnes - Tri Kan","og_description":"Trikan&#8217;ie\u0161i gatavojas iekarot Sp\u0101niju!&nbsp;\u0160ogad TRI KAN biedriem priek\u0161\u0101 lieli m\u0113r\u0137i un lielas sacens\u012bbas. Lai saviem startiem pien\u0101c\u012bgi s\u0101ktu gatavoties, 2026. gada apr\u012bl\u012b notiks pirm\u0101 TRI KAN nometne, un par galam\u0113r\u0137i izraudz\u012bta viesm\u012bl\u012bg\u0101 Sp\u0101nija. 2 ned\u0113\u013cas, 13 sportisti, lieliska komp\u0101nija, br\u012bni\u0161\u0137\u012bgi atbalst\u012bt\u0101ji un labi pavad\u012bts laiks. Nometnes progresam seko l\u012bdz TRI KAN soci\u0101lajos t\u012bklos!","og_url":"https:\/\/3.66.126.171\/treninu-nometnes\/","og_site_name":"Tri Kan","article_publisher":"https:\/\/www.facebook.com\/profile.php?id=100095351500188","article_modified_time":"2026-02-09T15:51:29+00:00","og_image":[{"url":"https:\/\/www.trikan.lv\/wp-content\/uploads\/2026\/02\/54745530916_d7b8fd4cb7_o-1024x683.jpg"}],"twitter_card":"summary_large_image","twitter_misc":{"Estimated reading time":"1 minute"},"schema":{"@context":"https:\/\/schema.org","@graph":[{"@type":"WebPage","@id":"https:\/\/3.66.126.171\/treninu-nometnes\/","url":"https:\/\/3.66.126.171\/treninu-nometnes\/","name":"Treni\u0146u nometnes - Tri Kan","isPartOf":{"@id":"https:\/\/3.66.126.171:80\/#website"},"datePublished":"2026-02-09T10:17:31+00:00","dateModified":"2026-02-09T15:51:29+00:00","breadcrumb":{"@id":"https:\/\/3.66.126.171\/treninu-nometnes\/#breadcrumb"},"inLanguage":"en-GB","potentialAction":[{"@type":"ReadAction","target":["https:\/\/3.66.126.171\/treninu-nometnes\/"]}]},{"@type":"BreadcrumbList","@id":"https:\/\/3.66.126.171\/treninu-nometnes\/#breadcrumb","itemListElement":[{"@type":"ListItem","position":1,"name":"Home","item":"https:\/\/3.66.126.171\/"},{"@type":"ListItem","position":2,"name":"Treni\u0146u nometnes"}]},{"@type":"WebSite","@id":"https:\/\/3.66.126.171:80\/#website","url":"https:\/\/3.66.126.171:80\/","name":"Tri Kan","description":"","publisher":{"@id":"https:\/\/3.66.126.171:80\/#organization"},"potentialAction":[{"@type":"SearchAction","target":{"@type":"EntryPoint","urlTemplate":"https:\/\/3.66.126.171:80\/?s={search_term_string}"},"query-input":"required name=search_term_string"}],"inLanguage":"en-GB"},{"@type":"Organization","@id":"https:\/\/3.66.126.171:80\/#organization","name":"Tri Kan","url":"https:\/\/3.66.126.171:80\/","logo":{"@type":"ImageObject","inLanguage":"en-GB","@id":"https:\/\/3.66.126.171:80\/#\/schema\/logo\/image\/","url":"https:\/\/www.trikan.lv\/wp-content\/uploads\/2024\/01\/Tri_Kan_LOGO3-small.jpg","contentUrl":"https:\/\/www.trikan.lv\/wp-content\/uploads\/2024\/01\/Tri_Kan_LOGO3-small.jpg","width":300,"height":159,"caption":"Tri Kan"},"image":{"@id":"https:\/\/3.66.126.171:80\/#\/schema\/logo\/image\/"},"sameAs":["https:\/\/www.facebook.com\/profile.php?id=100095351500188","https:\/\/www.instagram.com\/triatlona_klubs_trikan\/"]}]}},"_links":{"self":[{"href":"https:\/\/www.trikan.lv\/en\/wp-json\/wp\/v2\/pages\/1285","targetHints":{"allow":["GET"]}}],"collection":[{"href":"https:\/\/www.trikan.lv\/en\/wp-json\/wp\/v2\/pages"}],"about":[{"href":"https:\/\/www.trikan.lv\/en\/wp-json\/wp\/v2\/types\/page"}],"author":[{"embeddable":true,"href":"https:\/\/www.trikan.lv\/en\/wp-json\/wp\/v2\/users\/1"}],"replies":[{"embeddable":true,"href":"https:\/\/www.trikan.lv\/en\/wp-json\/wp\/v2\/comments?post=1285"}],"version-history":[{"count":10,"href":"https:\/\/www.trikan.lv\/en\/wp-json\/wp\/v2\/pages\/1285\/revisions"}],"predecessor-version":[{"id":1342,"href":"https:\/\/www.trikan.lv\/en\/wp-json\/wp\/v2\/pages\/1285\/revisions\/1342"}],"wp:attachment":[{"href":"https:\/\/www.trikan.lv\/en\/wp-json\/wp\/v2\/media?parent=1285"}],"curies":[{"name":"wp","href":"https:\/\/api.w.org\/{rel}","templated":true}]}}