{"id":152,"date":"2024-01-29T07:52:11","date_gmt":"2024-01-29T07:52:11","guid":{"rendered":"http:\/\/3.66.126.171\/?page_id=152"},"modified":"2025-02-19T09:45:10","modified_gmt":"2025-02-19T09:45:10","slug":"par-trikan","status":"publish","type":"page","link":"https:\/\/www.trikan.lv\/ee\/par-trikan\/","title":{"rendered":"TriKanist"},"content":{"rendered":"<div data-elementor-type=\"wp-page\" data-elementor-id=\"152\" class=\"elementor elementor-152\">\n\t\t\t\t<div class=\"elementor-element elementor-element-794a052 e-flex e-con-boxed e-con e-parent\" data-id=\"794a052\" data-element_type=\"container\">\n\t\t\t\t\t<div class=\"e-con-inner\">\n\t\t<div class=\"elementor-element elementor-element-881c4fb e-con-full e-flex e-con e-child\" data-id=\"881c4fb\" data-element_type=\"container\">\n\t\t\t\t<div class=\"elementor-element elementor-element-0b89bb5 elementor-widget elementor-widget-image\" data-id=\"0b89bb5\" data-element_type=\"widget\" data-widget_type=\"image.default\">\n\t\t\t\t<div class=\"elementor-widget-container\">\n\t\t\t\t\t\t\t\t\t\t\t\t\t<img fetchpriority=\"high\" decoding=\"async\" width=\"800\" height=\"640\" src=\"https:\/\/www.trikan.lv\/wp-content\/uploads\/2024\/02\/52974041773_922600d86f_o-1024x819.jpg\" class=\"attachment-large size-large wp-image-482\" alt=\"\" srcset=\"https:\/\/www.trikan.lv\/wp-content\/uploads\/2024\/02\/52974041773_922600d86f_o-1024x819.jpg 1024w, https:\/\/www.trikan.lv\/wp-content\/uploads\/2024\/02\/52974041773_922600d86f_o-300x240.jpg 300w, https:\/\/www.trikan.lv\/wp-content\/uploads\/2024\/02\/52974041773_922600d86f_o-768x614.jpg 768w, https:\/\/www.trikan.lv\/wp-content\/uploads\/2024\/02\/52974041773_922600d86f_o-1536x1229.jpg 1536w, https:\/\/www.trikan.lv\/wp-content\/uploads\/2024\/02\/52974041773_922600d86f_o-2048x1638.jpg 2048w\" sizes=\"(max-width: 800px) 100vw, 800px\" \/>\t\t\t\t\t\t\t\t\t\t\t\t\t<\/div>\n\t\t\t\t<\/div>\n\t\t\t\t<\/div>\n\t\t<div class=\"elementor-element elementor-element-6601e32 e-con-full e-flex e-con e-child\" data-id=\"6601e32\" data-element_type=\"container\">\n\t\t\t\t<div class=\"elementor-element elementor-element-df6e62a elementor-widget elementor-widget-image\" data-id=\"df6e62a\" data-element_type=\"widget\" data-widget_type=\"image.default\">\n\t\t\t\t<div class=\"elementor-widget-container\">\n\t\t\t\t\t\t\t\t\t\t\t\t\t<img decoding=\"async\" width=\"800\" height=\"640\" src=\"https:\/\/www.trikan.lv\/wp-content\/uploads\/2024\/02\/52974051310_e1937703e9_o-1024x819.jpg\" class=\"attachment-large size-large wp-image-481\" alt=\"\" srcset=\"https:\/\/www.trikan.lv\/wp-content\/uploads\/2024\/02\/52974051310_e1937703e9_o-1024x819.jpg 1024w, https:\/\/www.trikan.lv\/wp-content\/uploads\/2024\/02\/52974051310_e1937703e9_o-300x240.jpg 300w, https:\/\/www.trikan.lv\/wp-content\/uploads\/2024\/02\/52974051310_e1937703e9_o-768x614.jpg 768w, https:\/\/www.trikan.lv\/wp-content\/uploads\/2024\/02\/52974051310_e1937703e9_o-1536x1229.jpg 1536w, https:\/\/www.trikan.lv\/wp-content\/uploads\/2024\/02\/52974051310_e1937703e9_o-2048x1638.jpg 2048w\" sizes=\"(max-width: 800px) 100vw, 800px\" \/>\t\t\t\t\t\t\t\t\t\t\t\t\t<\/div>\n\t\t\t\t<\/div>\n\t\t\t\t<\/div>\n\t\t<div class=\"elementor-element elementor-element-89948ec e-con-full e-flex e-con e-child\" data-id=\"89948ec\" data-element_type=\"container\">\n\t\t\t\t<div class=\"elementor-element elementor-element-092dbd3 elementor-widget elementor-widget-image\" data-id=\"092dbd3\" data-element_type=\"widget\" data-widget_type=\"image.default\">\n\t\t\t\t<div class=\"elementor-widget-container\">\n\t\t\t\t\t\t\t\t\t\t\t\t\t<img decoding=\"async\" width=\"800\" height=\"640\" src=\"https:\/\/www.trikan.lv\/wp-content\/uploads\/2024\/02\/52974024608_9d951cd9f3_o-1024x819.jpg\" class=\"attachment-large size-large wp-image-483\" alt=\"\" srcset=\"https:\/\/www.trikan.lv\/wp-content\/uploads\/2024\/02\/52974024608_9d951cd9f3_o-1024x819.jpg 1024w, https:\/\/www.trikan.lv\/wp-content\/uploads\/2024\/02\/52974024608_9d951cd9f3_o-300x240.jpg 300w, https:\/\/www.trikan.lv\/wp-content\/uploads\/2024\/02\/52974024608_9d951cd9f3_o-768x614.jpg 768w, https:\/\/www.trikan.lv\/wp-content\/uploads\/2024\/02\/52974024608_9d951cd9f3_o-1536x1229.jpg 1536w, https:\/\/www.trikan.lv\/wp-content\/uploads\/2024\/02\/52974024608_9d951cd9f3_o-2048x1638.jpg 2048w\" sizes=\"(max-width: 800px) 100vw, 800px\" \/>\t\t\t\t\t\t\t\t\t\t\t\t\t<\/div>\n\t\t\t\t<\/div>\n\t\t\t\t<\/div>\n\t\t<div class=\"elementor-element elementor-element-11aecdf e-con-full e-flex e-con e-child\" data-id=\"11aecdf\" data-element_type=\"container\">\n\t\t\t\t<div class=\"elementor-element elementor-element-49233b1 elementor-widget elementor-widget-image\" data-id=\"49233b1\" data-element_type=\"widget\" data-widget_type=\"image.default\">\n\t\t\t\t<div class=\"elementor-widget-container\">\n\t\t\t\t\t\t\t\t\t\t\t\t\t<img loading=\"lazy\" decoding=\"async\" width=\"800\" height=\"800\" src=\"https:\/\/www.trikan.lv\/wp-content\/uploads\/2024\/02\/tri-kan-4-1024x1024.jpg\" class=\"attachment-large size-large wp-image-484\" alt=\"\" srcset=\"https:\/\/www.trikan.lv\/wp-content\/uploads\/2024\/02\/tri-kan-4-1024x1024.jpg 1024w, https:\/\/www.trikan.lv\/wp-content\/uploads\/2024\/02\/tri-kan-4-300x300.jpg 300w, https:\/\/www.trikan.lv\/wp-content\/uploads\/2024\/02\/tri-kan-4-150x150.jpg 150w, https:\/\/www.trikan.lv\/wp-content\/uploads\/2024\/02\/tri-kan-4-768x768.jpg 768w, https:\/\/www.trikan.lv\/wp-content\/uploads\/2024\/02\/tri-kan-4.jpg 1440w\" sizes=\"(max-width: 800px) 100vw, 800px\" \/>\t\t\t\t\t\t\t\t\t\t\t\t\t<\/div>\n\t\t\t\t<\/div>\n\t\t\t\t<\/div>\n\t\t<div class=\"elementor-element elementor-element-cd6fdea e-con-full e-flex e-con e-child\" data-id=\"cd6fdea\" data-element_type=\"container\">\n\t\t\t\t<div class=\"elementor-element elementor-element-e0a2d40 elementor-widget elementor-widget-text-editor\" data-id=\"e0a2d40\" data-element_type=\"widget\" data-widget_type=\"text-editor.default\">\n\t\t\t\t<div class=\"elementor-widget-container\">\n\t\t\t\t\t\t\t<p><span style=\"color: var( --e-global-color-text ); font-family: var( --e-global-typography-text-font-family ), Sans-serif; font-size: var( --e-global-typography-text-font-size ); font-style: var( --e-global-typography-text-font-style ); font-weight: var( --e-global-typography-text-font-weight ); letter-spacing: var( --e-global-typography-text-letter-spacing ); text-transform: var( --e-global-typography-text-text-transform ); text-align: var(--text-align); background-color: var( --e-global-color-c696dce );\">Oleme spordiklubi, mille on asutanud kogenud ujumise ja triatloni entusiastid. Meie seas on nii professionaalseid Euroopa taseme sportlasi kui ka kohalikke L\u00e4ti meistreid, kes v\u00f5istlevad nii l\u00fchikestel, keskmistel kui ka pikkadel distantsidel.<\/span><\/p><p>Klubis osalevad aktiivselt sportlased, treenerid ja rahvusvaheliselt kvalifitseeritud triatloni kohtunikud, et edendada triatlonisporti ja t\u00f5sta triatloniv\u00f5istluste kvaliteeti L\u00e4tis.<\/p><p>Spordiklubi TRI KAN tegutseb alates 2021. aastast, on kogunud juba 50 klubi liiget ja on L\u00e4ti Triatloni F\u00f6deratsiooni juriidiline liige.<\/p>\t\t\t\t\t\t<\/div>\n\t\t\t\t<\/div>\n\t\t\t\t<\/div>\n\t\t\t\t\t<\/div>\n\t\t\t\t<\/div>\n\t\t<div class=\"elementor-element elementor-element-0554700 e-flex e-con-boxed e-con e-parent\" data-id=\"0554700\" data-element_type=\"container\">\n\t\t\t\t\t<div class=\"e-con-inner\">\n\t\t\t\t<div class=\"elementor-element elementor-element-42ba362 elementor-widget elementor-widget-accordion\" data-id=\"42ba362\" data-element_type=\"widget\" data-widget_type=\"accordion.default\">\n\t\t\t\t<div class=\"elementor-widget-container\">\n\t\t\t\t\t<div class=\"elementor-accordion\">\n\t\t\t\t\t\t\t<div class=\"elementor-accordion-item\">\n\t\t\t\t\t<div id=\"elementor-tab-title-6991\" class=\"elementor-tab-title\" data-tab=\"1\" role=\"button\" aria-controls=\"elementor-tab-content-6991\" aria-expanded=\"false\">\n\t\t\t\t\t\t\t\t\t\t\t\t\t<span class=\"elementor-accordion-icon elementor-accordion-icon-left\" aria-hidden=\"true\">\n\t\t\t\t\t\t\t\t\t\t\t\t\t\t\t<span class=\"elementor-accordion-icon-closed\"><i class=\"fas fa-plus\"><\/i><\/span>\n\t\t\t\t\t\t\t\t<span class=\"elementor-accordion-icon-opened\"><i class=\"fas fa-minus\"><\/i><\/span>\n\t\t\t\t\t\t\t\t\t\t\t\t\t\t<\/span>\n\t\t\t\t\t\t\t\t\t\t\t\t<a class=\"elementor-accordion-title\" tabindex=\"0\">2021. aasta<\/a>\n\t\t\t\t\t<\/div>\n\t\t\t\t\t<div id=\"elementor-tab-content-6991\" class=\"elementor-tab-content elementor-clearfix\" data-tab=\"1\" role=\"region\" aria-labelledby=\"elementor-tab-title-6991\"><p>Eesm\u00e4rgiga esindada oma huve, luua sarnaselt m\u00f5tlevate triatlonihuviliste kogukond ja t\u00f5sta v\u00f5istluste kvaliteeti, otsustavad M\u0101ris ja Edgars asutada <b>triatloni ja ujumise klubi TRI KAN<\/b>. Klubi logo on lilla sisalik.<\/p><p><b>TRI KAN t\u00f5lge<\/b> \u2013 \u201eK\u2019an\u201c on universumi looja, kes s\u00fcmboliseerib sisemist tuld, mis on eluj\u00f5u alus. Maiade m\u00fctoloogias on \u201eKan\u201c seotud mao v\u00f5i sisalikuga ja s\u00fcmboliseerib eluenergia. Madu v\u00f5i sisalik olid iidsetes kultuurides sageli seotud eluj\u00f5u ja uuenemisega. S\u00f5na \u201eK\u2019an\u201c kirjeldab olendit, kes s\u00fcmboliseerib kosmilist energiat ja eluj\u00f5udu, viidates \u201esisemisele tulele\u201c, mis v\u00f5ib t\u00e4hendada eluenergia allikat.<\/p><\/div>\n\t\t\t\t<\/div>\n\t\t\t\t\t\t\t<div class=\"elementor-accordion-item\">\n\t\t\t\t\t<div id=\"elementor-tab-title-6992\" class=\"elementor-tab-title\" data-tab=\"2\" role=\"button\" aria-controls=\"elementor-tab-content-6992\" aria-expanded=\"false\">\n\t\t\t\t\t\t\t\t\t\t\t\t\t<span class=\"elementor-accordion-icon elementor-accordion-icon-left\" aria-hidden=\"true\">\n\t\t\t\t\t\t\t\t\t\t\t\t\t\t\t<span class=\"elementor-accordion-icon-closed\"><i class=\"fas fa-plus\"><\/i><\/span>\n\t\t\t\t\t\t\t\t<span class=\"elementor-accordion-icon-opened\"><i class=\"fas fa-minus\"><\/i><\/span>\n\t\t\t\t\t\t\t\t\t\t\t\t\t\t<\/span>\n\t\t\t\t\t\t\t\t\t\t\t\t<a class=\"elementor-accordion-title\" tabindex=\"0\">2022. aasta<\/a>\n\t\t\t\t\t<\/div>\n\t\t\t\t\t<div id=\"elementor-tab-content-6992\" class=\"elementor-tab-content elementor-clearfix\" data-tab=\"2\" role=\"region\" aria-labelledby=\"elementor-tab-title-6992\"><p>Klubist saab L\u00e4ti Triatloni F\u00f6deratsiooni juriidiline liige ja korraldab oma esimesed v\u00f5istlused - Al\u016bksne Triatlon 2022. Sealhulgas korraldatakse meistriv\u00f5istlused sprindidistantsil!<\/p><\/div>\n\t\t\t\t<\/div>\n\t\t\t\t\t\t\t<div class=\"elementor-accordion-item\">\n\t\t\t\t\t<div id=\"elementor-tab-title-6993\" class=\"elementor-tab-title\" data-tab=\"3\" role=\"button\" aria-controls=\"elementor-tab-content-6993\" aria-expanded=\"false\">\n\t\t\t\t\t\t\t\t\t\t\t\t\t<span class=\"elementor-accordion-icon elementor-accordion-icon-left\" aria-hidden=\"true\">\n\t\t\t\t\t\t\t\t\t\t\t\t\t\t\t<span class=\"elementor-accordion-icon-closed\"><i class=\"fas fa-plus\"><\/i><\/span>\n\t\t\t\t\t\t\t\t<span class=\"elementor-accordion-icon-opened\"><i class=\"fas fa-minus\"><\/i><\/span>\n\t\t\t\t\t\t\t\t\t\t\t\t\t\t<\/span>\n\t\t\t\t\t\t\t\t\t\t\t\t<a class=\"elementor-accordion-title\" tabindex=\"0\">2023. aasta<\/a>\n\t\t\t\t\t<\/div>\n\t\t\t\t\t<div id=\"elementor-tab-content-6993\" class=\"elementor-tab-content elementor-clearfix\" data-tab=\"3\" role=\"region\" aria-labelledby=\"elementor-tab-title-6993\"><p>J\u00e4tkati Al\u016bksne triatloni traditsiooni ning korraldati ka Balti meistriv\u00f5istlused. Al\u016bksnes v\u00f5istles 250 sportlast.<\/p><p>TRI KAN annab oma panuse Riia triatloni korraldamisse, v\u00f5ttes enda peale jalgrattaraja ehitamise.<\/p><p>TRI KAN korraldab esimest korda L\u00e4tis avaveeujumisega akvatloni \u2013 \u0100da\u017ei akvatlon 2023.<\/p><\/div>\n\t\t\t\t<\/div>\n\t\t\t\t\t\t\t<div class=\"elementor-accordion-item\">\n\t\t\t\t\t<div id=\"elementor-tab-title-6994\" class=\"elementor-tab-title\" data-tab=\"4\" role=\"button\" aria-controls=\"elementor-tab-content-6994\" aria-expanded=\"false\">\n\t\t\t\t\t\t\t\t\t\t\t\t\t<span class=\"elementor-accordion-icon elementor-accordion-icon-left\" aria-hidden=\"true\">\n\t\t\t\t\t\t\t\t\t\t\t\t\t\t\t<span class=\"elementor-accordion-icon-closed\"><i class=\"fas fa-plus\"><\/i><\/span>\n\t\t\t\t\t\t\t\t<span class=\"elementor-accordion-icon-opened\"><i class=\"fas fa-minus\"><\/i><\/span>\n\t\t\t\t\t\t\t\t\t\t\t\t\t\t<\/span>\n\t\t\t\t\t\t\t\t\t\t\t\t<a class=\"elementor-accordion-title\" tabindex=\"0\">2024. aasta<\/a>\n\t\t\t\t\t<\/div>\n\t\t\t\t\t<div id=\"elementor-tab-content-6994\" class=\"elementor-tab-content elementor-clearfix\" data-tab=\"4\" role=\"region\" aria-labelledby=\"elementor-tab-title-6994\"><p>\u201cAl\u016bksne triatlon 2024\u201d ajal korraldatakse esimest korda noorte meistriv\u00f5istlused, kus osalevad ka sportlased naaberriikidest! \u201c\u0100da\u017ei akvatlon 2024\u201d kogub rekordarvu osalejaid. L\u00e4ti triatloni f\u00f6deratsiooni \u00fcldkoosolekul valiti juhatuse liikmeteks uuesti M\u0101ris ja Evita ning juhatusse valiti ka Luksass. TRI KAN juhatus on laiendatud kolmelt viiele liikmele, tagades seel\u00e4bi klubi edasise tegevuse laiendamise erinevates suundades.<\/p><\/div>\n\t\t\t\t<\/div>\n\t\t\t\t\t\t\t<div class=\"elementor-accordion-item\">\n\t\t\t\t\t<div id=\"elementor-tab-title-6995\" class=\"elementor-tab-title\" data-tab=\"5\" role=\"button\" aria-controls=\"elementor-tab-content-6995\" aria-expanded=\"false\">\n\t\t\t\t\t\t\t\t\t\t\t\t\t<span class=\"elementor-accordion-icon elementor-accordion-icon-left\" aria-hidden=\"true\">\n\t\t\t\t\t\t\t\t\t\t\t\t\t\t\t<span class=\"elementor-accordion-icon-closed\"><i class=\"fas fa-plus\"><\/i><\/span>\n\t\t\t\t\t\t\t\t<span class=\"elementor-accordion-icon-opened\"><i class=\"fas fa-minus\"><\/i><\/span>\n\t\t\t\t\t\t\t\t\t\t\t\t\t\t<\/span>\n\t\t\t\t\t\t\t\t\t\t\t\t<a class=\"elementor-accordion-title\" tabindex=\"0\">2025. aasta<\/a>\n\t\t\t\t\t<\/div>\n\t\t\t\t\t<div id=\"elementor-tab-content-6995\" class=\"elementor-tab-content elementor-clearfix\" data-tab=\"5\" role=\"region\" aria-labelledby=\"elementor-tab-title-6995\"><p>TRI KAN on v\u00f5tnud enda kanda seni k\u00f5ige ambitsioonikama \u00fcrituse korraldamise \u2013 kahep\u00e4evane v\u00f5istlus Aluksnes, mis h\u00f5lmab avaveeujumist, teatev\u00f5istlust, noorte lahtisi meistriv\u00f5istlusi ja L\u00e4ti meistriv\u00f5istlusi ol\u00fcmpiadistantsil.<br><br>Ka Adazi akvatloni 2025 pakutavate distantside valik laieneb.<\/p><\/div>\n\t\t\t\t<\/div>\n\t\t\t\t\t\t\t\t<\/div>\n\t\t\t\t<\/div>\n\t\t\t\t<\/div>\n\t\t\t\t\t<\/div>\n\t\t\t\t<\/div>\n\t\t\t\t<\/div>","protected":false},"excerpt":{"rendered":"<p>Oleme spordiklubi, mille on asutanud kogenud ujumise ja triatloni entusiastid. Meie seas on nii professionaalseid Euroopa taseme sportlasi kui ka kohalikke L\u00e4ti meistreid, kes v\u00f5istlevad nii l\u00fchikestel, keskmistel kui ka pikkadel distantsidel. Klubis osalevad aktiivselt sportlased, treenerid ja rahvusvaheliselt kvalifitseeritud triatlonikohtunikud, et edendada triatlonisporti ja t\u00f5sta triatloniv\u00f5istluste kvaliteeti L\u00e4tis. Spordiklubi [\u2026]<\/p>","protected":false},"author":5,"featured_media":0,"parent":0,"menu_order":0,"comment_status":"closed","ping_status":"closed","template":"","meta":{"footnotes":""},"class_list":["post-152","page","type-page","status-publish","hentry"],"yoast_head":"<!-- This site is optimized with the Yoast SEO plugin v22.0 - https:\/\/yoast.com\/wordpress\/plugins\/seo\/ -->\n<title>Par TriKan - Tri Kan<\/title>\n<meta name=\"robots\" content=\"index, follow, max-snippet:-1, max-image-preview:large, max-video-preview:-1\" \/>\n<link rel=\"canonical\" href=\"https:\/\/www.trikan.lv\/ee\/par-trikan\/\" \/>\n<meta property=\"og:locale\" content=\"et_EE\" \/>\n<meta property=\"og:type\" content=\"article\" \/>\n<meta property=\"og:title\" content=\"Par TriKan - Tri Kan\" \/>\n<meta property=\"og:description\" content=\"Esam sporta klubs, kuru dibin\u0101ju\u0161i pieredz\u0113ju\u0161i peld\u0113\u0161anas un triatlona entuziasti. M\u016bsu vid\u016b ir gan profesion\u0101li Eiropas l\u012bme\u0146a sportisti, gan viet\u0113jie Latvijas \u010dempioni, kas start\u0113 gan \u012bsaj\u0101s, gan vid\u0113j\u0101s, gan garaj\u0101s distanc\u0113s. Klub\u0101 akt\u012bvi piedal\u0101s sportisti, treneri un starptautiski kvalific\u0113ti triatlona tiesne\u0161i ar m\u0113r\u0137i populariz\u0113t triatlona sporta veidu un celt triatlona sacens\u012bbu kvalit\u0101ti Latvij\u0101. Sporta klubs [&hellip;]\" \/>\n<meta property=\"og:url\" content=\"https:\/\/www.trikan.lv\/ee\/par-trikan\/\" \/>\n<meta property=\"og:site_name\" content=\"Tri Kan\" \/>\n<meta property=\"article:publisher\" content=\"https:\/\/www.facebook.com\/profile.php?id=100095351500188\" \/>\n<meta property=\"article:modified_time\" content=\"2025-02-19T09:45:10+00:00\" \/>\n<meta property=\"og:image\" content=\"https:\/\/www.trikan.lv\/wp-content\/uploads\/2024\/02\/52974041773_922600d86f_o-1024x819.jpg\" \/>\n<meta name=\"twitter:card\" content=\"summary_large_image\" \/>\n<meta name=\"twitter:label1\" content=\"Est. reading time\" \/>\n\t<meta name=\"twitter:data1\" content=\"3 minutit\" \/>\n<script type=\"application\/ld+json\" class=\"yoast-schema-graph\">{\"@context\":\"https:\/\/schema.org\",\"@graph\":[{\"@type\":\"WebPage\",\"@id\":\"https:\/\/www.trikan.lv\/en\/par-trikan\/\",\"url\":\"https:\/\/www.trikan.lv\/en\/par-trikan\/\",\"name\":\"Par TriKan - Tri Kan\",\"isPartOf\":{\"@id\":\"https:\/\/3.66.126.171\/#website\"},\"datePublished\":\"2024-01-29T07:52:11+00:00\",\"dateModified\":\"2025-02-19T09:45:10+00:00\",\"breadcrumb\":{\"@id\":\"https:\/\/www.trikan.lv\/en\/par-trikan\/#breadcrumb\"},\"inLanguage\":\"et\",\"potentialAction\":[{\"@type\":\"ReadAction\",\"target\":[\"https:\/\/www.trikan.lv\/en\/par-trikan\/\"]}]},{\"@type\":\"BreadcrumbList\",\"@id\":\"https:\/\/www.trikan.lv\/en\/par-trikan\/#breadcrumb\",\"itemListElement\":[{\"@type\":\"ListItem\",\"position\":1,\"name\":\"Home\",\"item\":\"https:\/\/3.66.126.171\/\"},{\"@type\":\"ListItem\",\"position\":2,\"name\":\"Par TriKan\"}]},{\"@type\":\"WebSite\",\"@id\":\"https:\/\/3.66.126.171\/#website\",\"url\":\"https:\/\/3.66.126.171\/\",\"name\":\"Tri Kan\",\"description\":\"\",\"publisher\":{\"@id\":\"https:\/\/3.66.126.171\/#organization\"},\"potentialAction\":[{\"@type\":\"SearchAction\",\"target\":{\"@type\":\"EntryPoint\",\"urlTemplate\":\"https:\/\/3.66.126.171\/?s={search_term_string}\"},\"query-input\":\"required name=search_term_string\"}],\"inLanguage\":\"et\"},{\"@type\":\"Organization\",\"@id\":\"https:\/\/3.66.126.171\/#organization\",\"name\":\"Tri Kan\",\"url\":\"https:\/\/3.66.126.171\/\",\"logo\":{\"@type\":\"ImageObject\",\"inLanguage\":\"et\",\"@id\":\"https:\/\/3.66.126.171\/#\/schema\/logo\/image\/\",\"url\":\"https:\/\/www.trikan.lv\/wp-content\/uploads\/2024\/01\/Tri_Kan_LOGO3-small.jpg\",\"contentUrl\":\"https:\/\/www.trikan.lv\/wp-content\/uploads\/2024\/01\/Tri_Kan_LOGO3-small.jpg\",\"width\":300,\"height\":159,\"caption\":\"Tri Kan\"},\"image\":{\"@id\":\"https:\/\/3.66.126.171\/#\/schema\/logo\/image\/\"},\"sameAs\":[\"https:\/\/www.facebook.com\/profile.php?id=100095351500188\",\"https:\/\/www.instagram.com\/triatlona_klubs_trikan\/\"]}]}<\/script>\n<!-- \/ Yoast SEO plugin. -->","yoast_head_json":{"title":"Par TriKan - Tri Kan","robots":{"index":"index","follow":"follow","max-snippet":"max-snippet:-1","max-image-preview":"max-image-preview:large","max-video-preview":"max-video-preview:-1"},"canonical":"https:\/\/www.trikan.lv\/ee\/par-trikan\/","og_locale":"et_EE","og_type":"article","og_title":"Par TriKan - Tri Kan","og_description":"Esam sporta klubs, kuru dibin\u0101ju\u0161i pieredz\u0113ju\u0161i peld\u0113\u0161anas un triatlona entuziasti. M\u016bsu vid\u016b ir gan profesion\u0101li Eiropas l\u012bme\u0146a sportisti, gan viet\u0113jie Latvijas \u010dempioni, kas start\u0113 gan \u012bsaj\u0101s, gan vid\u0113j\u0101s, gan garaj\u0101s distanc\u0113s. Klub\u0101 akt\u012bvi piedal\u0101s sportisti, treneri un starptautiski kvalific\u0113ti triatlona tiesne\u0161i ar m\u0113r\u0137i populariz\u0113t triatlona sporta veidu un celt triatlona sacens\u012bbu kvalit\u0101ti Latvij\u0101. Sporta klubs [&hellip;]","og_url":"https:\/\/www.trikan.lv\/ee\/par-trikan\/","og_site_name":"Tri Kan","article_publisher":"https:\/\/www.facebook.com\/profile.php?id=100095351500188","article_modified_time":"2025-02-19T09:45:10+00:00","og_image":[{"url":"https:\/\/www.trikan.lv\/wp-content\/uploads\/2024\/02\/52974041773_922600d86f_o-1024x819.jpg"}],"twitter_card":"summary_large_image","twitter_misc":{"Est. reading time":"3 minutit"},"schema":{"@context":"https:\/\/schema.org","@graph":[{"@type":"WebPage","@id":"https:\/\/www.trikan.lv\/en\/par-trikan\/","url":"https:\/\/www.trikan.lv\/en\/par-trikan\/","name":"Par TriKan - Tri Kan","isPartOf":{"@id":"https:\/\/3.66.126.171\/#website"},"datePublished":"2024-01-29T07:52:11+00:00","dateModified":"2025-02-19T09:45:10+00:00","breadcrumb":{"@id":"https:\/\/www.trikan.lv\/en\/par-trikan\/#breadcrumb"},"inLanguage":"et","potentialAction":[{"@type":"ReadAction","target":["https:\/\/www.trikan.lv\/en\/par-trikan\/"]}]},{"@type":"BreadcrumbList","@id":"https:\/\/www.trikan.lv\/en\/par-trikan\/#breadcrumb","itemListElement":[{"@type":"ListItem","position":1,"name":"Home","item":"https:\/\/3.66.126.171\/"},{"@type":"ListItem","position":2,"name":"Par TriKan"}]},{"@type":"WebSite","@id":"https:\/\/3.66.126.171\/#website","url":"https:\/\/3.66.126.171\/","name":"Tri Kan","description":"","publisher":{"@id":"https:\/\/3.66.126.171\/#organization"},"potentialAction":[{"@type":"SearchAction","target":{"@type":"EntryPoint","urlTemplate":"https:\/\/3.66.126.171\/?s={search_term_string}"},"query-input":"required name=search_term_string"}],"inLanguage":"et"},{"@type":"Organization","@id":"https:\/\/3.66.126.171\/#organization","name":"Tri Kan","url":"https:\/\/3.66.126.171\/","logo":{"@type":"ImageObject","inLanguage":"et","@id":"https:\/\/3.66.126.171\/#\/schema\/logo\/image\/","url":"https:\/\/www.trikan.lv\/wp-content\/uploads\/2024\/01\/Tri_Kan_LOGO3-small.jpg","contentUrl":"https:\/\/www.trikan.lv\/wp-content\/uploads\/2024\/01\/Tri_Kan_LOGO3-small.jpg","width":300,"height":159,"caption":"Tri Kan"},"image":{"@id":"https:\/\/3.66.126.171\/#\/schema\/logo\/image\/"},"sameAs":["https:\/\/www.facebook.com\/profile.php?id=100095351500188","https:\/\/www.instagram.com\/triatlona_klubs_trikan\/"]}]}},"_links":{"self":[{"href":"https:\/\/www.trikan.lv\/ee\/wp-json\/wp\/v2\/pages\/152","targetHints":{"allow":["GET"]}}],"collection":[{"href":"https:\/\/www.trikan.lv\/ee\/wp-json\/wp\/v2\/pages"}],"about":[{"href":"https:\/\/www.trikan.lv\/ee\/wp-json\/wp\/v2\/types\/page"}],"author":[{"embeddable":true,"href":"https:\/\/www.trikan.lv\/ee\/wp-json\/wp\/v2\/users\/5"}],"replies":[{"embeddable":true,"href":"https:\/\/www.trikan.lv\/ee\/wp-json\/wp\/v2\/comments?post=152"}],"version-history":[{"count":28,"href":"https:\/\/www.trikan.lv\/ee\/wp-json\/wp\/v2\/pages\/152\/revisions"}],"predecessor-version":[{"id":1004,"href":"https:\/\/www.trikan.lv\/ee\/wp-json\/wp\/v2\/pages\/152\/revisions\/1004"}],"wp:attachment":[{"href":"https:\/\/www.trikan.lv\/ee\/wp-json\/wp\/v2\/media?parent=152"}],"curies":[{"name":"wp","href":"https:\/\/api.w.org\/{rel}","templated":true}]}}