{"id":139,"date":"2024-01-29T07:49:31","date_gmt":"2024-01-29T07:49:31","guid":{"rendered":"http:\/\/3.66.126.171\/?page_id=139"},"modified":"2025-07-09T08:22:43","modified_gmt":"2025-07-09T06:22:43","slug":"raksti","status":"publish","type":"page","link":"https:\/\/www.trikan.lv\/ee\/raksti\/","title":{"rendered":"Straipsniai"},"content":{"rendered":"<div data-elementor-type=\"wp-page\" data-elementor-id=\"139\" class=\"elementor elementor-139\">\n\t\t\t\t<div class=\"elementor-element elementor-element-78fd881 e-flex e-con-boxed e-con e-parent\" data-id=\"78fd881\" data-element_type=\"container\">\n\t\t\t\t\t<div class=\"e-con-inner\">\n\t\t\t\t<div class=\"elementor-element elementor-element-72e9db5 elementor-widget elementor-widget-heading\" data-id=\"72e9db5\" data-element_type=\"widget\" data-widget_type=\"heading.default\">\n\t\t\t\t<div class=\"elementor-widget-container\">\n\t\t\t<h2 class=\"elementor-heading-title elementor-size-default\">Al\u016bksne triatlon 2025<\/h2>\t\t<\/div>\n\t\t\t\t<\/div>\n\t\t\t\t\t<\/div>\n\t\t\t\t<\/div>\n\t\t<div class=\"elementor-element elementor-element-8b60acc e-flex e-con-boxed e-con e-parent\" data-id=\"8b60acc\" data-element_type=\"container\">\n\t\t\t\t\t<div class=\"e-con-inner\">\n\t\t<div class=\"elementor-element elementor-element-e4766d3 e-con-full e-flex e-con e-child\" data-id=\"e4766d3\" data-element_type=\"container\">\n\t\t\t\t<div class=\"elementor-element elementor-element-d2d44e3 elementor-widget elementor-widget-image\" data-id=\"d2d44e3\" data-element_type=\"widget\" data-widget_type=\"image.default\">\n\t\t\t\t<div class=\"elementor-widget-container\">\n\t\t\t\t\t\t\t\t\t\t\t\t\t<img fetchpriority=\"high\" decoding=\"async\" width=\"800\" height=\"534\" src=\"https:\/\/www.trikan.lv\/wp-content\/uploads\/2025\/07\/1G0A0285-1024x683.jpg\" class=\"attachment-large size-large wp-image-1197\" alt=\"\" srcset=\"https:\/\/www.trikan.lv\/wp-content\/uploads\/2025\/07\/1G0A0285-1024x683.jpg 1024w, https:\/\/www.trikan.lv\/wp-content\/uploads\/2025\/07\/1G0A0285-300x200.jpg 300w, https:\/\/www.trikan.lv\/wp-content\/uploads\/2025\/07\/1G0A0285-768x512.jpg 768w, https:\/\/www.trikan.lv\/wp-content\/uploads\/2025\/07\/1G0A0285-1536x1024.jpg 1536w, https:\/\/www.trikan.lv\/wp-content\/uploads\/2025\/07\/1G0A0285-2048x1365.jpg 2048w\" sizes=\"(max-width: 800px) 100vw, 800px\" \/>\t\t\t\t\t\t\t\t\t\t\t\t\t<\/div>\n\t\t\t\t<\/div>\n\t\t\t\t<div class=\"elementor-element elementor-element-b0c384e elementor-widget elementor-widget-image\" data-id=\"b0c384e\" data-element_type=\"widget\" data-widget_type=\"image.default\">\n\t\t\t\t<div class=\"elementor-widget-container\">\n\t\t\t\t\t\t\t\t\t\t\t\t\t<img decoding=\"async\" width=\"800\" height=\"534\" src=\"https:\/\/www.trikan.lv\/wp-content\/uploads\/2025\/07\/Aluksnes-Triatlons_324-1024x683.jpg\" class=\"attachment-large size-large wp-image-1196\" alt=\"\" srcset=\"https:\/\/www.trikan.lv\/wp-content\/uploads\/2025\/07\/Aluksnes-Triatlons_324-1024x683.jpg 1024w, https:\/\/www.trikan.lv\/wp-content\/uploads\/2025\/07\/Aluksnes-Triatlons_324-300x200.jpg 300w, https:\/\/www.trikan.lv\/wp-content\/uploads\/2025\/07\/Aluksnes-Triatlons_324-768x512.jpg 768w, https:\/\/www.trikan.lv\/wp-content\/uploads\/2025\/07\/Aluksnes-Triatlons_324-1536x1024.jpg 1536w, https:\/\/www.trikan.lv\/wp-content\/uploads\/2025\/07\/Aluksnes-Triatlons_324-2048x1365.jpg 2048w\" sizes=\"(max-width: 800px) 100vw, 800px\" \/>\t\t\t\t\t\t\t\t\t\t\t\t\t<\/div>\n\t\t\t\t<\/div>\n\t\t\t\t<\/div>\n\t\t<div class=\"elementor-element elementor-element-0db9bec e-con-full e-flex e-con e-child\" data-id=\"0db9bec\" data-element_type=\"container\">\n\t\t\t\t<div class=\"elementor-element elementor-element-71d3f70 elementor-widget elementor-widget-text-editor\" data-id=\"71d3f70\" data-element_type=\"widget\" data-widget_type=\"text-editor.default\">\n\t\t\t\t<div class=\"elementor-widget-container\">\n\t\t\t\t\t\t\t<p>21. ja 22. juunil, Ligo p\u00fchade meeleolus, toimusid \u00fched suuremad triatloni v\u00f5istlused L\u00e4tis \u2013 Aluksne triatloni p\u00e4evad. See aasta oli eriline mitme uuenduse poolest \u2013 v\u00f5istlused toimusid esimest korda kahe p\u00e4eva jooksul ja juba esimesel p\u00e4eval deb\u00fcteerisid sportlased Aluksne avavee ujumises!<\/p>\n<p>Kuigi ilm oli jahe ja veidi vihmane, ei takistanud see enam kui 260 sportlast, kes s\u00f5itsid Al\u016bksnesse, et esimesel p\u00e4eval vette h\u00fcpata \u2013 osaledes avaveeujumises ja teatev\u00f5istlustes \u2013, kuid teisel p\u00e4eval oma j\u00f5udu triatlonidistsipliinides t\u00f5estada. Need olid olulised v\u00f5istlused \u2013 nagu eelmisel aastalgi, v\u00f5itlesid noored Eesti noorte meistriv\u00f5istluste medalite eest, kuid sel aastal v\u00f5istlesid tugevaimad sportlased Eesti meistriv\u00f5istlustel standarddistantsil.<\/p>\n<p>Eriti r\u00f5\u00f5mustas meid rohke osav\u00f5tt teatev\u00f5istlustest \u2013 triatloni teatev\u00f5istlusel osales 8 v\u00f5istkonda ja rahvateatev\u00f5istlusel veel 6 v\u00f5istkonda. Teatev\u00f5istlused olid suurep\u00e4rane v\u00f5imalus mitte ainult kogenud sportlastele, vaid ka kohalikele al\u016bksnie\u0161itele tutvuda triatloni v\u00f5luga.<\/p>\n<p>Suur ait\u00e4h k\u00f5igile, kes aitasid v\u00f5istlustest teha t\u00f5elise peo \u2013 alates korraldusmeeskonnast ja vabatahtlikest kuni sportlasteni, kes ei peljanud ette v\u00f5tta pikka teekonda Al\u016bksnesse. Loomulikult suur t\u00e4nu meie toetajatele \u2013 ilma nendeta poleks me nii kaugele j\u00f5udnud. T\u00e4name ka pealtvaatajaid, osalejate sugulasi, s\u00f5pru ja k\u00f5iki f\u00e4nne, kes aitasid oma kohalolekuga luua erilise peotunde neil k\u00fclmadel, kuid kaunitel p\u00e4evadel.<\/p><p>Meenutame, et v\u00f5istluse tulemustega saab tutvuda kodulehel&nbsp;<a href=\"http:\/\/aluksnestriatlons.lv\/\" target=\"_blank\" rel=\"noopener\" data-saferedirecturl=\"https:\/\/www.google.com\/url?q=http:\/\/aluksnestriatlons.lv&amp;source=gmail&amp;ust=1752061762425000&amp;usg=AOvVaw3rHiDicdTyvX-X73PDWtFW\">aluksnestriatlons.lv<\/a>, kust leiab ka fotod m\u00f5lemast v\u00f5istlusp\u00e4evast.<\/p>\n<p><\/p>\n<h6><strong>See on juba avatud <a href=\"https:\/\/app.triatlons.lv\/lv\/tournament\/7952\">taotlemine<\/a> 24. augustil toimuvale \u0100da\u017ei multispordi meistriv\u00f5istlusele, mis pakub v\u00f5istlusi nii avaveeujumises kui ka akvatlonis!<\/strong><br><strong>T\u00e4nan teid k\u00f5iki ja kohtume juba varsti \u0100da\u017eis!<\/strong><\/h6>\t\t\t\t\t\t<\/div>\n\t\t\t\t<\/div>\n\t\t\t\t<\/div>\n\t\t\t\t\t<\/div>\n\t\t\t\t<\/div>\n\t\t<div class=\"elementor-element elementor-element-b895cca e-flex e-con-boxed e-con e-parent\" data-id=\"b895cca\" data-element_type=\"container\">\n\t\t\t\t\t<div class=\"e-con-inner\">\n\t\t\t\t<div class=\"elementor-element elementor-element-debd02b elementor-widget elementor-widget-heading\" data-id=\"debd02b\" data-element_type=\"widget\" data-widget_type=\"heading.default\">\n\t\t\t\t<div class=\"elementor-widget-container\">\n\t\t\t<h2 class=\"elementor-heading-title elementor-size-default\">Meie t\u00f6\u00f6 LTF-is<\/h2>\t\t<\/div>\n\t\t\t\t<\/div>\n\t\t\t\t\t<\/div>\n\t\t\t\t<\/div>\n\t\t<div class=\"elementor-element elementor-element-cf8ca80 e-flex e-con-boxed e-con e-parent\" data-id=\"cf8ca80\" data-element_type=\"container\">\n\t\t\t\t\t<div class=\"e-con-inner\">\n\t\t<div class=\"elementor-element elementor-element-05c0942 e-con-full e-flex e-con e-child\" data-id=\"05c0942\" data-element_type=\"container\">\n\t\t\t\t<div class=\"elementor-element elementor-element-b6d726f elementor-widget__width-initial elementor-widget elementor-widget-image\" data-id=\"b6d726f\" data-element_type=\"widget\" data-widget_type=\"image.default\">\n\t\t\t\t<div class=\"elementor-widget-container\">\n\t\t\t\t\t\t\t\t\t\t\t\t\t<img decoding=\"async\" width=\"800\" height=\"800\" src=\"https:\/\/www.trikan.lv\/wp-content\/uploads\/2025\/02\/480325039_602311262957252_4511244550668365967_n-1-1024x1024.jpg\" class=\"attachment-large size-large wp-image-1018\" alt=\"\" srcset=\"https:\/\/www.trikan.lv\/wp-content\/uploads\/2025\/02\/480325039_602311262957252_4511244550668365967_n-1-1024x1024.jpg 1024w, https:\/\/www.trikan.lv\/wp-content\/uploads\/2025\/02\/480325039_602311262957252_4511244550668365967_n-1-300x300.jpg 300w, https:\/\/www.trikan.lv\/wp-content\/uploads\/2025\/02\/480325039_602311262957252_4511244550668365967_n-1-150x150.jpg 150w, https:\/\/www.trikan.lv\/wp-content\/uploads\/2025\/02\/480325039_602311262957252_4511244550668365967_n-1-768x768.jpg 768w, https:\/\/www.trikan.lv\/wp-content\/uploads\/2025\/02\/480325039_602311262957252_4511244550668365967_n-1.jpg 1306w\" sizes=\"(max-width: 800px) 100vw, 800px\" \/>\t\t\t\t\t\t\t\t\t\t\t\t\t<\/div>\n\t\t\t\t<\/div>\n\t\t\t\t<\/div>\n\t\t<div class=\"elementor-element elementor-element-9df9445 e-con-full e-flex e-con e-child\" data-id=\"9df9445\" data-element_type=\"container\">\n\t\t\t\t<div class=\"elementor-element elementor-element-1c844a6 elementor-widget elementor-widget-text-editor\" data-id=\"1c844a6\" data-element_type=\"widget\" data-widget_type=\"text-editor.default\">\n\t\t\t\t<div class=\"elementor-widget-container\">\n\t\t\t\t\t\t\t<p>L\u00e4ti Triatloni F\u00f6deratsioon (LTF) on L\u00e4ti triatlonispordi peamine j\u00e4relevalveorganisatsioon. Oleme uhked, et LTF juhatuses t\u00f6\u00f6tab ka kolm TRI KANi liiget.<\/p><h6><b>Evita Leit\u0101ne<\/b>, kes on LTF juhatuses juba teist korda, arendab triatloni kohtunike liikumist L\u00e4tis, tagades, et L\u00e4ti triatloniv\u00f5istlusi hindavad p\u00e4devad ja haritud triatlonikohtunikud. Evita on LTF kohtunike n\u00f5ukogu juht.<\/h6><h6><b>M\u0101ris Liepa<\/b> ka LTF juhatusse on valitud teiseks ametiajaks. M\u0101ris t\u00f6\u00f6tab LTF-is v\u00e4lja L\u00e4ti karikav\u00f5istluste reeglid, litsentside reeglid ning vastutab v\u00f5istluste miinimumstandardite eest. Rahvusvaheliselt sertifitseeritud triatlonitreenerina tegutseb M\u0101ris aktiivselt ka LTF-i treenerite n\u00f5ukogus.\u00a0<\/h6><h6><b>Lukass Lappu\u0137e<\/b> LTF juhatuse valimistel kandideeris esimest korda ja t\u00e4nu oma entusiasmile ja visioonile sai LTF-i juriidiliste liikmete toetuse juhatuses t\u00f6\u00f6tamiseks! Lukas t\u00f6\u00f6tab LTF-is f\u00f6deratsiooni visuaalse identiteedi parandamise ja protsesside digitaliseerimise nimel, et LTF-i t\u00f6\u00f6 oleks l\u00e4bipaistvam ja triatleetidele oleks LTF-i teenused h\u00f5lpsamini k\u00e4ttesaadavad.<\/h6>\t\t\t\t\t\t<\/div>\n\t\t\t\t<\/div>\n\t\t\t\t<\/div>\n\t\t\t\t\t<\/div>\n\t\t\t\t<\/div>\n\t\t<div class=\"elementor-element elementor-element-1a7cf0b e-flex e-con-boxed e-con e-parent\" data-id=\"1a7cf0b\" data-element_type=\"container\">\n\t\t\t\t\t<div class=\"e-con-inner\">\n\t\t\t\t<div class=\"elementor-element elementor-element-37a76fc elementor-widget elementor-widget-heading\" data-id=\"37a76fc\" data-element_type=\"widget\" data-widget_type=\"heading.default\">\n\t\t\t\t<div class=\"elementor-widget-container\">\n\t\t\t<h2 class=\"elementor-heading-title elementor-size-default\">\u00dchtsus vabaduses<\/h2>\t\t<\/div>\n\t\t\t\t<\/div>\n\t\t\t\t\t<\/div>\n\t\t\t\t<\/div>\n\t\t<div class=\"elementor-element elementor-element-39556ca e-flex e-con-boxed e-con e-parent\" data-id=\"39556ca\" data-element_type=\"container\">\n\t\t\t\t\t<div class=\"e-con-inner\">\n\t\t<div class=\"elementor-element elementor-element-c71ca33 e-con-full e-flex e-con e-child\" data-id=\"c71ca33\" data-element_type=\"container\">\n\t\t\t\t<div class=\"elementor-element elementor-element-ff536a5 elementor-widget__width-initial elementor-widget elementor-widget-image\" data-id=\"ff536a5\" data-element_type=\"widget\" data-widget_type=\"image.default\">\n\t\t\t\t<div class=\"elementor-widget-container\">\n\t\t\t\t\t\t\t\t\t\t\t\t\t<img loading=\"lazy\" decoding=\"async\" width=\"768\" height=\"768\" src=\"https:\/\/www.trikan.lv\/wp-content\/uploads\/2025\/02\/DSC03646-1-768x768.jpg\" class=\"attachment-medium_large size-medium_large wp-image-1019\" alt=\"\" srcset=\"https:\/\/www.trikan.lv\/wp-content\/uploads\/2025\/02\/DSC03646-1-768x768.jpg 768w, https:\/\/www.trikan.lv\/wp-content\/uploads\/2025\/02\/DSC03646-1-300x300.jpg 300w, https:\/\/www.trikan.lv\/wp-content\/uploads\/2025\/02\/DSC03646-1-1024x1024.jpg 1024w, https:\/\/www.trikan.lv\/wp-content\/uploads\/2025\/02\/DSC03646-1-150x150.jpg 150w, https:\/\/www.trikan.lv\/wp-content\/uploads\/2025\/02\/DSC03646-1-1536x1536.jpg 1536w, https:\/\/www.trikan.lv\/wp-content\/uploads\/2025\/02\/DSC03646-1-2048x2048.jpg 2048w\" sizes=\"(max-width: 768px) 100vw, 768px\" \/>\t\t\t\t\t\t\t\t\t\t\t\t\t<\/div>\n\t\t\t\t<\/div>\n\t\t\t\t<\/div>\n\t\t<div class=\"elementor-element elementor-element-52aceb5 e-con-full e-flex e-con e-child\" data-id=\"52aceb5\" data-element_type=\"container\">\n\t\t\t\t<div class=\"elementor-element elementor-element-5665f98 elementor-widget elementor-widget-text-editor\" data-id=\"5665f98\" data-element_type=\"widget\" data-widget_type=\"text-editor.default\">\n\t\t\t\t<div class=\"elementor-widget-container\">\n\t\t\t\t\t\t\t<p>P\u00e4rast maratone ja triatlone, ultramaratone ja 24-tunniseid jooksuv\u00f5istlusi panid Tri Kan klubi liikmed Iain ja Lucas oma f\u00fc\u00fcsilise ja vaimse vastupidavuse proovile enneolematus f\u00fc\u00fcsilises v\u00e4ljakutses!\u00a0<\/p><p><span style=\"text-align: var(--text-align); background-color: var( --e-global-color-c696dce );\">M\u00f5lemad s\u00f5brad jooksid, s\u00f5itsid ja ujusid Balti keti 35. aastap\u00e4eva auks kahe \u00f6\u00f6p\u00e4evaga l\u00e4bi Balti keti marsruudi, et avastada, millist rolli m\u00e4ngib meie \u00fchtsuses ja julguses vabadus.<\/span><\/p><h6><b>Kokku tuli Tallinnast Vilniusesse ujuda 11,4 km Harku j\u00e4rves Tallinnas, s\u00f5ita rattaga 570 km ja joosta 126,6 km.<\/b><\/h6><p>Aijens ja Lukass olid esimesed, kes l\u00e4bisid Balti keti sel viisil, meenutades Balti ketti, ainulaadset ajaloolist s\u00fcndmust, kui 1989. aastal v\u00f5tsid Eesti, L\u00e4ti ja Leedu inimesed \u00fcksteisel k\u00e4test kinni, et seista oma riikide iseseisvuse ja vabaduse eest.<\/p><p>Lukase ja Iani seiklusi saab vaadata Go3 dokumentaalsarjast <a href=\"https:\/\/go3.lv\/movies\/vienoti-briviba,vod-7889942\">\u201e\u00dchtsus vabaduses\u201c<\/a>.\u00a0<\/p>\t\t\t\t\t\t<\/div>\n\t\t\t\t<\/div>\n\t\t\t\t<\/div>\n\t\t\t\t\t<\/div>\n\t\t\t\t<\/div>\n\t\t\t\t<\/div>","protected":false},"excerpt":{"rendered":"<p>Al\u016bksne triatlon 2025 21. ja 22. juunil, jaanip\u00e4eva meeleolus, toimusid L\u00e4tis \u00fched suuremad triatloniv\u00f5istlused \u2013 Al\u016bksne triatlonip\u00e4evad. See aasta oli eriline mitmete uuenduste poolest \u2013 v\u00f5istlused toimusid esimest korda kahe p\u00e4eva jooksul ja juba esimesel p\u00e4eval deb\u00fcteerisid sportlased Al\u016bksne avaveeujumises! Kuigi ilm oli jahe ja veidi vihmane, ei takistanud see sportlasi v\u00f5istlemast ja [\u2026]<\/p>","protected":false},"author":5,"featured_media":0,"parent":0,"menu_order":0,"comment_status":"closed","ping_status":"closed","template":"","meta":{"footnotes":""},"class_list":["post-139","page","type-page","status-publish","hentry"],"yoast_head":"<!-- This site is optimized with the Yoast SEO plugin v22.0 - https:\/\/yoast.com\/wordpress\/plugins\/seo\/ -->\n<title>Raksti - Tri Kan<\/title>\n<meta name=\"robots\" content=\"index, follow, max-snippet:-1, max-image-preview:large, max-video-preview:-1\" \/>\n<link rel=\"canonical\" href=\"https:\/\/www.trikan.lv\/ee\/raksti\/\" \/>\n<meta property=\"og:locale\" content=\"et_EE\" \/>\n<meta property=\"og:type\" content=\"article\" \/>\n<meta property=\"og:title\" content=\"Raksti - Tri Kan\" \/>\n<meta property=\"og:description\" content=\"Al\u016bksnes triatlons 2025 21. un 22. j\u016bnij\u0101, L\u012bgo sv\u0113tku noska\u0146\u0101s aizvad\u012bj\u0101m vienas no liel\u0101kaj\u0101m triatlona sacens\u012bb\u0101m Latvij\u0101 \u2013 Al\u016bksnes triatlona dienas. \u0160is gads bija \u012bpa\u0161s ar vair\u0101kiem jaunumiem \u2013 sacens\u012bbas pirmo reizi norisin\u0101j\u0101s divu dienu garum\u0101, un jau pirmaj\u0101 dien\u0101 sportisti debit\u0113ja Al\u016bksnes atkl\u0101t\u0101 \u016bdens peld\u0113jum\u0101! Lai gan laikapst\u0101k\u013ci bija dr\u0113gni un nedaudz lietaini, tas [&hellip;]\" \/>\n<meta property=\"og:url\" content=\"https:\/\/www.trikan.lv\/ee\/raksti\/\" \/>\n<meta property=\"og:site_name\" content=\"Tri Kan\" \/>\n<meta property=\"article:publisher\" content=\"https:\/\/www.facebook.com\/profile.php?id=100095351500188\" \/>\n<meta property=\"article:modified_time\" content=\"2025-07-09T06:22:43+00:00\" \/>\n<meta property=\"og:image\" content=\"https:\/\/www.trikan.lv\/wp-content\/uploads\/2025\/07\/1G0A0285-1024x683.jpg\" \/>\n<meta name=\"twitter:card\" content=\"summary_large_image\" \/>\n<meta name=\"twitter:label1\" content=\"Est. reading time\" \/>\n\t<meta name=\"twitter:data1\" content=\"4 minutit\" \/>\n<script type=\"application\/ld+json\" class=\"yoast-schema-graph\">{\"@context\":\"https:\/\/schema.org\",\"@graph\":[{\"@type\":\"WebPage\",\"@id\":\"https:\/\/www.trikan.lv\/lt\/raksti\/\",\"url\":\"https:\/\/www.trikan.lv\/lt\/raksti\/\",\"name\":\"Raksti - Tri Kan\",\"isPartOf\":{\"@id\":\"https:\/\/3.66.126.171\/#website\"},\"datePublished\":\"2024-01-29T07:49:31+00:00\",\"dateModified\":\"2025-07-09T06:22:43+00:00\",\"breadcrumb\":{\"@id\":\"https:\/\/www.trikan.lv\/lt\/raksti\/#breadcrumb\"},\"inLanguage\":\"et\",\"potentialAction\":[{\"@type\":\"ReadAction\",\"target\":[\"https:\/\/www.trikan.lv\/lt\/raksti\/\"]}]},{\"@type\":\"BreadcrumbList\",\"@id\":\"https:\/\/www.trikan.lv\/lt\/raksti\/#breadcrumb\",\"itemListElement\":[{\"@type\":\"ListItem\",\"position\":1,\"name\":\"Home\",\"item\":\"https:\/\/3.66.126.171\/\"},{\"@type\":\"ListItem\",\"position\":2,\"name\":\"Raksti\"}]},{\"@type\":\"WebSite\",\"@id\":\"https:\/\/3.66.126.171\/#website\",\"url\":\"https:\/\/3.66.126.171\/\",\"name\":\"Tri Kan\",\"description\":\"\",\"publisher\":{\"@id\":\"https:\/\/3.66.126.171\/#organization\"},\"potentialAction\":[{\"@type\":\"SearchAction\",\"target\":{\"@type\":\"EntryPoint\",\"urlTemplate\":\"https:\/\/3.66.126.171\/?s={search_term_string}\"},\"query-input\":\"required name=search_term_string\"}],\"inLanguage\":\"et\"},{\"@type\":\"Organization\",\"@id\":\"https:\/\/3.66.126.171\/#organization\",\"name\":\"Tri Kan\",\"url\":\"https:\/\/3.66.126.171\/\",\"logo\":{\"@type\":\"ImageObject\",\"inLanguage\":\"et\",\"@id\":\"https:\/\/3.66.126.171\/#\/schema\/logo\/image\/\",\"url\":\"https:\/\/www.trikan.lv\/wp-content\/uploads\/2024\/01\/Tri_Kan_LOGO3-small.jpg\",\"contentUrl\":\"https:\/\/www.trikan.lv\/wp-content\/uploads\/2024\/01\/Tri_Kan_LOGO3-small.jpg\",\"width\":300,\"height\":159,\"caption\":\"Tri Kan\"},\"image\":{\"@id\":\"https:\/\/3.66.126.171\/#\/schema\/logo\/image\/\"},\"sameAs\":[\"https:\/\/www.facebook.com\/profile.php?id=100095351500188\",\"https:\/\/www.instagram.com\/triatlona_klubs_trikan\/\"]}]}<\/script>\n<!-- \/ Yoast SEO plugin. -->","yoast_head_json":{"title":"Raksti - Tri Kan","robots":{"index":"index","follow":"follow","max-snippet":"max-snippet:-1","max-image-preview":"max-image-preview:large","max-video-preview":"max-video-preview:-1"},"canonical":"https:\/\/www.trikan.lv\/ee\/raksti\/","og_locale":"et_EE","og_type":"article","og_title":"Raksti - Tri Kan","og_description":"Al\u016bksnes triatlons 2025 21. un 22. j\u016bnij\u0101, L\u012bgo sv\u0113tku noska\u0146\u0101s aizvad\u012bj\u0101m vienas no liel\u0101kaj\u0101m triatlona sacens\u012bb\u0101m Latvij\u0101 \u2013 Al\u016bksnes triatlona dienas. \u0160is gads bija \u012bpa\u0161s ar vair\u0101kiem jaunumiem \u2013 sacens\u012bbas pirmo reizi norisin\u0101j\u0101s divu dienu garum\u0101, un jau pirmaj\u0101 dien\u0101 sportisti debit\u0113ja Al\u016bksnes atkl\u0101t\u0101 \u016bdens peld\u0113jum\u0101! Lai gan laikapst\u0101k\u013ci bija dr\u0113gni un nedaudz lietaini, tas [&hellip;]","og_url":"https:\/\/www.trikan.lv\/ee\/raksti\/","og_site_name":"Tri Kan","article_publisher":"https:\/\/www.facebook.com\/profile.php?id=100095351500188","article_modified_time":"2025-07-09T06:22:43+00:00","og_image":[{"url":"https:\/\/www.trikan.lv\/wp-content\/uploads\/2025\/07\/1G0A0285-1024x683.jpg"}],"twitter_card":"summary_large_image","twitter_misc":{"Est. reading time":"4 minutit"},"schema":{"@context":"https:\/\/schema.org","@graph":[{"@type":"WebPage","@id":"https:\/\/www.trikan.lv\/lt\/raksti\/","url":"https:\/\/www.trikan.lv\/lt\/raksti\/","name":"Raksti - Tri Kan","isPartOf":{"@id":"https:\/\/3.66.126.171\/#website"},"datePublished":"2024-01-29T07:49:31+00:00","dateModified":"2025-07-09T06:22:43+00:00","breadcrumb":{"@id":"https:\/\/www.trikan.lv\/lt\/raksti\/#breadcrumb"},"inLanguage":"et","potentialAction":[{"@type":"ReadAction","target":["https:\/\/www.trikan.lv\/lt\/raksti\/"]}]},{"@type":"BreadcrumbList","@id":"https:\/\/www.trikan.lv\/lt\/raksti\/#breadcrumb","itemListElement":[{"@type":"ListItem","position":1,"name":"Home","item":"https:\/\/3.66.126.171\/"},{"@type":"ListItem","position":2,"name":"Raksti"}]},{"@type":"WebSite","@id":"https:\/\/3.66.126.171\/#website","url":"https:\/\/3.66.126.171\/","name":"Tri Kan","description":"","publisher":{"@id":"https:\/\/3.66.126.171\/#organization"},"potentialAction":[{"@type":"SearchAction","target":{"@type":"EntryPoint","urlTemplate":"https:\/\/3.66.126.171\/?s={search_term_string}"},"query-input":"required name=search_term_string"}],"inLanguage":"et"},{"@type":"Organization","@id":"https:\/\/3.66.126.171\/#organization","name":"Tri Kan","url":"https:\/\/3.66.126.171\/","logo":{"@type":"ImageObject","inLanguage":"et","@id":"https:\/\/3.66.126.171\/#\/schema\/logo\/image\/","url":"https:\/\/www.trikan.lv\/wp-content\/uploads\/2024\/01\/Tri_Kan_LOGO3-small.jpg","contentUrl":"https:\/\/www.trikan.lv\/wp-content\/uploads\/2024\/01\/Tri_Kan_LOGO3-small.jpg","width":300,"height":159,"caption":"Tri Kan"},"image":{"@id":"https:\/\/3.66.126.171\/#\/schema\/logo\/image\/"},"sameAs":["https:\/\/www.facebook.com\/profile.php?id=100095351500188","https:\/\/www.instagram.com\/triatlona_klubs_trikan\/"]}]}},"_links":{"self":[{"href":"https:\/\/www.trikan.lv\/ee\/wp-json\/wp\/v2\/pages\/139","targetHints":{"allow":["GET"]}}],"collection":[{"href":"https:\/\/www.trikan.lv\/ee\/wp-json\/wp\/v2\/pages"}],"about":[{"href":"https:\/\/www.trikan.lv\/ee\/wp-json\/wp\/v2\/types\/page"}],"author":[{"embeddable":true,"href":"https:\/\/www.trikan.lv\/ee\/wp-json\/wp\/v2\/users\/5"}],"replies":[{"embeddable":true,"href":"https:\/\/www.trikan.lv\/ee\/wp-json\/wp\/v2\/comments?post=139"}],"version-history":[{"count":57,"href":"https:\/\/www.trikan.lv\/ee\/wp-json\/wp\/v2\/pages\/139\/revisions"}],"predecessor-version":[{"id":1234,"href":"https:\/\/www.trikan.lv\/ee\/wp-json\/wp\/v2\/pages\/139\/revisions\/1234"}],"wp:attachment":[{"href":"https:\/\/www.trikan.lv\/ee\/wp-json\/wp\/v2\/media?parent=139"}],"curies":[{"name":"wp","href":"https:\/\/api.w.org\/{rel}","templated":true}]}}