{"id":133,"date":"2024-01-29T07:48:19","date_gmt":"2024-01-29T07:48:19","guid":{"rendered":"http:\/\/3.66.126.171\/?page_id=133"},"modified":"2024-07-11T18:41:03","modified_gmt":"2024-07-11T18:41:03","slug":"carnikavas-krostriatlons","status":"publish","type":"page","link":"https:\/\/www.trikan.lv\/ee\/carnikavas-krostriatlons\/","title":{"rendered":"Carnikava krostriatlon"},"content":{"rendered":"<div data-elementor-type=\"wp-page\" data-elementor-id=\"133\" class=\"elementor elementor-133\">\n\t\t\t\t<div class=\"elementor-element elementor-element-5dca00b5 e-flex e-con-boxed e-con e-parent\" data-id=\"5dca00b5\" data-element_type=\"container\">\n\t\t\t\t\t<div class=\"e-con-inner\">\n\t\t\t\t<div class=\"elementor-element elementor-element-54846a30 elementor-widget elementor-widget-heading\" data-id=\"54846a30\" data-element_type=\"widget\" data-widget_type=\"heading.default\">\n\t\t\t\t<div class=\"elementor-widget-container\">\n\t\t\t<h2 class=\"elementor-heading-title elementor-size-xxl\">[T\u00dcHISTATUD] Carnikava krossitriatlon 2024<\/h2>\t\t<\/div>\n\t\t\t\t<\/div>\n\t\t\t\t\t<\/div>\n\t\t\t\t<\/div>\n\t\t<div class=\"elementor-element elementor-element-5398b7c0 e-flex e-con-boxed e-con e-parent\" data-id=\"5398b7c0\" data-element_type=\"container\">\n\t\t\t\t\t<div class=\"e-con-inner\">\n\t\t\t\t<div class=\"elementor-element elementor-element-3fca3d47 elementor-widget elementor-widget-heading\" data-id=\"3fca3d47\" data-element_type=\"widget\" data-widget_type=\"heading.default\">\n\t\t\t\t<div class=\"elementor-widget-container\">\n\t\t\t<h2 class=\"elementor-heading-title elementor-size-large\">L\u00e4ti krostriatloni meistriv\u00f5istlused, L\u00e4ti karikasarja 4. etapp<\/h2>\t\t<\/div>\n\t\t\t\t<\/div>\n\t\t\t\t\t<\/div>\n\t\t\t\t<\/div>\n\t\t<div class=\"elementor-element elementor-element-6fd50667 e-flex e-con-boxed e-con e-parent\" data-id=\"6fd50667\" data-element_type=\"container\" data-settings=\"{&quot;background_background&quot;:&quot;classic&quot;}\">\n\t\t\t\t\t<div class=\"e-con-inner\">\n\t\t<div class=\"elementor-element elementor-element-193d0809 e-con-full e-flex e-con e-child\" data-id=\"193d0809\" data-element_type=\"container\">\n\t\t\t\t<div class=\"elementor-element elementor-element-25f9dc7e elementor-widget elementor-widget-text-editor\" data-id=\"25f9dc7e\" data-element_type=\"widget\" data-widget_type=\"text-editor.default\">\n\t\t\t\t<div class=\"elementor-widget-container\">\n\t\t\t\t\t\t\t<h1><strong>Mis on krostriatlon?<\/strong><\/h1><p>Krositriatlon on triatloni liik neile, kes on valmis triatloniks, kuid ei ole valmis maanteekiirusteks.\u00a0<\/p><p>V\u00f5istlus sobib ideaalselt looduses\u00f5pradele, kes s\u00f5idavad MTB-ratastega. Ujume meres, aga s\u00f5idame ja jookseme metsateedel.\u00a0<\/p><p>Carnikava krostriatloni pikem distants on 600m ujumist, 16km rattas\u00f5itu ja 4km jooksu.\u00a0<\/p>\t\t\t\t\t\t<\/div>\n\t\t\t\t<\/div>\n\t\t\t\t<\/div>\n\t\t<div class=\"elementor-element elementor-element-2a24561c e-con-full e-flex e-con e-child\" data-id=\"2a24561c\" data-element_type=\"container\">\n\t\t\t\t<\/div>\n\t\t\t\t\t<\/div>\n\t\t\t\t<\/div>\n\t\t<div class=\"elementor-element elementor-element-5c056d3 e-flex e-con-boxed e-con e-parent\" data-id=\"5c056d3\" data-element_type=\"container\">\n\t\t\t\t\t<div class=\"e-con-inner\">\n\t\t<div class=\"elementor-element elementor-element-7bdb41e e-con-full e-flex e-con e-child\" data-id=\"7bdb41e\" data-element_type=\"container\">\n\t\t\t\t<div class=\"elementor-element elementor-element-d29252e elementor-tabs-alignment-center elementor-tabs-view-horizontal elementor-widget elementor-widget-tabs\" data-id=\"d29252e\" data-element_type=\"widget\" data-widget_type=\"tabs.default\">\n\t\t\t\t<div class=\"elementor-widget-container\">\n\t\t\t\t\t<div class=\"elementor-tabs\">\n\t\t\t<div class=\"elementor-tabs-wrapper\" role=\"tablist\" >\n\t\t\t\t\t\t\t\t\t<div id=\"elementor-tab-title-2201\" class=\"elementor-tab-title elementor-tab-desktop-title\" aria-selected=\"true\" data-tab=\"1\" role=\"tab\" tabindex=\"0\" aria-controls=\"elementor-tab-content-2201\" aria-expanded=\"false\">Eeskiri<\/div>\n\t\t\t\t\t\t\t\t\t<div id=\"elementor-tab-title-2202\" class=\"elementor-tab-title elementor-tab-desktop-title\" aria-selected=\"false\" data-tab=\"2\" role=\"tab\" tabindex=\"-1\" aria-controls=\"elementor-tab-content-2202\" aria-expanded=\"false\">Registreeru<\/div>\n\t\t\t\t\t\t\t\t\t<div id=\"elementor-tab-title-2203\" class=\"elementor-tab-title elementor-tab-desktop-title\" aria-selected=\"false\" data-tab=\"3\" role=\"tab\" tabindex=\"-1\" aria-controls=\"elementor-tab-content-2203\" aria-expanded=\"false\">Kaardid<\/div>\n\t\t\t\t\t\t\t<\/div>\n\t\t\t<div class=\"elementor-tabs-content-wrapper\" role=\"tablist\" aria-orientation=\"vertical\">\n\t\t\t\t\t\t\t\t\t<div class=\"elementor-tab-title elementor-tab-mobile-title\" aria-selected=\"true\" data-tab=\"1\" role=\"tab\" tabindex=\"0\" aria-controls=\"elementor-tab-content-2201\" aria-expanded=\"false\">Eeskiri<\/div>\n\t\t\t\t\t<div id=\"elementor-tab-content-2201\" class=\"elementor-tab-content elementor-clearfix\" data-tab=\"1\" role=\"tabpanel\" aria-labelledby=\"elementor-tab-title-2201\" tabindex=\"0\" hidden=\"false\"><p>V\u00f5istlusjuhend on saadaval triatlon.ee kodulehel v\u00f5i siin.<\/p><p>Palun tutvuge teabega hoolikalt.<\/p><\/div>\n\t\t\t\t\t\t\t\t\t<div class=\"elementor-tab-title elementor-tab-mobile-title\" aria-selected=\"false\" data-tab=\"2\" role=\"tab\" tabindex=\"-1\" aria-controls=\"elementor-tab-content-2202\" aria-expanded=\"false\">Registreeru<\/div>\n\t\t\t\t\t<div id=\"elementor-tab-content-2202\" class=\"elementor-tab-content elementor-clearfix\" data-tab=\"2\" role=\"tabpanel\" aria-labelledby=\"elementor-tab-title-2202\" tabindex=\"0\" hidden=\"hidden\"><p>V\u00f5istlusele saab registreeruda internetis kuni 16. augusti kella 23.59-ni.<\/p><p>V\u00f5istlusp\u00e4eval on v\u00f5imalik registreeruda kohapeal.<\/p><\/div>\n\t\t\t\t\t\t\t\t\t<div class=\"elementor-tab-title elementor-tab-mobile-title\" aria-selected=\"false\" data-tab=\"3\" role=\"tab\" tabindex=\"-1\" aria-controls=\"elementor-tab-content-2203\" aria-expanded=\"false\">Kaardid<\/div>\n\t\t\t\t\t<div id=\"elementor-tab-content-2203\" class=\"elementor-tab-content elementor-clearfix\" data-tab=\"3\" role=\"tabpanel\" aria-labelledby=\"elementor-tab-title-2203\" tabindex=\"0\" hidden=\"hidden\"><p>Kaardid<\/p><\/div>\n\t\t\t\t\t\t\t<\/div>\n\t\t<\/div>\n\t\t\t\t<\/div>\n\t\t\t\t<\/div>\n\t\t\t\t<\/div>\n\t\t\t\t\t<\/div>\n\t\t\t\t<\/div>\n\t\t<div class=\"elementor-element elementor-element-0425e21 e-flex e-con-boxed e-con e-parent\" data-id=\"0425e21\" data-element_type=\"container\">\n\t\t\t\t\t<div class=\"e-con-inner\">\n\t\t<div class=\"elementor-element elementor-element-de313ec e-con-full e-flex e-con e-child\" data-id=\"de313ec\" data-element_type=\"container\">\n\t\t\t\t<div class=\"elementor-element elementor-element-829c624 elementor-widget elementor-widget-image\" data-id=\"829c624\" data-element_type=\"widget\" data-widget_type=\"image.default\">\n\t\t\t\t<div class=\"elementor-widget-container\">\n\t\t\t\t\t\t\t\t\t\t\t\t\t<img fetchpriority=\"high\" decoding=\"async\" width=\"800\" height=\"534\" src=\"https:\/\/www.trikan.lv\/wp-content\/uploads\/2024\/02\/376812282_134223706432679_4450385768282988637_n-1024x683.jpg\" class=\"attachment-large size-large wp-image-540\" alt=\"\" srcset=\"https:\/\/www.trikan.lv\/wp-content\/uploads\/2024\/02\/376812282_134223706432679_4450385768282988637_n-1024x683.jpg 1024w, https:\/\/www.trikan.lv\/wp-content\/uploads\/2024\/02\/376812282_134223706432679_4450385768282988637_n-300x200.jpg 300w, https:\/\/www.trikan.lv\/wp-content\/uploads\/2024\/02\/376812282_134223706432679_4450385768282988637_n-768x512.jpg 768w, https:\/\/www.trikan.lv\/wp-content\/uploads\/2024\/02\/376812282_134223706432679_4450385768282988637_n-1536x1024.jpg 1536w, https:\/\/www.trikan.lv\/wp-content\/uploads\/2024\/02\/376812282_134223706432679_4450385768282988637_n.jpg 2048w\" sizes=\"(max-width: 800px) 100vw, 800px\" \/>\t\t\t\t\t\t\t\t\t\t\t\t\t<\/div>\n\t\t\t\t<\/div>\n\t\t\t\t<\/div>\n\t\t<div class=\"elementor-element elementor-element-354efbd e-con-full e-flex e-con e-child\" data-id=\"354efbd\" data-element_type=\"container\">\n\t\t\t\t<div class=\"elementor-element elementor-element-e6cc02c elementor-widget elementor-widget-image\" data-id=\"e6cc02c\" data-element_type=\"widget\" data-widget_type=\"image.default\">\n\t\t\t\t<div class=\"elementor-widget-container\">\n\t\t\t\t\t\t\t\t\t\t\t\t\t<img decoding=\"async\" width=\"800\" height=\"534\" src=\"https:\/\/www.trikan.lv\/wp-content\/uploads\/2024\/02\/376812032_134223369766046_578799767084809647_n-1024x683.jpg\" class=\"attachment-large size-large wp-image-539\" alt=\"\" srcset=\"https:\/\/www.trikan.lv\/wp-content\/uploads\/2024\/02\/376812032_134223369766046_578799767084809647_n-1024x683.jpg 1024w, https:\/\/www.trikan.lv\/wp-content\/uploads\/2024\/02\/376812032_134223369766046_578799767084809647_n-300x200.jpg 300w, https:\/\/www.trikan.lv\/wp-content\/uploads\/2024\/02\/376812032_134223369766046_578799767084809647_n-768x512.jpg 768w, https:\/\/www.trikan.lv\/wp-content\/uploads\/2024\/02\/376812032_134223369766046_578799767084809647_n-1536x1024.jpg 1536w, https:\/\/www.trikan.lv\/wp-content\/uploads\/2024\/02\/376812032_134223369766046_578799767084809647_n.jpg 2048w\" sizes=\"(max-width: 800px) 100vw, 800px\" \/>\t\t\t\t\t\t\t\t\t\t\t\t\t<\/div>\n\t\t\t\t<\/div>\n\t\t\t\t<\/div>\n\t\t<div class=\"elementor-element elementor-element-4fe2cf4 e-con-full e-flex e-con e-child\" data-id=\"4fe2cf4\" data-element_type=\"container\">\n\t\t\t\t<div class=\"elementor-element elementor-element-50de90f elementor-widget elementor-widget-image\" data-id=\"50de90f\" data-element_type=\"widget\" data-widget_type=\"image.default\">\n\t\t\t\t<div class=\"elementor-widget-container\">\n\t\t\t\t\t\t\t\t\t\t\t\t\t<img decoding=\"async\" width=\"800\" height=\"534\" src=\"https:\/\/www.trikan.lv\/wp-content\/uploads\/2024\/02\/377976801_134227399765643_2525798906231941985_n-1024x683.jpg\" class=\"attachment-large size-large wp-image-538\" alt=\"\" srcset=\"https:\/\/www.trikan.lv\/wp-content\/uploads\/2024\/02\/377976801_134227399765643_2525798906231941985_n-1024x683.jpg 1024w, https:\/\/www.trikan.lv\/wp-content\/uploads\/2024\/02\/377976801_134227399765643_2525798906231941985_n-300x200.jpg 300w, https:\/\/www.trikan.lv\/wp-content\/uploads\/2024\/02\/377976801_134227399765643_2525798906231941985_n-768x512.jpg 768w, https:\/\/www.trikan.lv\/wp-content\/uploads\/2024\/02\/377976801_134227399765643_2525798906231941985_n-1536x1024.jpg 1536w, https:\/\/www.trikan.lv\/wp-content\/uploads\/2024\/02\/377976801_134227399765643_2525798906231941985_n.jpg 2048w\" sizes=\"(max-width: 800px) 100vw, 800px\" \/>\t\t\t\t\t\t\t\t\t\t\t\t\t<\/div>\n\t\t\t\t<\/div>\n\t\t\t\t<\/div>\n\t\t<div class=\"elementor-element elementor-element-c468117 e-con-full e-flex e-con e-child\" data-id=\"c468117\" data-element_type=\"container\">\n\t\t\t\t<div class=\"elementor-element elementor-element-8beba81 elementor-widget elementor-widget-image\" data-id=\"8beba81\" data-element_type=\"widget\" data-widget_type=\"image.default\">\n\t\t\t\t<div class=\"elementor-widget-container\">\n\t\t\t\t\t\t\t\t\t\t\t\t\t<img loading=\"lazy\" decoding=\"async\" width=\"800\" height=\"534\" src=\"https:\/\/www.trikan.lv\/wp-content\/uploads\/2024\/02\/377930824_134221259766257_1156132945533126869_n-1024x683.jpg\" class=\"attachment-large size-large wp-image-537\" alt=\"\" srcset=\"https:\/\/www.trikan.lv\/wp-content\/uploads\/2024\/02\/377930824_134221259766257_1156132945533126869_n-1024x683.jpg 1024w, https:\/\/www.trikan.lv\/wp-content\/uploads\/2024\/02\/377930824_134221259766257_1156132945533126869_n-300x200.jpg 300w, https:\/\/www.trikan.lv\/wp-content\/uploads\/2024\/02\/377930824_134221259766257_1156132945533126869_n-768x512.jpg 768w, https:\/\/www.trikan.lv\/wp-content\/uploads\/2024\/02\/377930824_134221259766257_1156132945533126869_n-1536x1024.jpg 1536w, https:\/\/www.trikan.lv\/wp-content\/uploads\/2024\/02\/377930824_134221259766257_1156132945533126869_n.jpg 2048w\" sizes=\"(max-width: 800px) 100vw, 800px\" \/>\t\t\t\t\t\t\t\t\t\t\t\t\t<\/div>\n\t\t\t\t<\/div>\n\t\t\t\t<\/div>\n\t\t\t\t\t<\/div>\n\t\t\t\t<\/div>\n\t\t<div class=\"elementor-element elementor-element-ecd3bd5 e-con-full e-flex e-con e-parent\" data-id=\"ecd3bd5\" data-element_type=\"container\">\n\t\t\t\t<div class=\"elementor-element elementor-element-c932478 elementor-widget elementor-widget-spacer\" data-id=\"c932478\" data-element_type=\"widget\" data-widget_type=\"spacer.default\">\n\t\t\t\t<div class=\"elementor-widget-container\">\n\t\t\t\t\t<div class=\"elementor-spacer\">\n\t\t\t<div class=\"elementor-spacer-inner\"><\/div>\n\t\t<\/div>\n\t\t\t\t<\/div>\n\t\t\t\t<\/div>\n\t\t\t\t<\/div>\n\t\t<div class=\"elementor-element elementor-element-02947a3 e-flex e-con-boxed e-con e-parent\" data-id=\"02947a3\" data-element_type=\"container\">\n\t\t\t\t\t<div class=\"e-con-inner\">\n\t\t<div class=\"elementor-element elementor-element-7100924 e-con-full e-flex e-con e-child\" data-id=\"7100924\" data-element_type=\"container\">\n\t\t\t\t<div class=\"elementor-element elementor-element-564d741 elementor-widget elementor-widget-heading\" data-id=\"564d741\" data-element_type=\"widget\" data-widget_type=\"heading.default\">\n\t\t\t\t<div class=\"elementor-widget-container\">\n\t\t\t<h2 class=\"elementor-heading-title elementor-size-default\"><br>KUS?<\/h2>\t\t<\/div>\n\t\t\t\t<\/div>\n\t\t\t\t<\/div>\n\t\t<div class=\"elementor-element elementor-element-a9e5704 e-con-full e-flex e-con e-child\" data-id=\"a9e5704\" data-element_type=\"container\">\n\t\t\t\t<div class=\"elementor-element elementor-element-d287f27 elementor-widget elementor-widget-google_maps\" data-id=\"d287f27\" data-element_type=\"widget\" data-widget_type=\"google_maps.default\">\n\t\t\t\t<div class=\"elementor-widget-container\">\n\t\t\t\t\t<div class=\"elementor-custom-embed\">\n\t\t\t<iframe loading=\"lazy\"\n\t\t\t\t\tsrc=\"https:\/\/maps.google.com\/maps?q=Carnikavas%20pludmale&#038;t=m&#038;z=11&#038;output=embed&#038;iwloc=near\"\n\t\t\t\t\ttitle=\"Carnikava rand\"\n\t\t\t\t\taria-label=\"Carnikava rand\"\n\t\t\t><\/iframe>\n\t\t<\/div>\n\t\t\t\t<\/div>\n\t\t\t\t<\/div>\n\t\t\t\t<\/div>\n\t\t\t\t\t<\/div>\n\t\t\t\t<\/div>\n\t\t\t\t<\/div>","protected":false},"excerpt":{"rendered":"<p>[T\u00dcHISTATUD] Carnikava krostriatlon 2024 L\u00e4ti krostriatloni meistriv\u00f5istlused, L\u00e4ti karikav\u00f5istluste 4. etapp Mis on krostriatlon? Krostriatlon on triatloni t\u00fc\u00fcp neile, kes on valmis triatloni l\u00e4bima, kuid pole valmis maanteekiirusteks. V\u00f5istlus sobib ideaalselt looduses\u00f5pradele maastikurattaga. Ujume meres, kuid s\u00f5idame ja jookseme metsateedel. Carnikava krostriatloni pikem distants on 600 m ujumist, 16 km [\u2026]<\/p>","protected":false},"author":5,"featured_media":0,"parent":0,"menu_order":0,"comment_status":"closed","ping_status":"closed","template":"","meta":{"footnotes":""},"class_list":["post-133","page","type-page","status-publish","hentry"],"yoast_head":"<!-- This site is optimized with the Yoast SEO plugin v22.0 - https:\/\/yoast.com\/wordpress\/plugins\/seo\/ -->\n<title>Carnikavas krostriatlons - Tri Kan<\/title>\n<meta name=\"robots\" content=\"index, follow, max-snippet:-1, max-image-preview:large, max-video-preview:-1\" \/>\n<link rel=\"canonical\" href=\"https:\/\/www.trikan.lv\/ee\/carnikavas-krostriatlons\/\" \/>\n<meta property=\"og:locale\" content=\"et_EE\" \/>\n<meta property=\"og:type\" content=\"article\" \/>\n<meta property=\"og:title\" content=\"Carnikavas krostriatlons - Tri Kan\" \/>\n<meta property=\"og:description\" content=\"[ATCELTS] Carnikavas Krostriatlons 2024 Latvijas \u010dempion\u0101ts krostriatlon\u0101, Latvijas Kausa 4. posms Kas ir krostriatlons? Krostriatlons ir triatlona paveids tiem, kas gatavi pieveikt triatlonu, bet nav gatavi \u0161osejas \u0101trumiem.\u00a0 Sacens\u012bbas b\u016bs ide\u0101li piem\u0113rotas dabas cien\u012bt\u0101jiem ar MTB rite\u0146iem. Peld\u0113sim j\u016br\u0101, bet brauksim un skriesim pa me\u017ea ce\u013ciem.\u00a0 Gar\u0101ka Carnikavas krostriatlona\u00a0 distance ir 600m peldus, 16km ar [&hellip;]\" \/>\n<meta property=\"og:url\" content=\"https:\/\/www.trikan.lv\/ee\/carnikavas-krostriatlons\/\" \/>\n<meta property=\"og:site_name\" content=\"Tri Kan\" \/>\n<meta property=\"article:publisher\" content=\"https:\/\/www.facebook.com\/profile.php?id=100095351500188\" \/>\n<meta property=\"article:modified_time\" content=\"2024-07-11T18:41:03+00:00\" \/>\n<meta property=\"og:image\" content=\"https:\/\/www.trikan.lv\/wp-content\/uploads\/2024\/02\/376812282_134223706432679_4450385768282988637_n-1024x683.jpg\" \/>\n<meta name=\"twitter:card\" content=\"summary_large_image\" \/>\n<meta name=\"twitter:label1\" content=\"Est. reading time\" \/>\n\t<meta name=\"twitter:data1\" content=\"2 minutit\" \/>\n<script type=\"application\/ld+json\" class=\"yoast-schema-graph\">{\"@context\":\"https:\/\/schema.org\",\"@graph\":[{\"@type\":\"WebPage\",\"@id\":\"https:\/\/www.trikan.lv\/en\/carnikavas-krostriatlons\/\",\"url\":\"https:\/\/www.trikan.lv\/en\/carnikavas-krostriatlons\/\",\"name\":\"Carnikavas krostriatlons - Tri Kan\",\"isPartOf\":{\"@id\":\"https:\/\/3.66.126.171\/#website\"},\"datePublished\":\"2024-01-29T07:48:19+00:00\",\"dateModified\":\"2024-07-11T18:41:03+00:00\",\"breadcrumb\":{\"@id\":\"https:\/\/www.trikan.lv\/en\/carnikavas-krostriatlons\/#breadcrumb\"},\"inLanguage\":\"et\",\"potentialAction\":[{\"@type\":\"ReadAction\",\"target\":[\"https:\/\/www.trikan.lv\/en\/carnikavas-krostriatlons\/\"]}]},{\"@type\":\"BreadcrumbList\",\"@id\":\"https:\/\/www.trikan.lv\/en\/carnikavas-krostriatlons\/#breadcrumb\",\"itemListElement\":[{\"@type\":\"ListItem\",\"position\":1,\"name\":\"Home\",\"item\":\"https:\/\/3.66.126.171\/\"},{\"@type\":\"ListItem\",\"position\":2,\"name\":\"Carnikavas krostriatlons\"}]},{\"@type\":\"WebSite\",\"@id\":\"https:\/\/3.66.126.171\/#website\",\"url\":\"https:\/\/3.66.126.171\/\",\"name\":\"Tri Kan\",\"description\":\"\",\"publisher\":{\"@id\":\"https:\/\/3.66.126.171\/#organization\"},\"potentialAction\":[{\"@type\":\"SearchAction\",\"target\":{\"@type\":\"EntryPoint\",\"urlTemplate\":\"https:\/\/3.66.126.171\/?s={search_term_string}\"},\"query-input\":\"required name=search_term_string\"}],\"inLanguage\":\"et\"},{\"@type\":\"Organization\",\"@id\":\"https:\/\/3.66.126.171\/#organization\",\"name\":\"Tri Kan\",\"url\":\"https:\/\/3.66.126.171\/\",\"logo\":{\"@type\":\"ImageObject\",\"inLanguage\":\"et\",\"@id\":\"https:\/\/3.66.126.171\/#\/schema\/logo\/image\/\",\"url\":\"https:\/\/www.trikan.lv\/wp-content\/uploads\/2024\/01\/Tri_Kan_LOGO3-small.jpg\",\"contentUrl\":\"https:\/\/www.trikan.lv\/wp-content\/uploads\/2024\/01\/Tri_Kan_LOGO3-small.jpg\",\"width\":300,\"height\":159,\"caption\":\"Tri Kan\"},\"image\":{\"@id\":\"https:\/\/3.66.126.171\/#\/schema\/logo\/image\/\"},\"sameAs\":[\"https:\/\/www.facebook.com\/profile.php?id=100095351500188\",\"https:\/\/www.instagram.com\/triatlona_klubs_trikan\/\"]}]}<\/script>\n<!-- \/ Yoast SEO plugin. -->","yoast_head_json":{"title":"Carnikavas krostriatlons - Tri Kan","robots":{"index":"index","follow":"follow","max-snippet":"max-snippet:-1","max-image-preview":"max-image-preview:large","max-video-preview":"max-video-preview:-1"},"canonical":"https:\/\/www.trikan.lv\/ee\/carnikavas-krostriatlons\/","og_locale":"et_EE","og_type":"article","og_title":"Carnikavas krostriatlons - Tri Kan","og_description":"[ATCELTS] Carnikavas Krostriatlons 2024 Latvijas \u010dempion\u0101ts krostriatlon\u0101, Latvijas Kausa 4. posms Kas ir krostriatlons? Krostriatlons ir triatlona paveids tiem, kas gatavi pieveikt triatlonu, bet nav gatavi \u0161osejas \u0101trumiem.\u00a0 Sacens\u012bbas b\u016bs ide\u0101li piem\u0113rotas dabas cien\u012bt\u0101jiem ar MTB rite\u0146iem. Peld\u0113sim j\u016br\u0101, bet brauksim un skriesim pa me\u017ea ce\u013ciem.\u00a0 Gar\u0101ka Carnikavas krostriatlona\u00a0 distance ir 600m peldus, 16km ar [&hellip;]","og_url":"https:\/\/www.trikan.lv\/ee\/carnikavas-krostriatlons\/","og_site_name":"Tri Kan","article_publisher":"https:\/\/www.facebook.com\/profile.php?id=100095351500188","article_modified_time":"2024-07-11T18:41:03+00:00","og_image":[{"url":"https:\/\/www.trikan.lv\/wp-content\/uploads\/2024\/02\/376812282_134223706432679_4450385768282988637_n-1024x683.jpg"}],"twitter_card":"summary_large_image","twitter_misc":{"Est. reading time":"2 minutit"},"schema":{"@context":"https:\/\/schema.org","@graph":[{"@type":"WebPage","@id":"https:\/\/www.trikan.lv\/en\/carnikavas-krostriatlons\/","url":"https:\/\/www.trikan.lv\/en\/carnikavas-krostriatlons\/","name":"Carnikavas krostriatlons - Tri Kan","isPartOf":{"@id":"https:\/\/3.66.126.171\/#website"},"datePublished":"2024-01-29T07:48:19+00:00","dateModified":"2024-07-11T18:41:03+00:00","breadcrumb":{"@id":"https:\/\/www.trikan.lv\/en\/carnikavas-krostriatlons\/#breadcrumb"},"inLanguage":"et","potentialAction":[{"@type":"ReadAction","target":["https:\/\/www.trikan.lv\/en\/carnikavas-krostriatlons\/"]}]},{"@type":"BreadcrumbList","@id":"https:\/\/www.trikan.lv\/en\/carnikavas-krostriatlons\/#breadcrumb","itemListElement":[{"@type":"ListItem","position":1,"name":"Home","item":"https:\/\/3.66.126.171\/"},{"@type":"ListItem","position":2,"name":"Carnikavas krostriatlons"}]},{"@type":"WebSite","@id":"https:\/\/3.66.126.171\/#website","url":"https:\/\/3.66.126.171\/","name":"Tri Kan","description":"","publisher":{"@id":"https:\/\/3.66.126.171\/#organization"},"potentialAction":[{"@type":"SearchAction","target":{"@type":"EntryPoint","urlTemplate":"https:\/\/3.66.126.171\/?s={search_term_string}"},"query-input":"required name=search_term_string"}],"inLanguage":"et"},{"@type":"Organization","@id":"https:\/\/3.66.126.171\/#organization","name":"Tri Kan","url":"https:\/\/3.66.126.171\/","logo":{"@type":"ImageObject","inLanguage":"et","@id":"https:\/\/3.66.126.171\/#\/schema\/logo\/image\/","url":"https:\/\/www.trikan.lv\/wp-content\/uploads\/2024\/01\/Tri_Kan_LOGO3-small.jpg","contentUrl":"https:\/\/www.trikan.lv\/wp-content\/uploads\/2024\/01\/Tri_Kan_LOGO3-small.jpg","width":300,"height":159,"caption":"Tri Kan"},"image":{"@id":"https:\/\/3.66.126.171\/#\/schema\/logo\/image\/"},"sameAs":["https:\/\/www.facebook.com\/profile.php?id=100095351500188","https:\/\/www.instagram.com\/triatlona_klubs_trikan\/"]}]}},"_links":{"self":[{"href":"https:\/\/www.trikan.lv\/ee\/wp-json\/wp\/v2\/pages\/133","targetHints":{"allow":["GET"]}}],"collection":[{"href":"https:\/\/www.trikan.lv\/ee\/wp-json\/wp\/v2\/pages"}],"about":[{"href":"https:\/\/www.trikan.lv\/ee\/wp-json\/wp\/v2\/types\/page"}],"author":[{"embeddable":true,"href":"https:\/\/www.trikan.lv\/ee\/wp-json\/wp\/v2\/users\/5"}],"replies":[{"embeddable":true,"href":"https:\/\/www.trikan.lv\/ee\/wp-json\/wp\/v2\/comments?post=133"}],"version-history":[{"count":43,"href":"https:\/\/www.trikan.lv\/ee\/wp-json\/wp\/v2\/pages\/133\/revisions"}],"predecessor-version":[{"id":643,"href":"https:\/\/www.trikan.lv\/ee\/wp-json\/wp\/v2\/pages\/133\/revisions\/643"}],"wp:attachment":[{"href":"https:\/\/www.trikan.lv\/ee\/wp-json\/wp\/v2\/media?parent=133"}],"curies":[{"name":"wp","href":"https:\/\/api.w.org\/{rel}","templated":true}]}}