{"id":1283,"date":"2026-02-09T12:16:58","date_gmt":"2026-02-09T10:16:58","guid":{"rendered":"https:\/\/www.trikan.lv\/?page_id=1283"},"modified":"2026-03-25T10:22:54","modified_gmt":"2026-03-25T08:22:54","slug":"treneri","status":"publish","type":"page","link":"https:\/\/www.trikan.lv\/ee\/treneri\/","title":{"rendered":"Treenerid"},"content":{"rendered":"<div data-elementor-type=\"wp-page\" data-elementor-id=\"1283\" class=\"elementor elementor-1283\">\n\t\t\t\t<div class=\"elementor-element elementor-element-1193500 e-flex e-con-boxed e-con e-parent\" data-id=\"1193500\" data-element_type=\"container\">\n\t\t\t\t\t<div class=\"e-con-inner\">\n\t\t<div class=\"elementor-element elementor-element-e7932da e-con-full e-flex e-con e-child\" data-id=\"e7932da\" data-element_type=\"container\">\n\t\t\t\t<div class=\"elementor-element elementor-element-baf3369 elementor-widget elementor-widget-image\" data-id=\"baf3369\" data-element_type=\"widget\" data-widget_type=\"image.default\">\n\t\t\t\t<div class=\"elementor-widget-container\">\n\t\t\t\t\t\t\t\t\t\t\t\t\t<img fetchpriority=\"high\" decoding=\"async\" width=\"720\" height=\"720\" src=\"https:\/\/www.trikan.lv\/wp-content\/uploads\/2024\/02\/liepa.jpg\" class=\"attachment-large size-large wp-image-494\" alt=\"\" srcset=\"https:\/\/www.trikan.lv\/wp-content\/uploads\/2024\/02\/liepa.jpg 720w, https:\/\/www.trikan.lv\/wp-content\/uploads\/2024\/02\/liepa-300x300.jpg 300w, https:\/\/www.trikan.lv\/wp-content\/uploads\/2024\/02\/liepa-150x150.jpg 150w\" sizes=\"(max-width: 720px) 100vw, 720px\" \/>\t\t\t\t\t\t\t\t\t\t\t\t\t<\/div>\n\t\t\t\t<\/div>\n\t\t\t\t<\/div>\n\t\t<div class=\"elementor-element elementor-element-03ce64a e-con-full e-flex e-con e-child\" data-id=\"03ce64a\" data-element_type=\"container\">\n\t\t\t\t<div class=\"elementor-element elementor-element-114216e elementor-widget elementor-widget-heading\" data-id=\"114216e\" data-element_type=\"widget\" data-widget_type=\"heading.default\">\n\t\t\t\t<div class=\"elementor-widget-container\">\n\t\t\t<h2 class=\"elementor-heading-title elementor-size-default\">M\u0101ris Liepa<\/h2>\t\t<\/div>\n\t\t\t\t<\/div>\n\t\t\t\t<div class=\"elementor-element elementor-element-ca8b5a1 elementor-widget elementor-widget-text-editor\" data-id=\"ca8b5a1\" data-element_type=\"widget\" data-widget_type=\"text-editor.default\">\n\t\t\t\t<div class=\"elementor-widget-container\">\n\t\t\t\t\t\t\t<p><strong>Kes ta on?<\/strong><\/p>\n<p><span style=\"color: #0d0d0d; font-family: S\u00f6hne, ui-sans-serif, system-ui, -apple-system, 'Segoe UI', Roboto, Ubuntu, Cantarell, 'Noto Sans', sans-serif, 'Helvetica Neue', Arial, 'Apple Color Emoji', 'Segoe UI Emoji', 'Segoe UI Symbol', 'Noto Color Emoji'; white-space-collapse: preserve;\">M\u0101ris Liepa paistab silma oma rikkaliku pagasiga erinevates distsipliinides, alates l\u00fchikestest triatlonitest kuni pikkade Ironmanideni. <\/span><\/p>\n<p><span style=\"color: #0d0d0d; font-family: S\u00f6hne, ui-sans-serif, system-ui, -apple-system, 'Segoe UI', Roboto, Ubuntu, Cantarell, 'Noto Sans', sans-serif, 'Helvetica Neue', Arial, 'Apple Color Emoji', 'Segoe UI Emoji', 'Segoe UI Symbol', 'Noto Color Emoji'; white-space-collapse: preserve;\">Varases eas <\/span><span style=\"color: #0d0d0d; font-family: S\u00f6hne, ui-sans-serif, system-ui, -apple-system, 'Segoe UI', Roboto, Ubuntu, Cantarell, 'Noto Sans', sans-serif, 'Helvetica Neue', Arial, 'Apple Color Emoji', 'Segoe UI Emoji', 'Segoe UI Symbol', 'Noto Color Emoji'; white-space-collapse: preserve;\">alustas oma sportlaskarj\u00e4\u00e4ri ujumisega<\/span><span style=\"color: #0d0d0d; font-family: S\u00f6hne, ui-sans-serif, system-ui, -apple-system, 'Segoe UI', Roboto, Ubuntu, Cantarell, 'Noto Sans', sans-serif, 'Helvetica Neue', Arial, 'Apple Color Emoji', 'Segoe UI Emoji', 'Segoe UI Symbol', 'Noto Color Emoji'; white-space-collapse: preserve;\">, See on tema tugev k\u00fclg. Ta osales ka moodsa viiev\u00f5istluse v\u00f5istlustel, enne kui ta triatlonile \u00fcle l\u00e4ks. <\/span><\/p>\n<p><span style=\"color: #0d0d0d; font-family: S\u00f6hne, ui-sans-serif, system-ui, -apple-system, 'Segoe UI', Roboto, Ubuntu, Cantarell, 'Noto Sans', sans-serif, 'Helvetica Neue', Arial, 'Apple Color Emoji', 'Segoe UI Emoji', 'Segoe UI Symbol', 'Noto Color Emoji'; white-space-collapse: preserve; font-size: var( --e-global-typography-text-font-size ); font-style: var( --e-global-typography-text-font-style ); font-weight: var( --e-global-typography-text-font-weight ); letter-spacing: var( --e-global-typography-text-letter-spacing ); text-transform: var( --e-global-typography-text-text-transform ); text-align: var(--text-align); background-color: var( --e-global-color-c696dce );\">M\u0101ris Liepa on tuntud oma kire ja p\u00fchendumuse poolest, et viia oma \u00f5pilased nii triatlonirajal kui ka v\u00e4ljaspool seda.<\/span><\/p>\n<p><strong>Mida pakutakse?<\/strong><\/p>\n<p><span style=\"color: #0d0d0d; font-family: S\u00f6hne, ui-sans-serif, system-ui, -apple-system, 'Segoe UI', Roboto, Ubuntu, Cantarell, 'Noto Sans', sans-serif, 'Helvetica Neue', Arial, 'Apple Color Emoji', 'Segoe UI Emoji', 'Segoe UI Symbol', 'Noto Color Emoji'; white-space-collapse: preserve; font-size: var( --e-global-typography-text-font-size ); font-style: var( --e-global-typography-text-font-style ); font-weight: var( --e-global-typography-text-font-weight ); letter-spacing: var( --e-global-typography-text-letter-spacing ); text-transform: var( --e-global-typography-text-text-transform ); text-align: var(--text-align); background-color: var( --e-global-color-c696dce );\">M\u0101ris saab koostada igan\u00e4dalase kohandatud programmi eesm\u00e4rkide ja f\u00fc\u00fcsiliste v\u00f5imete jaoks ning kohtuda basseinis, et \u00f5ppida \u00f5igesti ujuma v\u00f5i parandada oma olemasolevaid tulemusi. Kui on soov t\u00f6\u00f6tada jooksutehnika kallal, siis on v\u00f5imalik kohtuda manee\u017eis ja p\u00f6\u00f6rata sellele suuremat t\u00e4helepanu.<\/span><\/p><p><span style=\"color: rgb(13, 13, 13); font-family: S\u00f6hne, ui-sans-serif, system-ui, -apple-system, &quot;Segoe UI&quot;, Roboto, Ubuntu, Cantarell, &quot;Noto Sans&quot;, sans-serif, &quot;Helvetica Neue&quot;, Arial, &quot;Apple Color Emoji&quot;, &quot;Segoe UI Emoji&quot;, &quot;Segoe UI Symbol&quot;, &quot;Noto Color Emoji&quot;; font-size: var( --e-global-typography-text-font-size ); font-style: var( --e-global-typography-text-font-style ); letter-spacing: var( --e-global-typography-text-letter-spacing ); text-align: var(--text-align); text-transform: var( --e-global-typography-text-text-transform ); white-space-collapse: preserve;\"><b>Kontakt: marim.liepam@gmail.com<\/b><\/span><br><\/p>\t\t\t\t\t\t<\/div>\n\t\t\t\t<\/div>\n\t\t\t\t<\/div>\n\t\t\t\t\t<\/div>\n\t\t\t\t<\/div>\n\t\t<div class=\"elementor-element elementor-element-a79a397 e-flex e-con-boxed e-con e-parent\" data-id=\"a79a397\" data-element_type=\"container\" data-settings=\"{&quot;background_background&quot;:&quot;gradient&quot;}\">\n\t\t\t\t\t<div class=\"e-con-inner\">\n\t\t\t\t<div class=\"elementor-element elementor-element-94c6805 elementor-widget elementor-widget-text-editor\" data-id=\"94c6805\" data-element_type=\"widget\" data-widget_type=\"text-editor.default\">\n\t\t\t\t<div class=\"elementor-widget-container\">\n\t\t\t\t\t\t\t<h3>ISIKLIK TREENINGPLAAN<\/h3><h5>KOOS TREENERIGA SAAB KOOSTADA TREENINGPLAANI, MIS VASTAB EESM\u00c4RKIDELE, ELUSTIILILE JA F\u00dc\u00dcSILISELE VORMILE.<\/h5>\t\t\t\t\t\t<\/div>\n\t\t\t\t<\/div>\n\t\t\t\t\t<\/div>\n\t\t\t\t<\/div>\n\t\t<div class=\"elementor-element elementor-element-be6b0a9 e-flex e-con-boxed e-con e-parent\" data-id=\"be6b0a9\" data-element_type=\"container\">\n\t\t\t\t\t<div class=\"e-con-inner\">\n\t\t<div class=\"elementor-element elementor-element-2b4aef0 e-con-full e-flex e-con e-child\" data-id=\"2b4aef0\" data-element_type=\"container\">\n\t\t\t\t<div class=\"elementor-element elementor-element-d73e870 elementor-widget elementor-widget-image\" data-id=\"d73e870\" data-element_type=\"widget\" data-widget_type=\"image.default\">\n\t\t\t\t<div class=\"elementor-widget-container\">\n\t\t\t\t\t\t\t\t\t\t\t\t\t<img decoding=\"async\" width=\"758\" height=\"1024\" src=\"https:\/\/www.trikan.lv\/wp-content\/uploads\/2024\/02\/liepa-2-758x1024.jpg\" class=\"attachment-large size-large wp-image-493\" alt=\"\" srcset=\"https:\/\/www.trikan.lv\/wp-content\/uploads\/2024\/02\/liepa-2-758x1024.jpg 758w, https:\/\/www.trikan.lv\/wp-content\/uploads\/2024\/02\/liepa-2-222x300.jpg 222w, https:\/\/www.trikan.lv\/wp-content\/uploads\/2024\/02\/liepa-2-768x1037.jpg 768w, https:\/\/www.trikan.lv\/wp-content\/uploads\/2024\/02\/liepa-2-1137x1536.jpg 1137w, https:\/\/www.trikan.lv\/wp-content\/uploads\/2024\/02\/liepa-2.jpg 1304w\" sizes=\"(max-width: 758px) 100vw, 758px\" \/>\t\t\t\t\t\t\t\t\t\t\t\t\t<\/div>\n\t\t\t\t<\/div>\n\t\t\t\t<\/div>\n\t\t<div class=\"elementor-element elementor-element-2bcaba2 e-con-full e-flex e-con e-child\" data-id=\"2bcaba2\" data-element_type=\"container\">\n\t\t\t\t<div class=\"elementor-element elementor-element-491ce60 elementor-widget elementor-widget-text-editor\" data-id=\"491ce60\" data-element_type=\"widget\" data-widget_type=\"text-editor.default\">\n\t\t\t\t<div class=\"elementor-widget-container\">\n\t\t\t\t\t\t\t<h2><strong>Treenerite n\u00f5uanded<\/strong><\/h2><ol><li><h5>Kord n\u00e4dalas on kasulik k\u00e4ia saunas.<\/h5><\/li><li><h5>Haiguste v\u00e4ltimiseks joo C-vitamiini.<\/h5><\/li><li><h5>P\u00e4rast jooksmist venita end kindlasti.<\/h5><\/li><li><h5>Kas s\u00fcsivesikutega?<\/h5><\/li><li><h5>M\u00e4\u00e4ra endale eesm\u00e4rk.<\/h5><\/li><\/ol>\t\t\t\t\t\t<\/div>\n\t\t\t\t<\/div>\n\t\t\t\t<\/div>\n\t\t\t\t\t<\/div>\n\t\t\t\t<\/div>\n\t\t\t\t<\/div>","protected":false},"excerpt":{"rendered":"<p>M\u0101ris Liepa Kes ta on? M\u0101ris Liepa paistab silma oma rikkaliku pagasiga erinevates distsipliinides, alates l\u00fchikestest triatlonidistantsidest kuni pikkade Ironmanideni. Juba varases eas alustas ta oma sportlikku teekonda ujumisega, mis on tema tugev k\u00fclg. Ta on osalenud ka moodsa viiev\u00f5istluse alal, enne kui ta triatlonile \u00fcle l\u00e4ks. M\u0101ris Liepa on tuntud oma kire ja entusiasmi poolest, et juhtida oma [\u2026]<\/p>","protected":false},"author":1,"featured_media":0,"parent":0,"menu_order":0,"comment_status":"closed","ping_status":"closed","template":"","meta":{"footnotes":""},"class_list":["post-1283","page","type-page","status-publish","hentry"],"yoast_head":"<!-- This site is optimized with the Yoast SEO plugin v22.0 - https:\/\/yoast.com\/wordpress\/plugins\/seo\/ -->\n<title>Treneri - Tri Kan<\/title>\n<meta name=\"robots\" content=\"index, follow, max-snippet:-1, max-image-preview:large, max-video-preview:-1\" \/>\n<link rel=\"canonical\" href=\"https:\/\/www.trikan.lv\/ee\/treneri\/\" \/>\n<meta property=\"og:locale\" content=\"et_EE\" \/>\n<meta property=\"og:type\" content=\"article\" \/>\n<meta property=\"og:title\" content=\"Treneri - Tri Kan\" \/>\n<meta property=\"og:description\" content=\"M\u0101ris Liepa Kas vi\u0146\u0161 ir? M\u0101ris Liepa izce\u013cas ar savu bag\u0101to bag\u0101\u017eu da\u017e\u0101d\u0101s discipl\u012bn\u0101s, s\u0101kot no \u012bsaj\u0101m triatlona distanc\u0113m l\u012bdz pat garajiem Ironman. Agr\u0101 vecum\u0101 s\u0101cis savas sportisk\u0101s gaitas peld\u0113\u0161an\u0101, t\u0101 ir vi\u0146a stipr\u0101 puse. Piedal\u012bjies ar\u012b modernaj\u0101 piecc\u012b\u0146\u0101, pirms p\u0101rg\u0101jis uz triatlonu. M\u0101ris Liepa ir paz\u012bstams ar savu aizraut\u012bbu un dedz\u012bbu, lai vad\u012btu savus [&hellip;]\" \/>\n<meta property=\"og:url\" content=\"https:\/\/www.trikan.lv\/ee\/treneri\/\" \/>\n<meta property=\"og:site_name\" content=\"Tri Kan\" \/>\n<meta property=\"article:publisher\" content=\"https:\/\/www.facebook.com\/profile.php?id=100095351500188\" \/>\n<meta property=\"article:modified_time\" content=\"2026-03-25T08:22:54+00:00\" \/>\n<meta property=\"og:image\" content=\"https:\/\/www.trikan.lv\/wp-content\/uploads\/2024\/02\/liepa.jpg\" \/>\n<meta name=\"twitter:card\" content=\"summary_large_image\" \/>\n<meta name=\"twitter:label1\" content=\"Est. reading time\" \/>\n\t<meta name=\"twitter:data1\" content=\"2 minutit\" \/>\n<script type=\"application\/ld+json\" class=\"yoast-schema-graph\">{\"@context\":\"https:\/\/schema.org\",\"@graph\":[{\"@type\":\"WebPage\",\"@id\":\"https:\/\/www.trikan.lv\/ee\/treneri\/\",\"url\":\"https:\/\/www.trikan.lv\/ee\/treneri\/\",\"name\":\"Treneri - Tri Kan\",\"isPartOf\":{\"@id\":\"https:\/\/3.66.126.171:80\/#website\"},\"datePublished\":\"2026-02-09T10:16:58+00:00\",\"dateModified\":\"2026-03-25T08:22:54+00:00\",\"breadcrumb\":{\"@id\":\"https:\/\/www.trikan.lv\/ee\/treneri\/#breadcrumb\"},\"inLanguage\":\"et\",\"potentialAction\":[{\"@type\":\"ReadAction\",\"target\":[\"https:\/\/www.trikan.lv\/ee\/treneri\/\"]}]},{\"@type\":\"BreadcrumbList\",\"@id\":\"https:\/\/www.trikan.lv\/ee\/treneri\/#breadcrumb\",\"itemListElement\":[{\"@type\":\"ListItem\",\"position\":1,\"name\":\"Home\",\"item\":\"https:\/\/3.66.126.171\/\"},{\"@type\":\"ListItem\",\"position\":2,\"name\":\"Treneri\"}]},{\"@type\":\"WebSite\",\"@id\":\"https:\/\/3.66.126.171:80\/#website\",\"url\":\"https:\/\/3.66.126.171:80\/\",\"name\":\"Tri Kan\",\"description\":\"\",\"publisher\":{\"@id\":\"https:\/\/3.66.126.171:80\/#organization\"},\"potentialAction\":[{\"@type\":\"SearchAction\",\"target\":{\"@type\":\"EntryPoint\",\"urlTemplate\":\"https:\/\/3.66.126.171:80\/?s={search_term_string}\"},\"query-input\":\"required name=search_term_string\"}],\"inLanguage\":\"et\"},{\"@type\":\"Organization\",\"@id\":\"https:\/\/3.66.126.171:80\/#organization\",\"name\":\"Tri Kan\",\"url\":\"https:\/\/3.66.126.171:80\/\",\"logo\":{\"@type\":\"ImageObject\",\"inLanguage\":\"et\",\"@id\":\"https:\/\/3.66.126.171:80\/#\/schema\/logo\/image\/\",\"url\":\"https:\/\/www.trikan.lv\/wp-content\/uploads\/2024\/01\/Tri_Kan_LOGO3-small.jpg\",\"contentUrl\":\"https:\/\/www.trikan.lv\/wp-content\/uploads\/2024\/01\/Tri_Kan_LOGO3-small.jpg\",\"width\":300,\"height\":159,\"caption\":\"Tri Kan\"},\"image\":{\"@id\":\"https:\/\/3.66.126.171:80\/#\/schema\/logo\/image\/\"},\"sameAs\":[\"https:\/\/www.facebook.com\/profile.php?id=100095351500188\",\"https:\/\/www.instagram.com\/triatlona_klubs_trikan\/\"]}]}<\/script>\n<!-- \/ Yoast SEO plugin. -->","yoast_head_json":{"title":"Treneri - Tri Kan","robots":{"index":"index","follow":"follow","max-snippet":"max-snippet:-1","max-image-preview":"max-image-preview:large","max-video-preview":"max-video-preview:-1"},"canonical":"https:\/\/www.trikan.lv\/ee\/treneri\/","og_locale":"et_EE","og_type":"article","og_title":"Treneri - Tri Kan","og_description":"M\u0101ris Liepa Kas vi\u0146\u0161 ir? M\u0101ris Liepa izce\u013cas ar savu bag\u0101to bag\u0101\u017eu da\u017e\u0101d\u0101s discipl\u012bn\u0101s, s\u0101kot no \u012bsaj\u0101m triatlona distanc\u0113m l\u012bdz pat garajiem Ironman. Agr\u0101 vecum\u0101 s\u0101cis savas sportisk\u0101s gaitas peld\u0113\u0161an\u0101, t\u0101 ir vi\u0146a stipr\u0101 puse. Piedal\u012bjies ar\u012b modernaj\u0101 piecc\u012b\u0146\u0101, pirms p\u0101rg\u0101jis uz triatlonu. M\u0101ris Liepa ir paz\u012bstams ar savu aizraut\u012bbu un dedz\u012bbu, lai vad\u012btu savus [&hellip;]","og_url":"https:\/\/www.trikan.lv\/ee\/treneri\/","og_site_name":"Tri Kan","article_publisher":"https:\/\/www.facebook.com\/profile.php?id=100095351500188","article_modified_time":"2026-03-25T08:22:54+00:00","og_image":[{"url":"https:\/\/www.trikan.lv\/wp-content\/uploads\/2024\/02\/liepa.jpg"}],"twitter_card":"summary_large_image","twitter_misc":{"Est. reading time":"2 minutit"},"schema":{"@context":"https:\/\/schema.org","@graph":[{"@type":"WebPage","@id":"https:\/\/www.trikan.lv\/ee\/treneri\/","url":"https:\/\/www.trikan.lv\/ee\/treneri\/","name":"Treneri - Tri Kan","isPartOf":{"@id":"https:\/\/3.66.126.171:80\/#website"},"datePublished":"2026-02-09T10:16:58+00:00","dateModified":"2026-03-25T08:22:54+00:00","breadcrumb":{"@id":"https:\/\/www.trikan.lv\/ee\/treneri\/#breadcrumb"},"inLanguage":"et","potentialAction":[{"@type":"ReadAction","target":["https:\/\/www.trikan.lv\/ee\/treneri\/"]}]},{"@type":"BreadcrumbList","@id":"https:\/\/www.trikan.lv\/ee\/treneri\/#breadcrumb","itemListElement":[{"@type":"ListItem","position":1,"name":"Home","item":"https:\/\/3.66.126.171\/"},{"@type":"ListItem","position":2,"name":"Treneri"}]},{"@type":"WebSite","@id":"https:\/\/3.66.126.171:80\/#website","url":"https:\/\/3.66.126.171:80\/","name":"Tri Kan","description":"","publisher":{"@id":"https:\/\/3.66.126.171:80\/#organization"},"potentialAction":[{"@type":"SearchAction","target":{"@type":"EntryPoint","urlTemplate":"https:\/\/3.66.126.171:80\/?s={search_term_string}"},"query-input":"required name=search_term_string"}],"inLanguage":"et"},{"@type":"Organization","@id":"https:\/\/3.66.126.171:80\/#organization","name":"Tri Kan","url":"https:\/\/3.66.126.171:80\/","logo":{"@type":"ImageObject","inLanguage":"et","@id":"https:\/\/3.66.126.171:80\/#\/schema\/logo\/image\/","url":"https:\/\/www.trikan.lv\/wp-content\/uploads\/2024\/01\/Tri_Kan_LOGO3-small.jpg","contentUrl":"https:\/\/www.trikan.lv\/wp-content\/uploads\/2024\/01\/Tri_Kan_LOGO3-small.jpg","width":300,"height":159,"caption":"Tri Kan"},"image":{"@id":"https:\/\/3.66.126.171:80\/#\/schema\/logo\/image\/"},"sameAs":["https:\/\/www.facebook.com\/profile.php?id=100095351500188","https:\/\/www.instagram.com\/triatlona_klubs_trikan\/"]}]}},"_links":{"self":[{"href":"https:\/\/www.trikan.lv\/ee\/wp-json\/wp\/v2\/pages\/1283","targetHints":{"allow":["GET"]}}],"collection":[{"href":"https:\/\/www.trikan.lv\/ee\/wp-json\/wp\/v2\/pages"}],"about":[{"href":"https:\/\/www.trikan.lv\/ee\/wp-json\/wp\/v2\/types\/page"}],"author":[{"embeddable":true,"href":"https:\/\/www.trikan.lv\/ee\/wp-json\/wp\/v2\/users\/1"}],"replies":[{"embeddable":true,"href":"https:\/\/www.trikan.lv\/ee\/wp-json\/wp\/v2\/comments?post=1283"}],"version-history":[{"count":7,"href":"https:\/\/www.trikan.lv\/ee\/wp-json\/wp\/v2\/pages\/1283\/revisions"}],"predecessor-version":[{"id":1372,"href":"https:\/\/www.trikan.lv\/ee\/wp-json\/wp\/v2\/pages\/1283\/revisions\/1372"}],"wp:attachment":[{"href":"https:\/\/www.trikan.lv\/ee\/wp-json\/wp\/v2\/media?parent=1283"}],"curies":[{"name":"wp","href":"https:\/\/api.w.org\/{rel}","templated":true}]}}